{"id":11881,"date":"2024-01-21T00:40:00","date_gmt":"2024-01-21T00:40:00","guid":{"rendered":"https:\/\/slewingbearings.com\/product\/sea-14-entrainement-d-orientation\/"},"modified":"2024-01-21T00:40:00","modified_gmt":"2024-01-21T00:40:00","slug":"sea-14-entrainement-d-orientation","status":"publish","type":"product","link":"https:\/\/slewingbearings.com\/de\/product\/sea-14-entrainement-d-orientation\/","title":{"rendered":"SEA-14 Entra\u00eenement d&#8216; orientation"},"content":{"rendered":"<p>Les syst\u00e8mes d&#8217;entra\u00eenement \u00e0 rotation dans les machines agricoles sont souvent utilis\u00e9s pour permettre la rotation d&#8217;\u00e9quipements ou d&#8217;outils dans une direction horizontale. Une telle conception peut accro\u00eetre la flexibilit\u00e9 des machines agricoles, en facilitant leur adaptation \u00e0 diff\u00e9rents environnements de travail et \u00e0 diff\u00e9rentes t\u00e2ches. Voici quelques caract\u00e9ristiques communes aux entra\u00eenements \u00e0 balancier des machines agricoles :  <\/p>\n<ul>\n<li>Capacit\u00e9 de rotation \u00e0 360 degr\u00e9s : Permet \u00e0 l&#8217;\u00e9quipement de pivoter compl\u00e8tement \u00e0 l&#8217;horizontale, ce qui \u00e9largit la plage de travail et r\u00e9duit la fr\u00e9quence des d\u00e9placements de l&#8217;ensemble de l&#8217;\u00e9quipement m\u00e9canique.<\/li>\n<li>Positionnement pr\u00e9cis : Les syst\u00e8mes d&#8217;entra\u00eenement rotatifs sont g\u00e9n\u00e9ralement con\u00e7us pour positionner l&#8217;\u00e9quipement avec pr\u00e9cision, ce qui permet aux op\u00e9rateurs de placer facilement les outils ou l&#8217;\u00e9quipement l\u00e0 o\u00f9 ils sont n\u00e9cessaires.<\/li>\n<li>Gesteigerte Effizienz: Mit Landmaschinen, die \u00fcber einen Schwenkantrieb verf\u00fcgen, k\u00f6nnen die Bediener ihre Arbeitsposition schneller anpassen und so die Arbeitseffizienz steigern.<\/li>\n<\/ul>\n\n<table id=\"tablepress-27\" class=\"tablepress tablepress-id-27\">\n<thead>\n<tr class=\"row-1\">\n\t<th class=\"column-1\">Model<\/th><th class=\"column-2\">Output Torque<\/th><th class=\"column-3\">Tilting Moment Torque<\/th><th class=\"column-4\">Holding Torque<\/th><th class=\"column-5\">Gear Ratio<\/th><th class=\"column-6\">Tracking Precision<\/th><th class=\"column-7\">Weight<\/th><th class=\"column-8\">Drawing<\/th>\n<\/tr>\n<\/thead>\n<tbody class=\"row-striping row-hover\">\n<tr class=\"row-2\">\n\t<td class=\"column-1\">SEA14<\/td><td class=\"column-2\">8 KN.m<\/td><td class=\"column-3\">67.8 KN.m<\/td><td class=\"column-4\">48 KN.m<\/td><td class=\"column-5\">85:1<\/td><td class=\"column-6\">\u22640.17\u00b0<\/td><td class=\"column-7\">64kg<\/td><td class=\"column-8\"><a href=\"https:\/\/slewingbearings.com\/wp-content\/uploads\/2024\/01\/SEA14-Slew-Drive-catalog.pdf\"><br \/>\n<img decoding=\"async\" src=\"https:\/\/slewingbearings.com\/wp-content\/uploads\/2024\/01\/pdf.png\" width=\"30\" height=\"30\"><\/a><\/td>\n<\/tr>\n<tr class=\"row-3\">\n\t<td class=\"column-1\">SEA14<\/td><td class=\"column-2\">5900 lbf.ft<\/td><td class=\"column-3\">50\u00d710\u00b3 lbf.ft<\/td><td class=\"column-4\">35\u00d710\u00b3 lbf.ft<\/td><td class=\"column-5\">85:1<\/td><td class=\"column-6\">\u22640.17\u00b0<\/td><td class=\"column-7\">64kg<\/td><td class=\"column-8\"><a href=\"https:\/\/slewingbearings.com\/wp-content\/uploads\/2024\/01\/SEA14-Slew-Drive-catalog.pdf\"><br \/>\n<img decoding=\"async\" src=\"https:\/\/slewingbearings.com\/wp-content\/uploads\/2024\/01\/pdf.png\" width=\"30\" height=\"30\"><\/a><\/td>\n<\/tr>\n<tr class=\"row-4\">\n\t<td class=\"column-1\">PEA14<\/td><td class=\"column-2\">8 KN.m<\/td><td class=\"column-3\">67.8 KN.m<\/td><td class=\"column-4\">48 KN.m<\/td><td class=\"column-5\">85:1<\/td><td class=\"column-6\">\u22640.09\u00b0<\/td><td class=\"column-7\">64kg<\/td><td class=\"column-8\"><a href=\"https:\/\/slewingbearings.com\/wp-content\/uploads\/2024\/01\/SEA14-Slew-Drive-catalog.pdf\"><br \/>\n<img decoding=\"async\" src=\"https:\/\/slewingbearings.com\/wp-content\/uploads\/2024\/01\/pdf.png\" width=\"30\" height=\"30\"><\/a><\/td>\n<\/tr>\n<tr class=\"row-5\">\n\t<td class=\"column-1\">PEA14<\/td><td class=\"column-2\">5900 lbf.ft<\/td><td class=\"column-3\">50\u00d710\u00b3 lbf.ft<\/td><td class=\"column-4\">35\u00d710\u00b3 lbf.ft<\/td><td class=\"column-5\">85:1<\/td><td class=\"column-6\">\u22640.09\u00b0<\/td><td class=\"column-7\">64kg<\/td><td class=\"column-8\"><a href=\"https:\/\/slewingbearings.com\/wp-content\/uploads\/2024\/01\/SEA14-Slew-Drive-catalog.pdf\"><br \/>\n<img decoding=\"async\" src=\"https:\/\/slewingbearings.com\/wp-content\/uploads\/2024\/01\/pdf.png\" width=\"30\" height=\"30\"><\/a><\/td>\n<\/tr>\n<\/tbody>\n<\/table>\n<!-- #tablepress-27 from cache -->\n","protected":false},"excerpt":{"rendered":"<p>Der Schwenkantrieb der Serie SEA ist ein mechanisches Schl\u00fcsselsystem, dessen Hauptfunktion darin besteht, die Drehung der Ausr\u00fcstung um 360 Grad in horizontaler Richtung zu erm\u00f6glichen. Diese Technologie zeichnet sich durch ihre extreme Flexibilit\u00e4t und Anpassungsf\u00e4higkeit aus und erm\u00f6glicht die Anpassung von Maschinen und Anlagen an unterschiedliche Branchen und Arbeitsumgebungen. Dank der pr\u00e4zisen Positionierbarkeit des Schwenkantriebs k\u00f6nnen die Ger\u00e4te exakt an der gew\u00fcnschten Position bleiben und verschiedene heikle Arbeitsaufgaben ausf\u00fchren.  <\/p>\n","protected":false},"featured_media":6178,"comment_status":"open","ping_status":"closed","template":"","meta":{"content-type":""},"product_cat":[611,326],"product_tag":[626],"class_list":{"0":"post-11881","1":"product","2":"type-product","3":"status-publish","4":"has-post-thumbnail","6":"product_cat-sea-pea-schwenkantrieb","7":"product_cat-slew-drive-de","8":"product_tag-sea14-drehantrieb","10":"first","11":"instock","12":"shipping-taxable","13":"product-type-simple"},"yoast_head":"<!-- This site is optimized with the Yoast SEO plugin v21.7 - https:\/\/yoast.com\/wordpress\/plugins\/seo\/ -->\n<title>SEA-14 Entra\u00eenement d&#039; orientation - ZZ Group<\/title>\n<meta name=\"description\" content=\"Ein Sea14-Schwenkantrieb ist ein technisches Ger\u00e4t , das in der Regel dazu dient , ein Objekt oder System in horizontaler oder vertikaler Richtung zu drehen.\" \/>\n<meta name=\"robots\" content=\"index, follow, max-snippet:-1, max-image-preview:large, max-video-preview:-1\" \/>\n<link rel=\"canonical\" href=\"https:\/\/slewingbearings.com\/de\/product\/sea-14-entrainement-d-orientation\/\" \/>\n<meta property=\"og:locale\" content=\"de_DE\" \/>\n<meta property=\"og:type\" content=\"article\" \/>\n<meta property=\"og:title\" content=\"SEA-14 Entra\u00eenement d&#039; orientation - ZZ Group\" \/>\n<meta property=\"og:description\" content=\"Ein Sea14-Schwenkantrieb ist ein technisches Ger\u00e4t , das in der Regel dazu dient , ein Objekt oder System in horizontaler oder vertikaler Richtung zu drehen.\" \/>\n<meta property=\"og:url\" content=\"https:\/\/slewingbearings.com\/de\/product\/sea-14-entrainement-d-orientation\/\" \/>\n<meta property=\"og:site_name\" content=\"ZZ Group\" \/>\n<meta property=\"og:image\" content=\"https:\/\/slewingbearings.com\/wp-content\/uploads\/2024\/01\/sea14-slew-drive.jpg\" \/>\n\t<meta property=\"og:image:width\" content=\"500\" \/>\n\t<meta property=\"og:image:height\" content=\"500\" \/>\n\t<meta property=\"og:image:type\" content=\"image\/jpeg\" \/>\n<meta name=\"twitter:card\" content=\"summary_large_image\" \/>\n<meta name=\"twitter:label1\" content=\"Gesch\u00e4tzte Lesezeit\" \/>\n\t<meta name=\"twitter:data1\" content=\"1\u00a0Minute\" \/>\n<script type=\"application\/ld+json\" class=\"yoast-schema-graph\">{\"@context\":\"https:\/\/schema.org\",\"@graph\":[{\"@type\":\"WebPage\",\"@id\":\"https:\/\/slewingbearings.com\/de\/product\/sea-14-entrainement-d-orientation\/\",\"url\":\"https:\/\/slewingbearings.com\/de\/product\/sea-14-entrainement-d-orientation\/\",\"name\":\"SEA-14 Entra\u00eenement d' orientation - ZZ Group\",\"isPartOf\":{\"@id\":\"https:\/\/slewingbearings.com\/#website\"},\"datePublished\":\"2024-01-21T00:40:00+00:00\",\"dateModified\":\"2024-01-21T00:40:00+00:00\",\"description\":\"Ein Sea14-Schwenkantrieb ist ein technisches Ger\u00e4t , das in der Regel dazu dient , ein Objekt oder System in horizontaler oder vertikaler Richtung zu drehen.\",\"breadcrumb\":{\"@id\":\"https:\/\/slewingbearings.com\/de\/product\/sea-14-entrainement-d-orientation\/#breadcrumb\"},\"inLanguage\":\"de\",\"potentialAction\":[{\"@type\":\"ReadAction\",\"target\":[\"https:\/\/slewingbearings.com\/de\/product\/sea-14-entrainement-d-orientation\/\"]}]},{\"@type\":\"BreadcrumbList\",\"@id\":\"https:\/\/slewingbearings.com\/de\/product\/sea-14-entrainement-d-orientation\/#breadcrumb\",\"itemListElement\":[{\"@type\":\"ListItem\",\"position\":1,\"name\":\"Home\",\"item\":\"https:\/\/slewingbearings.com\/de\/grosswaelzlager-grosswaelzlagerantrieb\/\"},{\"@type\":\"ListItem\",\"position\":2,\"name\":\"Shop\",\"item\":\"https:\/\/slewingbearings.com\/shop\/\"},{\"@type\":\"ListItem\",\"position\":3,\"name\":\"SEA-14 Entra\u00eenement d&#8217; orientation\"}]},{\"@type\":\"WebSite\",\"@id\":\"https:\/\/slewingbearings.com\/#website\",\"url\":\"https:\/\/slewingbearings.com\/\",\"name\":\"ZZ Group\",\"description\":\"Leading Slewing Bearings in China\",\"potentialAction\":[{\"@type\":\"SearchAction\",\"target\":{\"@type\":\"EntryPoint\",\"urlTemplate\":\"https:\/\/slewingbearings.com\/?s={search_term_string}\"},\"query-input\":\"required name=search_term_string\"}],\"inLanguage\":\"de\"}]}<\/script>\n<!-- \/ Yoast SEO plugin. -->","yoast_head_json":{"title":"SEA-14 Entra\u00eenement d' orientation - ZZ Group","description":"Ein Sea14-Schwenkantrieb ist ein technisches Ger\u00e4t , das in der Regel dazu dient , ein Objekt oder System in horizontaler oder vertikaler Richtung zu drehen.","robots":{"index":"index","follow":"follow","max-snippet":"max-snippet:-1","max-image-preview":"max-image-preview:large","max-video-preview":"max-video-preview:-1"},"canonical":"https:\/\/slewingbearings.com\/de\/product\/sea-14-entrainement-d-orientation\/","og_locale":"de_DE","og_type":"article","og_title":"SEA-14 Entra\u00eenement d' orientation - ZZ Group","og_description":"Ein Sea14-Schwenkantrieb ist ein technisches Ger\u00e4t , das in der Regel dazu dient , ein Objekt oder System in horizontaler oder vertikaler Richtung zu drehen.","og_url":"https:\/\/slewingbearings.com\/de\/product\/sea-14-entrainement-d-orientation\/","og_site_name":"ZZ Group","og_image":[{"width":500,"height":500,"url":"https:\/\/slewingbearings.com\/wp-content\/uploads\/2024\/01\/sea14-slew-drive.jpg","type":"image\/jpeg"}],"twitter_card":"summary_large_image","twitter_misc":{"Gesch\u00e4tzte Lesezeit":"1\u00a0Minute"},"schema":{"@context":"https:\/\/schema.org","@graph":[{"@type":"WebPage","@id":"https:\/\/slewingbearings.com\/de\/product\/sea-14-entrainement-d-orientation\/","url":"https:\/\/slewingbearings.com\/de\/product\/sea-14-entrainement-d-orientation\/","name":"SEA-14 Entra\u00eenement d' orientation - ZZ Group","isPartOf":{"@id":"https:\/\/slewingbearings.com\/#website"},"datePublished":"2024-01-21T00:40:00+00:00","dateModified":"2024-01-21T00:40:00+00:00","description":"Ein Sea14-Schwenkantrieb ist ein technisches Ger\u00e4t , das in der Regel dazu dient , ein Objekt oder System in horizontaler oder vertikaler Richtung zu drehen.","breadcrumb":{"@id":"https:\/\/slewingbearings.com\/de\/product\/sea-14-entrainement-d-orientation\/#breadcrumb"},"inLanguage":"de","potentialAction":[{"@type":"ReadAction","target":["https:\/\/slewingbearings.com\/de\/product\/sea-14-entrainement-d-orientation\/"]}]},{"@type":"BreadcrumbList","@id":"https:\/\/slewingbearings.com\/de\/product\/sea-14-entrainement-d-orientation\/#breadcrumb","itemListElement":[{"@type":"ListItem","position":1,"name":"Home","item":"https:\/\/slewingbearings.com\/de\/grosswaelzlager-grosswaelzlagerantrieb\/"},{"@type":"ListItem","position":2,"name":"Shop","item":"https:\/\/slewingbearings.com\/shop\/"},{"@type":"ListItem","position":3,"name":"SEA-14 Entra\u00eenement d&#8217; orientation"}]},{"@type":"WebSite","@id":"https:\/\/slewingbearings.com\/#website","url":"https:\/\/slewingbearings.com\/","name":"ZZ Group","description":"Leading Slewing Bearings in China","potentialAction":[{"@type":"SearchAction","target":{"@type":"EntryPoint","urlTemplate":"https:\/\/slewingbearings.com\/?s={search_term_string}"},"query-input":"required name=search_term_string"}],"inLanguage":"de"}]}},"_links":{"self":[{"href":"https:\/\/slewingbearings.com\/de\/wp-json\/wp\/v2\/product\/11881","targetHints":{"allow":["GET"]}}],"collection":[{"href":"https:\/\/slewingbearings.com\/de\/wp-json\/wp\/v2\/product"}],"about":[{"href":"https:\/\/slewingbearings.com\/de\/wp-json\/wp\/v2\/types\/product"}],"replies":[{"embeddable":true,"href":"https:\/\/slewingbearings.com\/de\/wp-json\/wp\/v2\/comments?post=11881"}],"wp:featuredmedia":[{"embeddable":true,"href":"https:\/\/slewingbearings.com\/de\/wp-json\/wp\/v2\/media\/6178"}],"wp:attachment":[{"href":"https:\/\/slewingbearings.com\/de\/wp-json\/wp\/v2\/media?parent=11881"}],"wp:term":[{"taxonomy":"product_cat","embeddable":true,"href":"https:\/\/slewingbearings.com\/de\/wp-json\/wp\/v2\/product_cat?post=11881"},{"taxonomy":"product_tag","embeddable":true,"href":"https:\/\/slewingbearings.com\/de\/wp-json\/wp\/v2\/product_tag?post=11881"}],"curies":[{"name":"wp","href":"https:\/\/api.w.org\/{rel}","templated":true}]}}