{"id":11869,"date":"2024-01-21T00:25:27","date_gmt":"2024-01-21T00:25:27","guid":{"rendered":"https:\/\/slewingbearings.com\/product\/sea-9-schwungantrieb\/"},"modified":"2024-01-21T00:25:27","modified_gmt":"2024-01-21T00:25:27","slug":"sea-9-schwungantrieb","status":"publish","type":"product","link":"https:\/\/slewingbearings.com\/de\/product\/sea-9-schwungantrieb\/","title":{"rendered":"SEA-9 Schwungantrieb"},"content":{"rendered":"<p>Schwenksysteme in Landmaschinen werden h\u00e4ufig eingesetzt, um Ger\u00e4te oder Werkzeuge in horizontaler Richtung drehen zu k\u00f6nnen. Eine solche Konstruktion kann die Flexibilit\u00e4t von Landmaschinen erh\u00f6hen und ihre Anpassung an unterschiedliche Arbeitsumgebungen und Aufgaben erleichtern. Hier sind einige gemeinsame Merkmale der Schwenkantriebe von Landmaschinen:  <\/p>\n<ul>\n<li>360-Grad-Drehbarkeit: Erm\u00f6glicht die vollst\u00e4ndige horizontale Drehung des Ger\u00e4ts, wodurch ein gr\u00f6\u00dferer Arbeitsbereich entsteht und die gesamte mechanische Ausr\u00fcstung seltener bewegt werden muss.<\/li>\n<li>Pr\u00e4zise Positionierung: Drehantriebssysteme sind in der Regel so konstruiert , dass sie Ger\u00e4te pr\u00e4zise positionieren, so dass die Bediener Werkzeuge oder Ger\u00e4te leicht dort platzieren k\u00f6nnen , wo sie ben\u00f6tigt werden.<\/li>\n<li>Gesteigerte Effizienz: Mit Landmaschinen, die \u00fcber einen Schwenkantrieb verf\u00fcgen, k\u00f6nnen die Bediener ihre Arbeitsposition schneller anpassen und so die Arbeitseffizienz steigern.<\/li>\n<\/ul>\n\n<table id=\"tablepress-25\" class=\"tablepress tablepress-id-25\">\n<thead>\n<tr class=\"row-1\">\n\t<th class=\"column-1\">Model<\/th><th class=\"column-2\">Output Torque<\/th><th class=\"column-3\">Tilting Moment Torque<\/th><th class=\"column-4\">Holding Torque<\/th><th class=\"column-5\">Gear Ratio<\/th><th class=\"column-6\">Tracking Precision<\/th><th class=\"column-7\">Weight<\/th><th class=\"column-8\">Drawing<\/th>\n<\/tr>\n<\/thead>\n<tbody class=\"row-striping row-hover\">\n<tr class=\"row-2\">\n\t<td class=\"column-1\">SEA9<\/td><td class=\"column-2\">6.5 KN.m<\/td><td class=\"column-3\">33.9 KN.m<\/td><td class=\"column-4\">34.5 KN.m<\/td><td class=\"column-5\">61:1<\/td><td class=\"column-6\">\u22640.17\u00b0<\/td><td class=\"column-7\">48kg<\/td><td class=\"column-8\"><a href=\"https:\/\/slewingbearings.com\/wp-content\/uploads\/2024\/01\/SEA9-Slew-Drive-catalog.pdf\"><br \/>\n<img decoding=\"async\" src=\"https:\/\/slewingbearings.com\/wp-content\/uploads\/2024\/01\/pdf.png\" width=\"30\" height=\"30\"><\/a><\/td>\n<\/tr>\n<tr class=\"row-3\">\n\t<td class=\"column-1\">SEA9<\/td><td class=\"column-2\">4794 lbf.ft<\/td><td class=\"column-3\">25\u00d710\u00b3 lbf.ft<\/td><td class=\"column-4\">25.5\u00d710\u00b3 lbf.ft<\/td><td class=\"column-5\">61:1<\/td><td class=\"column-6\">\u22640.17\u00b0<\/td><td class=\"column-7\">48kg<\/td><td class=\"column-8\"><a href=\"https:\/\/slewingbearings.com\/wp-content\/uploads\/2024\/01\/SEA9-Slew-Drive-catalog.pdf\"><br \/>\n<img decoding=\"async\" src=\"https:\/\/slewingbearings.com\/wp-content\/uploads\/2024\/01\/pdf.png\" width=\"30\" height=\"30\"><\/a><\/td>\n<\/tr>\n<tr class=\"row-4\">\n\t<td class=\"column-1\">PEA9<\/td><td class=\"column-2\">6.5 KN.m<\/td><td class=\"column-3\">33.9 KN.m<\/td><td class=\"column-4\">34.5 KN.m<\/td><td class=\"column-5\">61:1<\/td><td class=\"column-6\">\u22640.09\u00b0<\/td><td class=\"column-7\">48kg<\/td><td class=\"column-8\"><a href=\"https:\/\/slewingbearings.com\/wp-content\/uploads\/2024\/01\/SEA9-Slew-Drive-catalog.pdf\"><br \/>\n<img decoding=\"async\" src=\"https:\/\/slewingbearings.com\/wp-content\/uploads\/2024\/01\/pdf.png\" width=\"30\" height=\"30\"><\/a><\/td>\n<\/tr>\n<tr class=\"row-5\">\n\t<td class=\"column-1\">PEA9<\/td><td class=\"column-2\">4794 lbf.ft<\/td><td class=\"column-3\">25\u00d710\u00b3 lbf.ft<\/td><td class=\"column-4\">25.5\u00d710\u00b3 lbf.ft<\/td><td class=\"column-5\">61:1<\/td><td class=\"column-6\">\u22640.09\u00b0<\/td><td class=\"column-7\">48kg<\/td><td class=\"column-8\"><a href=\"https:\/\/slewingbearings.com\/wp-content\/uploads\/2024\/01\/SEA9-Slew-Drive-catalog.pdf\"><br \/>\n<img decoding=\"async\" src=\"https:\/\/slewingbearings.com\/wp-content\/uploads\/2024\/01\/pdf.png\" width=\"30\" height=\"30\"><\/a><\/td>\n<\/tr>\n<\/tbody>\n<\/table>\n<!-- #tablepress-25 from cache -->\n","protected":false},"excerpt":{"rendered":"<p>&nbsp;<\/p>\n<p>Die Schwenkantriebsvorrichtung der SEA-Serie integriert geschickt Komponenten wie die vertikale Achse, den elektrischen Antrieb, das \u00dcbertragungssystem, das Steuerungssystem und die Sicherheitsvorrichtung durch ein vern\u00fcnftiges strukturelles Design und bietet eine effiziente, kontrollierbare und sichere L\u00f6sung f\u00fcr die Rotation in vertikaler Richtung. plan. <\/p>\n<p>Der vollst\u00e4ndig gekapselte Schwenkantrieb der SEA-Serie bezieht sich in der Regel auf einen rotierenden Mechanismus, der vollst\u00e4ndig von der \u00e4u\u00dferen Umgebung umschlossen ist. Die Hauptkomponenten innerhalb des Mechanismus sind gesch\u00fctzt und nicht anf\u00e4llig f\u00fcr externe Faktoren wie Staub, Feuchtigkeit, Korrosion usw. Diese Konstruktion ist in einer Vielzahl industrieller und mechanischer Anwendungen \u00fcblich, z. B. im Baugewerbe, im Bergbau, in der Landwirtschaft, in Hafenanlagen und anderen Bereichen.  <\/p>\n","protected":false},"featured_media":6160,"comment_status":"open","ping_status":"closed","template":"","meta":{"content-type":""},"product_cat":[611,326],"product_tag":[612],"class_list":{"0":"post-11869","1":"product","2":"type-product","3":"status-publish","4":"has-post-thumbnail","6":"product_cat-sea-pea-schwenkantrieb","7":"product_cat-slew-drive-de","8":"product_tag-sea9-schwenkantrieb","10":"first","11":"instock","12":"shipping-taxable","13":"product-type-simple"},"yoast_head":"<!-- This site is optimized with the Yoast SEO plugin v21.7 - https:\/\/yoast.com\/wordpress\/plugins\/seo\/ -->\n<title>SEA-9 Schwungantrieb - ZZ Group<\/title>\n<meta name=\"description\" content=\"Ein Sea9-Schwenkantrieb ist ein technisches Ger\u00e4t , das in der Regel dazu dient , ein Objekt oder System in horizontaler oder vertikaler Richtung zu drehen.\" \/>\n<meta name=\"robots\" content=\"index, follow, max-snippet:-1, max-image-preview:large, max-video-preview:-1\" \/>\n<link rel=\"canonical\" href=\"https:\/\/slewingbearings.com\/de\/product\/sea-9-schwungantrieb\/\" \/>\n<meta property=\"og:locale\" content=\"de_DE\" \/>\n<meta property=\"og:type\" content=\"article\" \/>\n<meta property=\"og:title\" content=\"SEA-9 Schwungantrieb - ZZ Group\" \/>\n<meta property=\"og:description\" content=\"Ein Sea9-Schwenkantrieb ist ein technisches Ger\u00e4t , das in der Regel dazu dient , ein Objekt oder System in horizontaler oder vertikaler Richtung zu drehen.\" \/>\n<meta property=\"og:url\" content=\"https:\/\/slewingbearings.com\/de\/product\/sea-9-schwungantrieb\/\" \/>\n<meta property=\"og:site_name\" content=\"ZZ Group\" \/>\n<meta property=\"og:image\" content=\"https:\/\/slewingbearings.com\/wp-content\/uploads\/2024\/01\/sea9-slew-drive.jpg\" \/>\n\t<meta property=\"og:image:width\" content=\"500\" \/>\n\t<meta property=\"og:image:height\" content=\"500\" \/>\n\t<meta property=\"og:image:type\" content=\"image\/jpeg\" \/>\n<meta name=\"twitter:card\" content=\"summary_large_image\" \/>\n<meta name=\"twitter:label1\" content=\"Gesch\u00e4tzte Lesezeit\" \/>\n\t<meta name=\"twitter:data1\" content=\"1\u00a0Minute\" \/>\n<script type=\"application\/ld+json\" class=\"yoast-schema-graph\">{\"@context\":\"https:\/\/schema.org\",\"@graph\":[{\"@type\":\"WebPage\",\"@id\":\"https:\/\/slewingbearings.com\/de\/product\/sea-9-schwungantrieb\/\",\"url\":\"https:\/\/slewingbearings.com\/de\/product\/sea-9-schwungantrieb\/\",\"name\":\"SEA-9 Schwungantrieb - ZZ Group\",\"isPartOf\":{\"@id\":\"https:\/\/slewingbearings.com\/#website\"},\"datePublished\":\"2024-01-21T00:25:27+00:00\",\"dateModified\":\"2024-01-21T00:25:27+00:00\",\"description\":\"Ein Sea9-Schwenkantrieb ist ein technisches Ger\u00e4t , das in der Regel dazu dient , ein Objekt oder System in horizontaler oder vertikaler Richtung zu drehen.\",\"breadcrumb\":{\"@id\":\"https:\/\/slewingbearings.com\/de\/product\/sea-9-schwungantrieb\/#breadcrumb\"},\"inLanguage\":\"de\",\"potentialAction\":[{\"@type\":\"ReadAction\",\"target\":[\"https:\/\/slewingbearings.com\/de\/product\/sea-9-schwungantrieb\/\"]}]},{\"@type\":\"BreadcrumbList\",\"@id\":\"https:\/\/slewingbearings.com\/de\/product\/sea-9-schwungantrieb\/#breadcrumb\",\"itemListElement\":[{\"@type\":\"ListItem\",\"position\":1,\"name\":\"Home\",\"item\":\"https:\/\/slewingbearings.com\/de\/grosswaelzlager-grosswaelzlagerantrieb\/\"},{\"@type\":\"ListItem\",\"position\":2,\"name\":\"Shop\",\"item\":\"https:\/\/slewingbearings.com\/shop\/\"},{\"@type\":\"ListItem\",\"position\":3,\"name\":\"SEA-9 Schwungantrieb\"}]},{\"@type\":\"WebSite\",\"@id\":\"https:\/\/slewingbearings.com\/#website\",\"url\":\"https:\/\/slewingbearings.com\/\",\"name\":\"ZZ Group\",\"description\":\"Leading Slewing Bearings in China\",\"potentialAction\":[{\"@type\":\"SearchAction\",\"target\":{\"@type\":\"EntryPoint\",\"urlTemplate\":\"https:\/\/slewingbearings.com\/?s={search_term_string}\"},\"query-input\":\"required name=search_term_string\"}],\"inLanguage\":\"de\"}]}<\/script>\n<!-- \/ Yoast SEO plugin. -->","yoast_head_json":{"title":"SEA-9 Schwungantrieb - ZZ Group","description":"Ein Sea9-Schwenkantrieb ist ein technisches Ger\u00e4t , das in der Regel dazu dient , ein Objekt oder System in horizontaler oder vertikaler Richtung zu drehen.","robots":{"index":"index","follow":"follow","max-snippet":"max-snippet:-1","max-image-preview":"max-image-preview:large","max-video-preview":"max-video-preview:-1"},"canonical":"https:\/\/slewingbearings.com\/de\/product\/sea-9-schwungantrieb\/","og_locale":"de_DE","og_type":"article","og_title":"SEA-9 Schwungantrieb - ZZ Group","og_description":"Ein Sea9-Schwenkantrieb ist ein technisches Ger\u00e4t , das in der Regel dazu dient , ein Objekt oder System in horizontaler oder vertikaler Richtung zu drehen.","og_url":"https:\/\/slewingbearings.com\/de\/product\/sea-9-schwungantrieb\/","og_site_name":"ZZ Group","og_image":[{"width":500,"height":500,"url":"https:\/\/slewingbearings.com\/wp-content\/uploads\/2024\/01\/sea9-slew-drive.jpg","type":"image\/jpeg"}],"twitter_card":"summary_large_image","twitter_misc":{"Gesch\u00e4tzte Lesezeit":"1\u00a0Minute"},"schema":{"@context":"https:\/\/schema.org","@graph":[{"@type":"WebPage","@id":"https:\/\/slewingbearings.com\/de\/product\/sea-9-schwungantrieb\/","url":"https:\/\/slewingbearings.com\/de\/product\/sea-9-schwungantrieb\/","name":"SEA-9 Schwungantrieb - ZZ Group","isPartOf":{"@id":"https:\/\/slewingbearings.com\/#website"},"datePublished":"2024-01-21T00:25:27+00:00","dateModified":"2024-01-21T00:25:27+00:00","description":"Ein Sea9-Schwenkantrieb ist ein technisches Ger\u00e4t , das in der Regel dazu dient , ein Objekt oder System in horizontaler oder vertikaler Richtung zu drehen.","breadcrumb":{"@id":"https:\/\/slewingbearings.com\/de\/product\/sea-9-schwungantrieb\/#breadcrumb"},"inLanguage":"de","potentialAction":[{"@type":"ReadAction","target":["https:\/\/slewingbearings.com\/de\/product\/sea-9-schwungantrieb\/"]}]},{"@type":"BreadcrumbList","@id":"https:\/\/slewingbearings.com\/de\/product\/sea-9-schwungantrieb\/#breadcrumb","itemListElement":[{"@type":"ListItem","position":1,"name":"Home","item":"https:\/\/slewingbearings.com\/de\/grosswaelzlager-grosswaelzlagerantrieb\/"},{"@type":"ListItem","position":2,"name":"Shop","item":"https:\/\/slewingbearings.com\/shop\/"},{"@type":"ListItem","position":3,"name":"SEA-9 Schwungantrieb"}]},{"@type":"WebSite","@id":"https:\/\/slewingbearings.com\/#website","url":"https:\/\/slewingbearings.com\/","name":"ZZ Group","description":"Leading Slewing Bearings in China","potentialAction":[{"@type":"SearchAction","target":{"@type":"EntryPoint","urlTemplate":"https:\/\/slewingbearings.com\/?s={search_term_string}"},"query-input":"required name=search_term_string"}],"inLanguage":"de"}]}},"_links":{"self":[{"href":"https:\/\/slewingbearings.com\/de\/wp-json\/wp\/v2\/product\/11869","targetHints":{"allow":["GET"]}}],"collection":[{"href":"https:\/\/slewingbearings.com\/de\/wp-json\/wp\/v2\/product"}],"about":[{"href":"https:\/\/slewingbearings.com\/de\/wp-json\/wp\/v2\/types\/product"}],"replies":[{"embeddable":true,"href":"https:\/\/slewingbearings.com\/de\/wp-json\/wp\/v2\/comments?post=11869"}],"wp:featuredmedia":[{"embeddable":true,"href":"https:\/\/slewingbearings.com\/de\/wp-json\/wp\/v2\/media\/6160"}],"wp:attachment":[{"href":"https:\/\/slewingbearings.com\/de\/wp-json\/wp\/v2\/media?parent=11869"}],"wp:term":[{"taxonomy":"product_cat","embeddable":true,"href":"https:\/\/slewingbearings.com\/de\/wp-json\/wp\/v2\/product_cat?post=11869"},{"taxonomy":"product_tag","embeddable":true,"href":"https:\/\/slewingbearings.com\/de\/wp-json\/wp\/v2\/product_tag?post=11869"}],"curies":[{"name":"wp","href":"https:\/\/api.w.org\/{rel}","templated":true}]}}