{"id":11822,"date":"2024-01-15T07:20:32","date_gmt":"2024-01-15T07:20:32","guid":{"rendered":"https:\/\/slewingbearings.com\/product\/sde-21-schwenktrieb\/"},"modified":"2024-01-15T07:20:32","modified_gmt":"2024-01-15T07:20:32","slug":"sde-21-schwenktrieb","status":"publish","type":"product","link":"https:\/\/slewingbearings.com\/de\/product\/sde-21-schwenktrieb\/","title":{"rendered":"SDE-21 Schwenktrieb"},"content":{"rendered":"<p>Ein Schwenktrieb ist ein technisches Ger\u00e4t, das in der Regel dazu dient, ein Objekt oder System in horizontaler oder vertikaler Richtung zu drehen. Solche Ger\u00e4te werden in einer Vielzahl von Anwendungen eingesetzt, darunter Industriemaschinen, Automatisierungssysteme, wissenschaftliche Forschungsinstrumente, Ger\u00e4te f\u00fcr die Luft- und Raumfahrt und vieles mehr. Im Folgenden werden die allgemeinen strukturellen und funktionellen Merkmale des Drehantriebs beschrieben:  <\/p>\n<ul>\n<li>Elektrisches oder hydraulisches Antriebssystem: Das Herzst\u00fcck einer Schwenkvorrichtung ist ihr Antriebssystem. Es kann Elektromotoren, Hydraulikmotoren oder andere Arten von Antriebsmechanismen verwenden, wobei je nach den Anforderungen der Anwendung unterschiedliche Energiearten gew\u00e4hlt werden. Dieses System ist f\u00fcr die Bereitstellung der Energie f\u00fcr die Rotation verantwortlich.  <\/li>\n<li>Drehachse: Das Ger\u00e4t ist mit einer oder mehreren Drehachsen ausgestattet, die je nach Ausf\u00fchrung des Ger\u00e4ts horizontal oder vertikal angeordnet sind. Das Material und die Konstruktion der Welle m\u00fcssen stark genug sein, um den Kr\u00e4ften und dem Druck der Rotationsbewegung standzuhalten. <\/li>\n<\/ul>\n\n<table id=\"tablepress-23\" class=\"tablepress tablepress-id-23\">\n<thead>\n<tr class=\"row-1\">\n\t<td class=\"column-1\"><\/td><th class=\"column-2\">Model<\/th><th class=\"column-3\">Output Torque<\/th><th class=\"column-4\">Tilting Moment Torque<\/th><th class=\"column-5\">Holding Torque<\/th><th class=\"column-6\">Gear Ratio<\/th><th class=\"column-7\">Tracking Precision<\/th><th class=\"column-8\">Weight<\/th><th class=\"column-9\">Drawing<\/th>\n<\/tr>\n<\/thead>\n<tbody class=\"row-striping row-hover\">\n<tr class=\"row-2\">\n\t<td class=\"column-1\">SDE21<\/td><td class=\"column-2\">Azimuth<\/td><td class=\"column-3\">40 KN.m<\/td><td class=\"column-4\">200 KN.m<\/td><td class=\"column-5\">105 KN.m<\/td><td class=\"column-6\">105:1<\/td><td class=\"column-7\">\u22640.2\u00b0<\/td><td class=\"column-8\">545kg<\/td><td class=\"column-9\"><a href=\"https:\/\/slewingbearings.com\/wp-content\/uploads\/2024\/01\/SDE21-Slew-Drive-catalog.pdf\"><br \/>\n<img decoding=\"async\" src=\"https:\/\/slewingbearings.com\/wp-content\/uploads\/2024\/01\/pdf.png\" width=\"30\" height=\"30\"><\/a><\/td>\n<\/tr>\n<tr class=\"row-3\">\n\t<td class=\"column-1\">SDE21<\/td><td class=\"column-2\">Azimuth<\/td><td class=\"column-3\">29520 lbf.ft<\/td><td class=\"column-4\">148\u00d710\u00b3 lbf.ft<\/td><td class=\"column-5\">77\u00d710\u00b3 lbf.ft<\/td><td class=\"column-6\">105:1<\/td><td class=\"column-7\">\u22640.2\u00b0<\/td><td class=\"column-8\">545kg<\/td><td class=\"column-9\"><a href=\"https:\/\/slewingbearings.com\/wp-content\/uploads\/2024\/01\/SDE21-Slew-Drive-catalog.pdf\"><br \/>\n<img decoding=\"async\" src=\"https:\/\/slewingbearings.com\/wp-content\/uploads\/2024\/01\/pdf.png\" width=\"30\" height=\"30\"><\/a><\/td>\n<\/tr>\n<tr class=\"row-4\">\n\t<td class=\"column-1\">SDE21<\/td><td class=\"column-2\">Elevation<\/td><td class=\"column-3\">43 KN.m<\/td><td class=\"column-4\">110 KN.m<\/td><td class=\"column-5\">100 KN.m<\/td><td class=\"column-6\">105:1<\/td><td class=\"column-7\">\u22640.2\u00b0<\/td><td class=\"column-8\">545kg<\/td><td class=\"column-9\"><a href=\"https:\/\/slewingbearings.com\/wp-content\/uploads\/2024\/01\/SDE21-Slew-Drive-catalog.pdf\"><br \/>\n<img decoding=\"async\" src=\"https:\/\/slewingbearings.com\/wp-content\/uploads\/2024\/01\/pdf.png\" width=\"30\" height=\"30\"><\/a><\/td>\n<\/tr>\n<tr class=\"row-5\">\n\t<td class=\"column-1\">SDE21<\/td><td class=\"column-2\">Elevation<\/td><td class=\"column-3\">31734 lbf.ft<\/td><td class=\"column-4\">81\u00d710\u00b3 lbf.ft<\/td><td class=\"column-5\">50\u00d710\u00b3 lbf.ft<\/td><td class=\"column-6\">105:1<\/td><td class=\"column-7\">\u22640.2\u00b0<\/td><td class=\"column-8\">545kg<\/td><td class=\"column-9\"><a href=\"https:\/\/slewingbearings.com\/wp-content\/uploads\/2024\/01\/SDE21-Slew-Drive-catalog.pdf\"><br \/>\n<img decoding=\"async\" src=\"https:\/\/slewingbearings.com\/wp-content\/uploads\/2024\/01\/pdf.png\" width=\"30\" height=\"30\"><\/a><\/td>\n<\/tr>\n<\/tbody>\n<\/table>\n<!-- #tablepress-23 from cache -->\n","protected":false},"excerpt":{"rendered":"<p>Die Drehantriebsvorrichtung der SDE-Serie integriert Komponenten wie die vertikale Achse, den elektrischen Antrieb, das \u00dcbertragungssystem, das Steuersystem und die Sicherheitsvorrichtung durch ein vern\u00fcnftiges strukturelles Design und bietet eine effiziente, kontrollierbare und sichere L\u00f6sung f\u00fcr die Drehung in vertikaler Richtung. plan. <\/p>\n<p>Das Design dieser strukturellen Merkmale kann an die Bed\u00fcrfnisse spezifischer Anwendungen angepasst werden, um sicherzustellen, dass der Vertikalschwenkantrieb in der jeweiligen Umgebung und Aufgabe effektiv arbeiten kann.<\/p>\n","protected":false},"featured_media":6097,"comment_status":"open","ping_status":"closed","template":"","meta":{"content-type":""},"product_cat":[528,326],"product_tag":[593],"class_list":{"0":"post-11822","1":"product","2":"type-product","3":"status-publish","4":"has-post-thumbnail","6":"product_cat-sde-schwenkantrieb","7":"product_cat-slew-drive-de","8":"product_tag-sde21-schwenkantrieb","10":"first","11":"instock","12":"shipping-taxable","13":"product-type-simple"},"yoast_head":"<!-- This site is optimized with the Yoast SEO plugin v21.7 - https:\/\/yoast.com\/wordpress\/plugins\/seo\/ -->\n<title>SDE-21 Schwenktrieb - ZZ Group<\/title>\n<meta name=\"description\" content=\"Ein SDE21-Schwenkantrieb ist ein technisches Ger\u00e4t , das in der Regel dazu dient, ein Objekt oder System in horizontaler oder vertikaler Richtung zu drehen.\" \/>\n<meta name=\"robots\" content=\"index, follow, max-snippet:-1, max-image-preview:large, max-video-preview:-1\" \/>\n<link rel=\"canonical\" href=\"https:\/\/slewingbearings.com\/product\/sde-21-slew-drive\/\" \/>\n<meta property=\"og:locale\" content=\"de_DE\" \/>\n<meta property=\"og:type\" content=\"article\" \/>\n<meta property=\"og:title\" content=\"SDE-21 Schwenktrieb - ZZ Group\" \/>\n<meta property=\"og:description\" content=\"Ein SDE21-Schwenkantrieb ist ein technisches Ger\u00e4t , das in der Regel dazu dient, ein Objekt oder System in horizontaler oder vertikaler Richtung zu drehen.\" \/>\n<meta property=\"og:url\" content=\"https:\/\/slewingbearings.com\/product\/sde-21-slew-drive\/\" \/>\n<meta property=\"og:site_name\" content=\"ZZ Group\" \/>\n<meta property=\"og:image\" content=\"https:\/\/slewingbearings.com\/wp-content\/uploads\/2024\/01\/sde21-slew-drive.jpg\" \/>\n\t<meta property=\"og:image:width\" content=\"500\" \/>\n\t<meta property=\"og:image:height\" content=\"500\" \/>\n\t<meta property=\"og:image:type\" content=\"image\/jpeg\" \/>\n<meta name=\"twitter:card\" content=\"summary_large_image\" \/>\n<meta name=\"twitter:label1\" content=\"Gesch\u00e4tzte Lesezeit\" \/>\n\t<meta name=\"twitter:data1\" content=\"1\u00a0Minute\" \/>\n<script type=\"application\/ld+json\" class=\"yoast-schema-graph\">{\"@context\":\"https:\/\/schema.org\",\"@graph\":[{\"@type\":\"WebPage\",\"@id\":\"https:\/\/slewingbearings.com\/product\/sde-21-slew-drive\/\",\"url\":\"https:\/\/slewingbearings.com\/product\/sde-21-slew-drive\/\",\"name\":\"SDE-21 Schwenktrieb - ZZ Group\",\"isPartOf\":{\"@id\":\"https:\/\/slewingbearings.com\/#website\"},\"datePublished\":\"2024-01-15T07:20:32+00:00\",\"dateModified\":\"2024-01-15T07:20:32+00:00\",\"description\":\"Ein SDE21-Schwenkantrieb ist ein technisches Ger\u00e4t , das in der Regel dazu dient, ein Objekt oder System in horizontaler oder vertikaler Richtung zu drehen.\",\"breadcrumb\":{\"@id\":\"https:\/\/slewingbearings.com\/product\/sde-21-slew-drive\/#breadcrumb\"},\"inLanguage\":\"de\",\"potentialAction\":[{\"@type\":\"ReadAction\",\"target\":[\"https:\/\/slewingbearings.com\/product\/sde-21-slew-drive\/\"]}]},{\"@type\":\"BreadcrumbList\",\"@id\":\"https:\/\/slewingbearings.com\/product\/sde-21-slew-drive\/#breadcrumb\",\"itemListElement\":[{\"@type\":\"ListItem\",\"position\":1,\"name\":\"Home\",\"item\":\"https:\/\/slewingbearings.com\/de\/grosswaelzlager-grosswaelzlagerantrieb\/\"},{\"@type\":\"ListItem\",\"position\":2,\"name\":\"Shop\",\"item\":\"https:\/\/slewingbearings.com\/shop\/\"},{\"@type\":\"ListItem\",\"position\":3,\"name\":\"SDE-21 Schwenktrieb\"}]},{\"@type\":\"WebSite\",\"@id\":\"https:\/\/slewingbearings.com\/#website\",\"url\":\"https:\/\/slewingbearings.com\/\",\"name\":\"ZZ Group\",\"description\":\"Leading Slewing Bearings in China\",\"potentialAction\":[{\"@type\":\"SearchAction\",\"target\":{\"@type\":\"EntryPoint\",\"urlTemplate\":\"https:\/\/slewingbearings.com\/?s={search_term_string}\"},\"query-input\":\"required name=search_term_string\"}],\"inLanguage\":\"de\"}]}<\/script>\n<!-- \/ Yoast SEO plugin. -->","yoast_head_json":{"title":"SDE-21 Schwenktrieb - ZZ Group","description":"Ein SDE21-Schwenkantrieb ist ein technisches Ger\u00e4t , das in der Regel dazu dient, ein Objekt oder System in horizontaler oder vertikaler Richtung zu drehen.","robots":{"index":"index","follow":"follow","max-snippet":"max-snippet:-1","max-image-preview":"max-image-preview:large","max-video-preview":"max-video-preview:-1"},"canonical":"https:\/\/slewingbearings.com\/product\/sde-21-slew-drive\/","og_locale":"de_DE","og_type":"article","og_title":"SDE-21 Schwenktrieb - ZZ Group","og_description":"Ein SDE21-Schwenkantrieb ist ein technisches Ger\u00e4t , das in der Regel dazu dient, ein Objekt oder System in horizontaler oder vertikaler Richtung zu drehen.","og_url":"https:\/\/slewingbearings.com\/product\/sde-21-slew-drive\/","og_site_name":"ZZ Group","og_image":[{"width":500,"height":500,"url":"https:\/\/slewingbearings.com\/wp-content\/uploads\/2024\/01\/sde21-slew-drive.jpg","type":"image\/jpeg"}],"twitter_card":"summary_large_image","twitter_misc":{"Gesch\u00e4tzte Lesezeit":"1\u00a0Minute"},"schema":{"@context":"https:\/\/schema.org","@graph":[{"@type":"WebPage","@id":"https:\/\/slewingbearings.com\/product\/sde-21-slew-drive\/","url":"https:\/\/slewingbearings.com\/product\/sde-21-slew-drive\/","name":"SDE-21 Schwenktrieb - ZZ Group","isPartOf":{"@id":"https:\/\/slewingbearings.com\/#website"},"datePublished":"2024-01-15T07:20:32+00:00","dateModified":"2024-01-15T07:20:32+00:00","description":"Ein SDE21-Schwenkantrieb ist ein technisches Ger\u00e4t , das in der Regel dazu dient, ein Objekt oder System in horizontaler oder vertikaler Richtung zu drehen.","breadcrumb":{"@id":"https:\/\/slewingbearings.com\/product\/sde-21-slew-drive\/#breadcrumb"},"inLanguage":"de","potentialAction":[{"@type":"ReadAction","target":["https:\/\/slewingbearings.com\/product\/sde-21-slew-drive\/"]}]},{"@type":"BreadcrumbList","@id":"https:\/\/slewingbearings.com\/product\/sde-21-slew-drive\/#breadcrumb","itemListElement":[{"@type":"ListItem","position":1,"name":"Home","item":"https:\/\/slewingbearings.com\/de\/grosswaelzlager-grosswaelzlagerantrieb\/"},{"@type":"ListItem","position":2,"name":"Shop","item":"https:\/\/slewingbearings.com\/shop\/"},{"@type":"ListItem","position":3,"name":"SDE-21 Schwenktrieb"}]},{"@type":"WebSite","@id":"https:\/\/slewingbearings.com\/#website","url":"https:\/\/slewingbearings.com\/","name":"ZZ Group","description":"Leading Slewing Bearings in China","potentialAction":[{"@type":"SearchAction","target":{"@type":"EntryPoint","urlTemplate":"https:\/\/slewingbearings.com\/?s={search_term_string}"},"query-input":"required name=search_term_string"}],"inLanguage":"de"}]}},"_links":{"self":[{"href":"https:\/\/slewingbearings.com\/de\/wp-json\/wp\/v2\/product\/11822","targetHints":{"allow":["GET"]}}],"collection":[{"href":"https:\/\/slewingbearings.com\/de\/wp-json\/wp\/v2\/product"}],"about":[{"href":"https:\/\/slewingbearings.com\/de\/wp-json\/wp\/v2\/types\/product"}],"replies":[{"embeddable":true,"href":"https:\/\/slewingbearings.com\/de\/wp-json\/wp\/v2\/comments?post=11822"}],"wp:featuredmedia":[{"embeddable":true,"href":"https:\/\/slewingbearings.com\/de\/wp-json\/wp\/v2\/media\/6097"}],"wp:attachment":[{"href":"https:\/\/slewingbearings.com\/de\/wp-json\/wp\/v2\/media?parent=11822"}],"wp:term":[{"taxonomy":"product_cat","embeddable":true,"href":"https:\/\/slewingbearings.com\/de\/wp-json\/wp\/v2\/product_cat?post=11822"},{"taxonomy":"product_tag","embeddable":true,"href":"https:\/\/slewingbearings.com\/de\/wp-json\/wp\/v2\/product_tag?post=11822"}],"curies":[{"name":"wp","href":"https:\/\/api.w.org\/{rel}","templated":true}]}}