{"id":11812,"date":"2024-01-28T01:28:26","date_gmt":"2024-01-28T01:28:26","guid":{"rendered":"https:\/\/slewingbearings.com\/product\/w-14-drehantrieb\/"},"modified":"2024-01-28T01:28:26","modified_gmt":"2024-01-28T01:28:26","slug":"w-14-drehantrieb","status":"publish","type":"product","link":"https:\/\/slewingbearings.com\/de\/product\/w-14-drehantrieb\/","title":{"rendered":"W-14-Drehantrieb"},"content":{"rendered":"<p>W-14 Drehantrieb,Das offene Drehantriebssystem ist ein mechanisches System mit offener Struktur, das haupts\u00e4chlich zum Drehen von Ger\u00e4ten oder Werkzeugen in horizontaler Richtung verwendet wird. Im Gegensatz zu geschlossenen Konstruktionen sind die internen mechanischen Komponenten von offenen Drehantriebssystemen f\u00fcr die Au\u00dfenwelt sichtbar, was einige einzigartige Vorteile in Bezug auf Betrieb, Wartung und Lehre bietet. <\/p>\n<p>Der offene Schwenkantrieb ist ein offenes Getriebesystem, das im Vergleich zu einem geschlossenen Getriebesystem einzigartige Eigenschaften aufweist. Erstens bietet das offene Design eine gute Sichtbarkeit, da die internen Zahnr\u00e4der und Getriebekomponenten f\u00fcr den Beobachter sichtbar sind. Dadurch kann das Wartungspersonal den Betriebszustand des Systems leicht \u00fcberpr\u00fcfen, Probleme rechtzeitig erkennen und l\u00f6sen und die Wartung vereinfachen.  <\/p>\n\n<table id=\"tablepress-40\" class=\"tablepress tablepress-id-40\">\n<thead>\n<tr class=\"row-1\">\n\t<th class=\"column-1\">Model<\/th><th class=\"column-2\">Output Torque<\/th><th class=\"column-3\">Tilting Moment Torque<\/th><th class=\"column-4\">Holding Torque<\/th><th class=\"column-5\">Gear Ratio<\/th><th class=\"column-6\">Tracking Precision<\/th><th class=\"column-7\">Weight<\/th><th class=\"column-8\">Drawing<\/th>\n<\/tr>\n<\/thead>\n<tbody class=\"row-striping row-hover\">\n<tr class=\"row-2\">\n\t<td class=\"column-1\">W14<\/td><td class=\"column-2\">10.8 KN.m<\/td><td class=\"column-3\">71.2 KN.m<\/td><td class=\"column-4\">48 KN.m<\/td><td class=\"column-5\">86:1<\/td><td class=\"column-6\">\u22640.13\u00b0<\/td><td class=\"column-7\">62kg<\/td><td class=\"column-8\"><a href=\"https:\/\/slewingbearings.com\/wp-content\/uploads\/2024\/01\/W14-Slew-Drive-catalog.pdf\"><br \/>\n<img decoding=\"async\" src=\"https:\/\/slewingbearings.com\/wp-content\/uploads\/2024\/01\/pdf.png\" width=\"30\" height=\"30\"><\/a><\/td>\n<\/tr>\n<tr class=\"row-3\">\n\t<td class=\"column-1\">W14<\/td><td class=\"column-2\">7970 lbf.ft<\/td><td class=\"column-3\">52.6\u00d710\u00b3 lbf.ft<\/td><td class=\"column-4\">35\u00d710\u00b3 lbf.ft<\/td><td class=\"column-5\">86:1<\/td><td class=\"column-6\">\u22640.13\u00b0<\/td><td class=\"column-7\">62kg<\/td><td class=\"column-8\"><a href=\"https:\/\/slewingbearings.com\/wp-content\/uploads\/2024\/01\/W14-Slew-Drive-catalog.pdf\"><br \/>\n<img decoding=\"async\" src=\"https:\/\/slewingbearings.com\/wp-content\/uploads\/2024\/01\/pdf.png\" width=\"30\" height=\"30\"><\/a><\/td>\n<\/tr>\n<\/tbody>\n<\/table>\n<!-- #tablepress-40 from cache -->\n","protected":false},"excerpt":{"rendered":"<p>Ein weiteres bemerkenswertes Merkmal ist die offene Konstruktion, die zur W\u00e4rmeableitung beitr\u00e4gt. Durch die offene Struktur kann die Luft zwischen den Zahnr\u00e4dern und den Getriebekomponenten str\u00f6men, wodurch die Temperatur des Systems effektiv gesenkt wird. Durch die gute W\u00e4rmeableitung k\u00f6nnen \u00dcberhitzungsprobleme vermieden und die Effizienz und Zuverl\u00e4ssigkeit des Systems verbessert werden.  <\/p>\n<p>Die Leichtbauweise ist ein weiterer Vorteil offener Drehwerksantriebe. Im Vergleich zu einem geschlossenen \u00dcbertragungssystem, das ein geschlossenes Geh\u00e4use erfordert, ist die offene Bauweise einfacher und erfordert keine zus\u00e4tzlichen externen Schutzstrukturen, so dass sie ein geringeres Gewicht aufweist. Dies macht offene Drehantriebe in gewichtssensiblen Anwendungen vorteilhaft.  <\/p>\n<p>Dar\u00fcber hinaus spielen offene Schwenksysteme auch eine wichtige Rolle in Forschung und Entwicklung. Forscher m\u00fcssen mechanische Systeme oft in Echtzeit beobachten und debuggen, und die Sichtbarkeit ist ein Schl\u00fcsselfaktor. Das offene Design bietet ihnen eine intuitivere Beobachtungsm\u00f6glichkeit und hilft, Probleme schnell zu erkennen und das Design zu optimieren.  <\/p>\n","protected":false},"featured_media":6421,"comment_status":"open","ping_status":"closed","template":"","meta":{"content-type":""},"product_cat":[567,326],"product_tag":[584],"class_list":{"0":"post-11812","1":"product","2":"type-product","3":"status-publish","4":"has-post-thumbnail","6":"product_cat-w-drehantrieb","7":"product_cat-slew-drive-de","8":"product_tag-w14-schwenkantrieb","10":"first","11":"instock","12":"shipping-taxable","13":"product-type-simple"},"yoast_head":"<!-- This site is optimized with the Yoast SEO plugin v21.7 - https:\/\/yoast.com\/wordpress\/plugins\/seo\/ -->\n<title>W-14-Drehantrieb - ZZ Group<\/title>\n<meta name=\"description\" content=\"W-14 Schwenkantrieb offen Schwenkantrieb bezieht sich in der Regel auf eine offene Struktur Drehantriebssystem, das verwendet wird , um die horizontale Drehung der Ausr\u00fcstung zu realisieren.\" \/>\n<meta name=\"robots\" content=\"index, follow, max-snippet:-1, max-image-preview:large, max-video-preview:-1\" \/>\n<link rel=\"canonical\" href=\"https:\/\/slewingbearings.com\/product\/w-14-slew-drive\/\" \/>\n<meta property=\"og:locale\" content=\"de_DE\" \/>\n<meta property=\"og:type\" content=\"article\" \/>\n<meta property=\"og:title\" content=\"W-14-Drehantrieb - ZZ Group\" \/>\n<meta property=\"og:description\" content=\"W-14 Schwenkantrieb offen Schwenkantrieb bezieht sich in der Regel auf eine offene Struktur Drehantriebssystem, das verwendet wird , um die horizontale Drehung der Ausr\u00fcstung zu realisieren.\" \/>\n<meta property=\"og:url\" content=\"https:\/\/slewingbearings.com\/product\/w-14-slew-drive\/\" \/>\n<meta property=\"og:site_name\" content=\"ZZ Group\" \/>\n<meta property=\"og:image\" content=\"https:\/\/slewingbearings.com\/wp-content\/uploads\/2024\/01\/w14-slew-drive.jpg\" \/>\n\t<meta property=\"og:image:width\" content=\"500\" \/>\n\t<meta property=\"og:image:height\" content=\"500\" \/>\n\t<meta property=\"og:image:type\" content=\"image\/jpeg\" \/>\n<meta name=\"twitter:card\" content=\"summary_large_image\" \/>\n<meta name=\"twitter:label1\" content=\"Gesch\u00e4tzte Lesezeit\" \/>\n\t<meta name=\"twitter:data1\" content=\"1\u00a0Minute\" \/>\n<script type=\"application\/ld+json\" class=\"yoast-schema-graph\">{\"@context\":\"https:\/\/schema.org\",\"@graph\":[{\"@type\":\"WebPage\",\"@id\":\"https:\/\/slewingbearings.com\/product\/w-14-slew-drive\/\",\"url\":\"https:\/\/slewingbearings.com\/product\/w-14-slew-drive\/\",\"name\":\"W-14-Drehantrieb - ZZ Group\",\"isPartOf\":{\"@id\":\"https:\/\/slewingbearings.com\/#website\"},\"datePublished\":\"2024-01-28T01:28:26+00:00\",\"dateModified\":\"2024-01-28T01:28:26+00:00\",\"description\":\"W-14 Schwenkantrieb offen Schwenkantrieb bezieht sich in der Regel auf eine offene Struktur Drehantriebssystem, das verwendet wird , um die horizontale Drehung der Ausr\u00fcstung zu realisieren.\",\"breadcrumb\":{\"@id\":\"https:\/\/slewingbearings.com\/product\/w-14-slew-drive\/#breadcrumb\"},\"inLanguage\":\"de\",\"potentialAction\":[{\"@type\":\"ReadAction\",\"target\":[\"https:\/\/slewingbearings.com\/product\/w-14-slew-drive\/\"]}]},{\"@type\":\"BreadcrumbList\",\"@id\":\"https:\/\/slewingbearings.com\/product\/w-14-slew-drive\/#breadcrumb\",\"itemListElement\":[{\"@type\":\"ListItem\",\"position\":1,\"name\":\"Home\",\"item\":\"https:\/\/slewingbearings.com\/de\/grosswaelzlager-grosswaelzlagerantrieb\/\"},{\"@type\":\"ListItem\",\"position\":2,\"name\":\"Shop\",\"item\":\"https:\/\/slewingbearings.com\/shop\/\"},{\"@type\":\"ListItem\",\"position\":3,\"name\":\"W-14-Drehantrieb\"}]},{\"@type\":\"WebSite\",\"@id\":\"https:\/\/slewingbearings.com\/#website\",\"url\":\"https:\/\/slewingbearings.com\/\",\"name\":\"ZZ Group\",\"description\":\"Leading Slewing Bearings in China\",\"potentialAction\":[{\"@type\":\"SearchAction\",\"target\":{\"@type\":\"EntryPoint\",\"urlTemplate\":\"https:\/\/slewingbearings.com\/?s={search_term_string}\"},\"query-input\":\"required name=search_term_string\"}],\"inLanguage\":\"de\"}]}<\/script>\n<!-- \/ Yoast SEO plugin. -->","yoast_head_json":{"title":"W-14-Drehantrieb - ZZ Group","description":"W-14 Schwenkantrieb offen Schwenkantrieb bezieht sich in der Regel auf eine offene Struktur Drehantriebssystem, das verwendet wird , um die horizontale Drehung der Ausr\u00fcstung zu realisieren.","robots":{"index":"index","follow":"follow","max-snippet":"max-snippet:-1","max-image-preview":"max-image-preview:large","max-video-preview":"max-video-preview:-1"},"canonical":"https:\/\/slewingbearings.com\/product\/w-14-slew-drive\/","og_locale":"de_DE","og_type":"article","og_title":"W-14-Drehantrieb - ZZ Group","og_description":"W-14 Schwenkantrieb offen Schwenkantrieb bezieht sich in der Regel auf eine offene Struktur Drehantriebssystem, das verwendet wird , um die horizontale Drehung der Ausr\u00fcstung zu realisieren.","og_url":"https:\/\/slewingbearings.com\/product\/w-14-slew-drive\/","og_site_name":"ZZ Group","og_image":[{"width":500,"height":500,"url":"https:\/\/slewingbearings.com\/wp-content\/uploads\/2024\/01\/w14-slew-drive.jpg","type":"image\/jpeg"}],"twitter_card":"summary_large_image","twitter_misc":{"Gesch\u00e4tzte Lesezeit":"1\u00a0Minute"},"schema":{"@context":"https:\/\/schema.org","@graph":[{"@type":"WebPage","@id":"https:\/\/slewingbearings.com\/product\/w-14-slew-drive\/","url":"https:\/\/slewingbearings.com\/product\/w-14-slew-drive\/","name":"W-14-Drehantrieb - ZZ Group","isPartOf":{"@id":"https:\/\/slewingbearings.com\/#website"},"datePublished":"2024-01-28T01:28:26+00:00","dateModified":"2024-01-28T01:28:26+00:00","description":"W-14 Schwenkantrieb offen Schwenkantrieb bezieht sich in der Regel auf eine offene Struktur Drehantriebssystem, das verwendet wird , um die horizontale Drehung der Ausr\u00fcstung zu realisieren.","breadcrumb":{"@id":"https:\/\/slewingbearings.com\/product\/w-14-slew-drive\/#breadcrumb"},"inLanguage":"de","potentialAction":[{"@type":"ReadAction","target":["https:\/\/slewingbearings.com\/product\/w-14-slew-drive\/"]}]},{"@type":"BreadcrumbList","@id":"https:\/\/slewingbearings.com\/product\/w-14-slew-drive\/#breadcrumb","itemListElement":[{"@type":"ListItem","position":1,"name":"Home","item":"https:\/\/slewingbearings.com\/de\/grosswaelzlager-grosswaelzlagerantrieb\/"},{"@type":"ListItem","position":2,"name":"Shop","item":"https:\/\/slewingbearings.com\/shop\/"},{"@type":"ListItem","position":3,"name":"W-14-Drehantrieb"}]},{"@type":"WebSite","@id":"https:\/\/slewingbearings.com\/#website","url":"https:\/\/slewingbearings.com\/","name":"ZZ Group","description":"Leading Slewing Bearings in China","potentialAction":[{"@type":"SearchAction","target":{"@type":"EntryPoint","urlTemplate":"https:\/\/slewingbearings.com\/?s={search_term_string}"},"query-input":"required name=search_term_string"}],"inLanguage":"de"}]}},"_links":{"self":[{"href":"https:\/\/slewingbearings.com\/de\/wp-json\/wp\/v2\/product\/11812","targetHints":{"allow":["GET"]}}],"collection":[{"href":"https:\/\/slewingbearings.com\/de\/wp-json\/wp\/v2\/product"}],"about":[{"href":"https:\/\/slewingbearings.com\/de\/wp-json\/wp\/v2\/types\/product"}],"replies":[{"embeddable":true,"href":"https:\/\/slewingbearings.com\/de\/wp-json\/wp\/v2\/comments?post=11812"}],"wp:featuredmedia":[{"embeddable":true,"href":"https:\/\/slewingbearings.com\/de\/wp-json\/wp\/v2\/media\/6421"}],"wp:attachment":[{"href":"https:\/\/slewingbearings.com\/de\/wp-json\/wp\/v2\/media?parent=11812"}],"wp:term":[{"taxonomy":"product_cat","embeddable":true,"href":"https:\/\/slewingbearings.com\/de\/wp-json\/wp\/v2\/product_cat?post=11812"},{"taxonomy":"product_tag","embeddable":true,"href":"https:\/\/slewingbearings.com\/de\/wp-json\/wp\/v2\/product_tag?post=11812"}],"curies":[{"name":"wp","href":"https:\/\/api.w.org\/{rel}","templated":true}]}}