{"id":11805,"date":"2024-01-28T01:33:43","date_gmt":"2024-01-28T01:33:43","guid":{"rendered":"https:\/\/slewingbearings.com\/product\/w-17-drehantrieb\/"},"modified":"2024-01-28T01:33:43","modified_gmt":"2024-01-28T01:33:43","slug":"w-17-drehantrieb","status":"publish","type":"product","link":"https:\/\/slewingbearings.com\/de\/product\/w-17-drehantrieb\/","title":{"rendered":"W-17-Drehantrieb"},"content":{"rendered":"<p>W-17 Drehantrieb,Das offene Drehantriebssystem ist ein mechanisches System mit offener Struktur, das haupts\u00e4chlich zum Drehen von Ger\u00e4ten oder Werkzeugen in horizontaler Richtung verwendet wird. Im Gegensatz zu geschlossenen Konstruktionen sind die internen mechanischen Komponenten von offenen Drehantriebssystemen f\u00fcr die Au\u00dfenwelt sichtbar, was einige einzigartige Vorteile in Bezug auf Betrieb, Wartung und Lehre bietet. <\/p>\n<p>Der offene Schwenkantrieb ist ein offenes Getriebesystem, das im Vergleich zu einem geschlossenen Getriebesystem einzigartige Eigenschaften aufweist. Erstens bietet das offene Design eine gute Sichtbarkeit, da die internen Zahnr\u00e4der und Getriebekomponenten f\u00fcr den Beobachter sichtbar sind. Dadurch kann das Wartungspersonal den Betriebszustand des Systems leicht \u00fcberpr\u00fcfen, Probleme rechtzeitig erkennen und l\u00f6sen und die Wartung vereinfachen.  <\/p>\n\n<table id=\"tablepress-41\" class=\"tablepress tablepress-id-41\">\n<thead>\n<tr class=\"row-1\">\n\t<th class=\"column-1\">Model<\/th><th class=\"column-2\">Output Torque<\/th><th class=\"column-3\">Tilting Moment Torque<\/th><th class=\"column-4\">Holding Torque<\/th><th class=\"column-5\">Gear Ratio<\/th><th class=\"column-6\">Tracking Precision<\/th><th class=\"column-7\">Weight<\/th><th class=\"column-8\">Drawing<\/th>\n<\/tr>\n<\/thead>\n<tbody class=\"row-striping row-hover\">\n<tr class=\"row-2\">\n\t<td class=\"column-1\">W17<\/td><td class=\"column-2\">12.96 KN.m<\/td><td class=\"column-3\">142.4 KN.m<\/td><td class=\"column-4\">58 KN.m<\/td><td class=\"column-5\">104:1<\/td><td class=\"column-6\">\u22640.1\u00b0<\/td><td class=\"column-7\">82kg<\/td><td class=\"column-8\"><a href=\"https:\/\/slewingbearings.com\/wp-content\/uploads\/2024\/01\/W17-Slew-Drive-catalog.pdf\"><br \/>\n<img decoding=\"async\" src=\"https:\/\/slewingbearings.com\/wp-content\/uploads\/2024\/01\/pdf.png\" width=\"30\" height=\"30\"><\/a><\/td>\n<\/tr>\n<tr class=\"row-3\">\n\t<td class=\"column-1\">W17<\/td><td class=\"column-2\">9564 lbf.ft<\/td><td class=\"column-3\">105\u00d710\u00b3 lbf.ft<\/td><td class=\"column-4\">42.8\u00d710\u00b3 lbf.ft<\/td><td class=\"column-5\">104:1<\/td><td class=\"column-6\">\u22640.1\u00b0<\/td><td class=\"column-7\">82kg<\/td><td class=\"column-8\"><a href=\"https:\/\/slewingbearings.com\/wp-content\/uploads\/2024\/01\/W17-Slew-Drive-catalog.pdf\"><br \/>\n<img decoding=\"async\" src=\"https:\/\/slewingbearings.com\/wp-content\/uploads\/2024\/01\/pdf.png\" width=\"30\" height=\"30\"><\/a><\/td>\n<\/tr>\n<\/tbody>\n<\/table>\n<!-- #tablepress-41 from cache -->\n","protected":false},"excerpt":{"rendered":"<p>Die Schwenkantriebe der W-Serie sind aufgrund ihrer Sichtbarkeit, Wartungsfreundlichkeit, W\u00e4rmeableitung, leichten Bauweise und relativ geringen Kosten eine praktikable \u00dcbertragungsl\u00f6sung f\u00fcr eine Vielzahl von Anwendungen. In der Industrie und im Maschinenbau haben sich offene Schwenkantriebe zu einer wichtigen Wahl entwickelt, um die Systemeffizienz zu verbessern und die Wartungskosten zu senken. Mit dem technologischen Fortschritt und der kontinuierlichen Ausweitung der Anwendungsbereiche wird erwartet, dass offene Drehantriebe in Zukunft ihre einzigartigen Vorteile in einem breiteren Spektrum von Bereichen ausspielen werden.  <\/p>\n","protected":false},"featured_media":6430,"comment_status":"open","ping_status":"closed","template":"","meta":{"content-type":""},"product_cat":[567,326],"product_tag":[578],"class_list":{"0":"post-11805","1":"product","2":"type-product","3":"status-publish","4":"has-post-thumbnail","6":"product_cat-w-drehantrieb","7":"product_cat-slew-drive-de","8":"product_tag-w17-drehantrieb","10":"first","11":"instock","12":"shipping-taxable","13":"product-type-simple"},"yoast_head":"<!-- This site is optimized with the Yoast SEO plugin v21.7 - https:\/\/yoast.com\/wordpress\/plugins\/seo\/ -->\n<title>W-17-Drehantrieb - ZZ Group<\/title>\n<meta name=\"description\" content=\"W-17 Schwenkantrieb offener Schwenkantrieb bezieht sich in der Regel auf ein Drehantriebssystem mit offener Struktur, das zur Realisierung der horizontalen Drehung von Ger\u00e4ten verwendet wird.\" \/>\n<meta name=\"robots\" content=\"index, follow, max-snippet:-1, max-image-preview:large, max-video-preview:-1\" \/>\n<link rel=\"canonical\" href=\"https:\/\/slewingbearings.com\/product\/w-17-slew-drive\/\" \/>\n<meta property=\"og:locale\" content=\"de_DE\" \/>\n<meta property=\"og:type\" content=\"article\" \/>\n<meta property=\"og:title\" content=\"W-17-Drehantrieb - ZZ Group\" \/>\n<meta property=\"og:description\" content=\"W-17 Schwenkantrieb offener Schwenkantrieb bezieht sich in der Regel auf ein Drehantriebssystem mit offener Struktur, das zur Realisierung der horizontalen Drehung von Ger\u00e4ten verwendet wird.\" \/>\n<meta property=\"og:url\" content=\"https:\/\/slewingbearings.com\/product\/w-17-slew-drive\/\" \/>\n<meta property=\"og:site_name\" content=\"ZZ Group\" \/>\n<meta property=\"og:image\" content=\"https:\/\/slewingbearings.com\/wp-content\/uploads\/2024\/01\/w17-slew-drive.jpg\" \/>\n\t<meta property=\"og:image:width\" content=\"500\" \/>\n\t<meta property=\"og:image:height\" content=\"500\" \/>\n\t<meta property=\"og:image:type\" content=\"image\/jpeg\" \/>\n<meta name=\"twitter:card\" content=\"summary_large_image\" \/>\n<meta name=\"twitter:label1\" content=\"Gesch\u00e4tzte Lesezeit\" \/>\n\t<meta name=\"twitter:data1\" content=\"1\u00a0Minute\" \/>\n<script type=\"application\/ld+json\" class=\"yoast-schema-graph\">{\"@context\":\"https:\/\/schema.org\",\"@graph\":[{\"@type\":\"WebPage\",\"@id\":\"https:\/\/slewingbearings.com\/product\/w-17-slew-drive\/\",\"url\":\"https:\/\/slewingbearings.com\/product\/w-17-slew-drive\/\",\"name\":\"W-17-Drehantrieb - ZZ Group\",\"isPartOf\":{\"@id\":\"https:\/\/slewingbearings.com\/#website\"},\"datePublished\":\"2024-01-28T01:33:43+00:00\",\"dateModified\":\"2024-01-28T01:33:43+00:00\",\"description\":\"W-17 Schwenkantrieb offener Schwenkantrieb bezieht sich in der Regel auf ein Drehantriebssystem mit offener Struktur, das zur Realisierung der horizontalen Drehung von Ger\u00e4ten verwendet wird.\",\"breadcrumb\":{\"@id\":\"https:\/\/slewingbearings.com\/product\/w-17-slew-drive\/#breadcrumb\"},\"inLanguage\":\"de\",\"potentialAction\":[{\"@type\":\"ReadAction\",\"target\":[\"https:\/\/slewingbearings.com\/product\/w-17-slew-drive\/\"]}]},{\"@type\":\"BreadcrumbList\",\"@id\":\"https:\/\/slewingbearings.com\/product\/w-17-slew-drive\/#breadcrumb\",\"itemListElement\":[{\"@type\":\"ListItem\",\"position\":1,\"name\":\"Home\",\"item\":\"https:\/\/slewingbearings.com\/de\/grosswaelzlager-grosswaelzlagerantrieb\/\"},{\"@type\":\"ListItem\",\"position\":2,\"name\":\"Shop\",\"item\":\"https:\/\/slewingbearings.com\/shop\/\"},{\"@type\":\"ListItem\",\"position\":3,\"name\":\"W-17-Drehantrieb\"}]},{\"@type\":\"WebSite\",\"@id\":\"https:\/\/slewingbearings.com\/#website\",\"url\":\"https:\/\/slewingbearings.com\/\",\"name\":\"ZZ Group\",\"description\":\"Leading Slewing Bearings in China\",\"potentialAction\":[{\"@type\":\"SearchAction\",\"target\":{\"@type\":\"EntryPoint\",\"urlTemplate\":\"https:\/\/slewingbearings.com\/?s={search_term_string}\"},\"query-input\":\"required name=search_term_string\"}],\"inLanguage\":\"de\"}]}<\/script>\n<!-- \/ Yoast SEO plugin. -->","yoast_head_json":{"title":"W-17-Drehantrieb - ZZ Group","description":"W-17 Schwenkantrieb offener Schwenkantrieb bezieht sich in der Regel auf ein Drehantriebssystem mit offener Struktur, das zur Realisierung der horizontalen Drehung von Ger\u00e4ten verwendet wird.","robots":{"index":"index","follow":"follow","max-snippet":"max-snippet:-1","max-image-preview":"max-image-preview:large","max-video-preview":"max-video-preview:-1"},"canonical":"https:\/\/slewingbearings.com\/product\/w-17-slew-drive\/","og_locale":"de_DE","og_type":"article","og_title":"W-17-Drehantrieb - ZZ Group","og_description":"W-17 Schwenkantrieb offener Schwenkantrieb bezieht sich in der Regel auf ein Drehantriebssystem mit offener Struktur, das zur Realisierung der horizontalen Drehung von Ger\u00e4ten verwendet wird.","og_url":"https:\/\/slewingbearings.com\/product\/w-17-slew-drive\/","og_site_name":"ZZ Group","og_image":[{"width":500,"height":500,"url":"https:\/\/slewingbearings.com\/wp-content\/uploads\/2024\/01\/w17-slew-drive.jpg","type":"image\/jpeg"}],"twitter_card":"summary_large_image","twitter_misc":{"Gesch\u00e4tzte Lesezeit":"1\u00a0Minute"},"schema":{"@context":"https:\/\/schema.org","@graph":[{"@type":"WebPage","@id":"https:\/\/slewingbearings.com\/product\/w-17-slew-drive\/","url":"https:\/\/slewingbearings.com\/product\/w-17-slew-drive\/","name":"W-17-Drehantrieb - ZZ Group","isPartOf":{"@id":"https:\/\/slewingbearings.com\/#website"},"datePublished":"2024-01-28T01:33:43+00:00","dateModified":"2024-01-28T01:33:43+00:00","description":"W-17 Schwenkantrieb offener Schwenkantrieb bezieht sich in der Regel auf ein Drehantriebssystem mit offener Struktur, das zur Realisierung der horizontalen Drehung von Ger\u00e4ten verwendet wird.","breadcrumb":{"@id":"https:\/\/slewingbearings.com\/product\/w-17-slew-drive\/#breadcrumb"},"inLanguage":"de","potentialAction":[{"@type":"ReadAction","target":["https:\/\/slewingbearings.com\/product\/w-17-slew-drive\/"]}]},{"@type":"BreadcrumbList","@id":"https:\/\/slewingbearings.com\/product\/w-17-slew-drive\/#breadcrumb","itemListElement":[{"@type":"ListItem","position":1,"name":"Home","item":"https:\/\/slewingbearings.com\/de\/grosswaelzlager-grosswaelzlagerantrieb\/"},{"@type":"ListItem","position":2,"name":"Shop","item":"https:\/\/slewingbearings.com\/shop\/"},{"@type":"ListItem","position":3,"name":"W-17-Drehantrieb"}]},{"@type":"WebSite","@id":"https:\/\/slewingbearings.com\/#website","url":"https:\/\/slewingbearings.com\/","name":"ZZ Group","description":"Leading Slewing Bearings in China","potentialAction":[{"@type":"SearchAction","target":{"@type":"EntryPoint","urlTemplate":"https:\/\/slewingbearings.com\/?s={search_term_string}"},"query-input":"required name=search_term_string"}],"inLanguage":"de"}]}},"_links":{"self":[{"href":"https:\/\/slewingbearings.com\/de\/wp-json\/wp\/v2\/product\/11805","targetHints":{"allow":["GET"]}}],"collection":[{"href":"https:\/\/slewingbearings.com\/de\/wp-json\/wp\/v2\/product"}],"about":[{"href":"https:\/\/slewingbearings.com\/de\/wp-json\/wp\/v2\/types\/product"}],"replies":[{"embeddable":true,"href":"https:\/\/slewingbearings.com\/de\/wp-json\/wp\/v2\/comments?post=11805"}],"wp:featuredmedia":[{"embeddable":true,"href":"https:\/\/slewingbearings.com\/de\/wp-json\/wp\/v2\/media\/6430"}],"wp:attachment":[{"href":"https:\/\/slewingbearings.com\/de\/wp-json\/wp\/v2\/media?parent=11805"}],"wp:term":[{"taxonomy":"product_cat","embeddable":true,"href":"https:\/\/slewingbearings.com\/de\/wp-json\/wp\/v2\/product_cat?post=11805"},{"taxonomy":"product_tag","embeddable":true,"href":"https:\/\/slewingbearings.com\/de\/wp-json\/wp\/v2\/product_tag?post=11805"}],"curies":[{"name":"wp","href":"https:\/\/api.w.org\/{rel}","templated":true}]}}