{"id":11798,"date":"2024-01-28T01:41:14","date_gmt":"2024-01-28T01:41:14","guid":{"rendered":"https:\/\/slewingbearings.com\/product\/w-19-schwenkbar-antrieb\/"},"modified":"2024-01-28T01:41:14","modified_gmt":"2024-01-28T01:41:14","slug":"w-19-schwenkbar-antrieb","status":"publish","type":"product","link":"https:\/\/slewingbearings.com\/de\/product\/w-19-schwenkbar-antrieb\/","title":{"rendered":"W-19 schwenkbar Antrieb"},"content":{"rendered":"<p>W-19 Drehantrieb,Das offene Drehantriebssystem ist ein mechanisches System mit offener Struktur, das haupts\u00e4chlich zum Drehen von Ger\u00e4ten oder Werkzeugen in horizontaler Richtung verwendet wird. Im Gegensatz zu geschlossenen Konstruktionen sind die internen mechanischen Komponenten von offenen Drehantriebssystemen f\u00fcr die Au\u00dfenwelt sichtbar, was einige einzigartige Vorteile in Bezug auf Betrieb, Wartung und Lehre bietet. <\/p>\n<p>Offene Schwenktriebe bieten eine flexible und effektive Option f\u00fcr die Konstruktion und den Betrieb von Antriebssystemen durch ihre offene Bauweise, verbesserte Sichtbarkeit, einfache Wartung, hervorragende W\u00e4rmeableitung, leichtes Design und Kosteneffizienz. Bei unterschiedlichen Anwendungsszenarien und technischen Anforderungen k\u00f6nnen Ingenieure und Konstrukteure offene Schwenkantriebe je nach Situation ausw\u00e4hlen, um die Anforderungen an Leistung, Zuverl\u00e4ssigkeit und Kosten zu erf\u00fcllen. <\/p>\n\n<table id=\"tablepress-41\" class=\"tablepress tablepress-id-41\">\n<thead>\n<tr class=\"row-1\">\n\t<th class=\"column-1\">Model<\/th><th class=\"column-2\">Output Torque<\/th><th class=\"column-3\">Tilting Moment Torque<\/th><th class=\"column-4\">Holding Torque<\/th><th class=\"column-5\">Gear Ratio<\/th><th class=\"column-6\">Tracking Precision<\/th><th class=\"column-7\">Weight<\/th><th class=\"column-8\">Drawing<\/th>\n<\/tr>\n<\/thead>\n<tbody class=\"row-striping row-hover\">\n<tr class=\"row-2\">\n\t<td class=\"column-1\">W17<\/td><td class=\"column-2\">12.96 KN.m<\/td><td class=\"column-3\">142.4 KN.m<\/td><td class=\"column-4\">58 KN.m<\/td><td class=\"column-5\">104:1<\/td><td class=\"column-6\">\u22640.1\u00b0<\/td><td class=\"column-7\">82kg<\/td><td class=\"column-8\"><a href=\"https:\/\/slewingbearings.com\/wp-content\/uploads\/2024\/01\/W17-Slew-Drive-catalog.pdf\"><br \/>\n<img decoding=\"async\" src=\"https:\/\/slewingbearings.com\/wp-content\/uploads\/2024\/01\/pdf.png\" width=\"30\" height=\"30\"><\/a><\/td>\n<\/tr>\n<tr class=\"row-3\">\n\t<td class=\"column-1\">W17<\/td><td class=\"column-2\">9564 lbf.ft<\/td><td class=\"column-3\">105\u00d710\u00b3 lbf.ft<\/td><td class=\"column-4\">42.8\u00d710\u00b3 lbf.ft<\/td><td class=\"column-5\">104:1<\/td><td class=\"column-6\">\u22640.1\u00b0<\/td><td class=\"column-7\">82kg<\/td><td class=\"column-8\"><a href=\"https:\/\/slewingbearings.com\/wp-content\/uploads\/2024\/01\/W17-Slew-Drive-catalog.pdf\"><br \/>\n<img decoding=\"async\" src=\"https:\/\/slewingbearings.com\/wp-content\/uploads\/2024\/01\/pdf.png\" width=\"30\" height=\"30\"><\/a><\/td>\n<\/tr>\n<\/tbody>\n<\/table>\n<!-- #tablepress-41 from cache -->\n","protected":false},"excerpt":{"rendered":"<p>Offene Schwenkantriebe werden in den Bereichen Industrie, Luft- und Raumfahrt, Automobilindustrie, Bauwesen und Robotik aufgrund ihrer offenen Struktur, verbesserten Sichtbarkeit, einfachen Wartung, hervorragenden W\u00e4rmeableitung, Leichtbauweise und Kosteneffizienz eingesetzt. eine wichtige Rolle. Es wird erwartet, dass sie in Zukunft intelligenter und umweltfreundlicher werden und sich kontinuierlich an die Entwicklung neuer Technologien und Materialien anpassen. Durch kontinuierliche Innovation und Verbesserung werden offene Schwenkantriebe weiterhin mehr M\u00f6glichkeiten und Chancen f\u00fcr den Bereich der mechanischen \u00dcbertragungssysteme bieten.   <\/p>\n","protected":false},"featured_media":6439,"comment_status":"open","ping_status":"closed","template":"","meta":{"content-type":""},"product_cat":[567,326],"product_tag":[568],"class_list":{"0":"post-11798","1":"product","2":"type-product","3":"status-publish","4":"has-post-thumbnail","6":"product_cat-w-drehantrieb","7":"product_cat-slew-drive-de","8":"product_tag-w19-schwenkantrieb","10":"first","11":"instock","12":"shipping-taxable","13":"product-type-simple"},"yoast_head":"<!-- This site is optimized with the Yoast SEO plugin v21.7 - https:\/\/yoast.com\/wordpress\/plugins\/seo\/ -->\n<title>W-19 schwenkbar Antrieb - ZZ Group<\/title>\n<meta name=\"description\" content=\"W-19 Schwenkantrieb offen Schwenkantrieb bezieht sich in der Regel auf eine offene Struktur Drehantriebssystem, das verwendet wird , um die horizontale Drehung der Ausr\u00fcstung zu realisieren.\" \/>\n<meta name=\"robots\" content=\"index, follow, max-snippet:-1, max-image-preview:large, max-video-preview:-1\" \/>\n<link rel=\"canonical\" href=\"https:\/\/slewingbearings.com\/product\/w-19-slew-drive\/\" \/>\n<meta property=\"og:locale\" content=\"de_DE\" \/>\n<meta property=\"og:type\" content=\"article\" \/>\n<meta property=\"og:title\" content=\"W-19 schwenkbar Antrieb - ZZ Group\" \/>\n<meta property=\"og:description\" content=\"W-19 Schwenkantrieb offen Schwenkantrieb bezieht sich in der Regel auf eine offene Struktur Drehantriebssystem, das verwendet wird , um die horizontale Drehung der Ausr\u00fcstung zu realisieren.\" \/>\n<meta property=\"og:url\" content=\"https:\/\/slewingbearings.com\/product\/w-19-slew-drive\/\" \/>\n<meta property=\"og:site_name\" content=\"ZZ Group\" \/>\n<meta property=\"og:image\" content=\"https:\/\/slewingbearings.com\/wp-content\/uploads\/2024\/01\/w19-slew-drive.jpg\" \/>\n\t<meta property=\"og:image:width\" content=\"500\" \/>\n\t<meta property=\"og:image:height\" content=\"500\" \/>\n\t<meta property=\"og:image:type\" content=\"image\/jpeg\" \/>\n<meta name=\"twitter:card\" content=\"summary_large_image\" \/>\n<meta name=\"twitter:label1\" content=\"Gesch\u00e4tzte Lesezeit\" \/>\n\t<meta name=\"twitter:data1\" content=\"1\u00a0Minute\" \/>\n<script type=\"application\/ld+json\" class=\"yoast-schema-graph\">{\"@context\":\"https:\/\/schema.org\",\"@graph\":[{\"@type\":\"WebPage\",\"@id\":\"https:\/\/slewingbearings.com\/product\/w-19-slew-drive\/\",\"url\":\"https:\/\/slewingbearings.com\/product\/w-19-slew-drive\/\",\"name\":\"W-19 schwenkbar Antrieb - ZZ Group\",\"isPartOf\":{\"@id\":\"https:\/\/slewingbearings.com\/#website\"},\"datePublished\":\"2024-01-28T01:41:14+00:00\",\"dateModified\":\"2024-01-28T01:41:14+00:00\",\"description\":\"W-19 Schwenkantrieb offen Schwenkantrieb bezieht sich in der Regel auf eine offene Struktur Drehantriebssystem, das verwendet wird , um die horizontale Drehung der Ausr\u00fcstung zu realisieren.\",\"breadcrumb\":{\"@id\":\"https:\/\/slewingbearings.com\/product\/w-19-slew-drive\/#breadcrumb\"},\"inLanguage\":\"de\",\"potentialAction\":[{\"@type\":\"ReadAction\",\"target\":[\"https:\/\/slewingbearings.com\/product\/w-19-slew-drive\/\"]}]},{\"@type\":\"BreadcrumbList\",\"@id\":\"https:\/\/slewingbearings.com\/product\/w-19-slew-drive\/#breadcrumb\",\"itemListElement\":[{\"@type\":\"ListItem\",\"position\":1,\"name\":\"Home\",\"item\":\"https:\/\/slewingbearings.com\/de\/grosswaelzlager-grosswaelzlagerantrieb\/\"},{\"@type\":\"ListItem\",\"position\":2,\"name\":\"Shop\",\"item\":\"https:\/\/slewingbearings.com\/shop\/\"},{\"@type\":\"ListItem\",\"position\":3,\"name\":\"W-19 schwenkbar Antrieb\"}]},{\"@type\":\"WebSite\",\"@id\":\"https:\/\/slewingbearings.com\/#website\",\"url\":\"https:\/\/slewingbearings.com\/\",\"name\":\"ZZ Group\",\"description\":\"Leading Slewing Bearings in China\",\"potentialAction\":[{\"@type\":\"SearchAction\",\"target\":{\"@type\":\"EntryPoint\",\"urlTemplate\":\"https:\/\/slewingbearings.com\/?s={search_term_string}\"},\"query-input\":\"required name=search_term_string\"}],\"inLanguage\":\"de\"}]}<\/script>\n<!-- \/ Yoast SEO plugin. -->","yoast_head_json":{"title":"W-19 schwenkbar Antrieb - ZZ Group","description":"W-19 Schwenkantrieb offen Schwenkantrieb bezieht sich in der Regel auf eine offene Struktur Drehantriebssystem, das verwendet wird , um die horizontale Drehung der Ausr\u00fcstung zu realisieren.","robots":{"index":"index","follow":"follow","max-snippet":"max-snippet:-1","max-image-preview":"max-image-preview:large","max-video-preview":"max-video-preview:-1"},"canonical":"https:\/\/slewingbearings.com\/product\/w-19-slew-drive\/","og_locale":"de_DE","og_type":"article","og_title":"W-19 schwenkbar Antrieb - ZZ Group","og_description":"W-19 Schwenkantrieb offen Schwenkantrieb bezieht sich in der Regel auf eine offene Struktur Drehantriebssystem, das verwendet wird , um die horizontale Drehung der Ausr\u00fcstung zu realisieren.","og_url":"https:\/\/slewingbearings.com\/product\/w-19-slew-drive\/","og_site_name":"ZZ Group","og_image":[{"width":500,"height":500,"url":"https:\/\/slewingbearings.com\/wp-content\/uploads\/2024\/01\/w19-slew-drive.jpg","type":"image\/jpeg"}],"twitter_card":"summary_large_image","twitter_misc":{"Gesch\u00e4tzte Lesezeit":"1\u00a0Minute"},"schema":{"@context":"https:\/\/schema.org","@graph":[{"@type":"WebPage","@id":"https:\/\/slewingbearings.com\/product\/w-19-slew-drive\/","url":"https:\/\/slewingbearings.com\/product\/w-19-slew-drive\/","name":"W-19 schwenkbar Antrieb - ZZ Group","isPartOf":{"@id":"https:\/\/slewingbearings.com\/#website"},"datePublished":"2024-01-28T01:41:14+00:00","dateModified":"2024-01-28T01:41:14+00:00","description":"W-19 Schwenkantrieb offen Schwenkantrieb bezieht sich in der Regel auf eine offene Struktur Drehantriebssystem, das verwendet wird , um die horizontale Drehung der Ausr\u00fcstung zu realisieren.","breadcrumb":{"@id":"https:\/\/slewingbearings.com\/product\/w-19-slew-drive\/#breadcrumb"},"inLanguage":"de","potentialAction":[{"@type":"ReadAction","target":["https:\/\/slewingbearings.com\/product\/w-19-slew-drive\/"]}]},{"@type":"BreadcrumbList","@id":"https:\/\/slewingbearings.com\/product\/w-19-slew-drive\/#breadcrumb","itemListElement":[{"@type":"ListItem","position":1,"name":"Home","item":"https:\/\/slewingbearings.com\/de\/grosswaelzlager-grosswaelzlagerantrieb\/"},{"@type":"ListItem","position":2,"name":"Shop","item":"https:\/\/slewingbearings.com\/shop\/"},{"@type":"ListItem","position":3,"name":"W-19 schwenkbar Antrieb"}]},{"@type":"WebSite","@id":"https:\/\/slewingbearings.com\/#website","url":"https:\/\/slewingbearings.com\/","name":"ZZ Group","description":"Leading Slewing Bearings in China","potentialAction":[{"@type":"SearchAction","target":{"@type":"EntryPoint","urlTemplate":"https:\/\/slewingbearings.com\/?s={search_term_string}"},"query-input":"required name=search_term_string"}],"inLanguage":"de"}]}},"_links":{"self":[{"href":"https:\/\/slewingbearings.com\/de\/wp-json\/wp\/v2\/product\/11798","targetHints":{"allow":["GET"]}}],"collection":[{"href":"https:\/\/slewingbearings.com\/de\/wp-json\/wp\/v2\/product"}],"about":[{"href":"https:\/\/slewingbearings.com\/de\/wp-json\/wp\/v2\/types\/product"}],"replies":[{"embeddable":true,"href":"https:\/\/slewingbearings.com\/de\/wp-json\/wp\/v2\/comments?post=11798"}],"wp:featuredmedia":[{"embeddable":true,"href":"https:\/\/slewingbearings.com\/de\/wp-json\/wp\/v2\/media\/6439"}],"wp:attachment":[{"href":"https:\/\/slewingbearings.com\/de\/wp-json\/wp\/v2\/media?parent=11798"}],"wp:term":[{"taxonomy":"product_cat","embeddable":true,"href":"https:\/\/slewingbearings.com\/de\/wp-json\/wp\/v2\/product_cat?post=11798"},{"taxonomy":"product_tag","embeddable":true,"href":"https:\/\/slewingbearings.com\/de\/wp-json\/wp\/v2\/product_tag?post=11798"}],"curies":[{"name":"wp","href":"https:\/\/api.w.org\/{rel}","templated":true}]}}