{"id":11748,"date":"2024-01-15T06:51:37","date_gmt":"2024-01-15T06:51:37","guid":{"rendered":"https:\/\/slewingbearings.com\/product\/sde-17-schwenktrieb\/"},"modified":"2024-01-15T06:51:37","modified_gmt":"2024-01-15T06:51:37","slug":"sde-17-schwenktrieb","status":"publish","type":"product","link":"https:\/\/slewingbearings.com\/de\/product\/sde-17-schwenktrieb\/","title":{"rendered":"SDE-17 Schwenktrieb"},"content":{"rendered":"<p>Die Konstruktionsmerkmale von SDE-Schwenkantrieben k\u00f6nnen je nach Anwendungsbereich und spezifischen Anforderungen variieren, aber im Allgemeinen k\u00f6nnen solche Ger\u00e4te die folgenden Konstruktionsmerkmale aufweisen:<\/p>\n<ul>\n<li>Lagersysteme: Vertikale Wellen ben\u00f6tigen oft ein Lagersystem, um die Reibung zu verringern, sie zu st\u00fctzen und eine reibungslose Drehung zu gew\u00e4hrleisten.<\/li>\n<li>Kontrollsystem: zur \u00dcberwachung, Steuerung und Einstellung der Drehbewegung. Dies kann Sensoren, Encoder und Feedback-Kontrollsysteme umfassen, um die Genauigkeit und Stabilit\u00e4t der Rotation zu gew\u00e4hrleisten. <\/li>\n<li>Strukturelle Unterst\u00fctzung: Strukturelle Komponenten an der Au\u00dfenseite des Ger\u00e4ts, die das gesamte System tragen und sichern. Dazu k\u00f6nnen Strukturelemente wie Halterungen und Sockel geh\u00f6ren. <\/li>\n<li>Sicherheitsvorrichtungen: Abh\u00e4ngig von der jeweiligen Anwendung m\u00fcssen Sicherheitsaspekte wie Notausschalter, Endschalter usw. ber\u00fccksichtigt werden.<\/li>\n<\/ul>\n\n<table id=\"tablepress-22\" class=\"tablepress tablepress-id-22\">\n<thead>\n<tr class=\"row-1\">\n\t<td class=\"column-1\"><\/td><th class=\"column-2\">Model<\/th><th class=\"column-3\">Output Torque<\/th><th class=\"column-4\">Tilting Moment Torque<\/th><th class=\"column-5\">Holding Torque<\/th><th class=\"column-6\">Gear Ratio<\/th><th class=\"column-7\">Tracking Precision<\/th><th class=\"column-8\">Weight<\/th><th class=\"column-9\">Drawing<\/th>\n<\/tr>\n<\/thead>\n<tbody class=\"row-striping row-hover\">\n<tr class=\"row-2\">\n\t<td class=\"column-1\">SDE17<\/td><td class=\"column-2\">Azimuth<\/td><td class=\"column-3\">20 KN.m<\/td><td class=\"column-4\">135.6 KN.m<\/td><td class=\"column-5\">72.3 KN.m<\/td><td class=\"column-6\">102:1<\/td><td class=\"column-7\">\u22640.2\u00b0<\/td><td class=\"column-8\">390kg<\/td><td class=\"column-9\"><a href=\"https:\/\/slewingbearings.com\/wp-content\/uploads\/2024\/01\/SDE17-Slew-Drive-catalog.pdf\"><br \/>\n<img decoding=\"async\" src=\"https:\/\/slewingbearings.com\/wp-content\/uploads\/2024\/01\/pdf.png\" width=\"30\" height=\"30\"><\/a><\/td>\n<\/tr>\n<tr class=\"row-3\">\n\t<td class=\"column-1\">SDE17<\/td><td class=\"column-2\">Azimuth<\/td><td class=\"column-3\">14760 lbf.ft<\/td><td class=\"column-4\">100\u00d710\u00b3 lbf.ft<\/td><td class=\"column-5\">53\u00d710\u00b3 lbf.ft<\/td><td class=\"column-6\">102:1<\/td><td class=\"column-7\">\u22640.2\u00b0<\/td><td class=\"column-8\">390kg<\/td><td class=\"column-9\"><a href=\"https:\/\/slewingbearings.com\/wp-content\/uploads\/2024\/01\/SDE17-Slew-Drive-catalog.pdf\"><br \/>\n<img decoding=\"async\" src=\"https:\/\/slewingbearings.com\/wp-content\/uploads\/2024\/01\/pdf.png\" width=\"30\" height=\"30\"><\/a><\/td>\n<\/tr>\n<tr class=\"row-4\">\n\t<td class=\"column-1\">SDE17<\/td><td class=\"column-2\">Elevation<\/td><td class=\"column-3\">20 KN.m<\/td><td class=\"column-4\">70 KN.m<\/td><td class=\"column-5\">68 KN.m<\/td><td class=\"column-6\">102:1<\/td><td class=\"column-7\">\u22640.2\u00b0<\/td><td class=\"column-8\">390kg<\/td><td class=\"column-9\"><a href=\"https:\/\/slewingbearings.com\/wp-content\/uploads\/2024\/01\/SDE17-Slew-Drive-catalog.pdf\"><br \/>\n<img decoding=\"async\" src=\"https:\/\/slewingbearings.com\/wp-content\/uploads\/2024\/01\/pdf.png\" width=\"30\" height=\"30\"><\/a><\/td>\n<\/tr>\n<tr class=\"row-5\">\n\t<td class=\"column-1\">SDE17<\/td><td class=\"column-2\">Elevation<\/td><td class=\"column-3\">14760 lbf.ft<\/td><td class=\"column-4\">52\u00d710\u00b3 lbf.ft<\/td><td class=\"column-5\">50\u00d710\u00b3 lbf.ft<\/td><td class=\"column-6\">102:1<\/td><td class=\"column-7\">\u22640.2\u00b0<\/td><td class=\"column-8\">390kg<\/td><td class=\"column-9\"><a href=\"https:\/\/slewingbearings.com\/wp-content\/uploads\/2024\/01\/SDE17-Slew-Drive-catalog.pdf\"><br \/>\n<img decoding=\"async\" src=\"https:\/\/slewingbearings.com\/wp-content\/uploads\/2024\/01\/pdf.png\" width=\"30\" height=\"30\"><\/a><\/td>\n<\/tr>\n<\/tbody>\n<\/table>\n<!-- #tablepress-22 from cache -->\n","protected":false},"excerpt":{"rendered":"<p>Die Drehantriebsvorrichtung der Serie SDE befindet sich am oberen oder unteren Ende der vertikalen Achse und ist mit einem elektrischen Antriebssystem ausgestattet. Dabei handelt es sich in der Regel um einen hocheffizienten Elektromotor, der so ausgelegt ist, dass er gen\u00fcgend Leistung f\u00fcr die Drehung einer vertikalen Welle aufbringen kann. Die Auswahl und Auslegung von Elektromotoren h\u00e4ngt von den Anforderungen der jeweiligen Anwendung ab und kann Faktoren wie Leistung, Geschwindigkeit und Effizienz umfassen.  <\/p>\n","protected":false},"featured_media":6088,"comment_status":"open","ping_status":"closed","template":"","meta":{"content-type":""},"product_cat":[528,326],"product_tag":[538],"class_list":{"0":"post-11748","1":"product","2":"type-product","3":"status-publish","4":"has-post-thumbnail","6":"product_cat-sde-schwenkantrieb","7":"product_cat-slew-drive-de","8":"product_tag-sde17-schwenktrieb","10":"first","11":"instock","12":"shipping-taxable","13":"product-type-simple"},"yoast_head":"<!-- This site is optimized with the Yoast SEO plugin v21.7 - https:\/\/yoast.com\/wordpress\/plugins\/seo\/ -->\n<title>SDE-17 Schwenktrieb - ZZ Group<\/title>\n<meta name=\"description\" content=\"Bei der Konstruktion des Schwenkantriebs der SDE-Serie m\u00fcssen auch Sicherheit und Stabilit\u00e4t ber\u00fccksichtigt werden, um die Stabilit\u00e4t des gesamten Systems zu gew\u00e4hrleisten.\" \/>\n<meta name=\"robots\" content=\"index, follow, max-snippet:-1, max-image-preview:large, max-video-preview:-1\" \/>\n<link rel=\"canonical\" href=\"https:\/\/slewingbearings.com\/product\/sde-17-slew-drive\/\" \/>\n<meta property=\"og:locale\" content=\"de_DE\" \/>\n<meta property=\"og:type\" content=\"article\" \/>\n<meta property=\"og:title\" content=\"SDE-17 Schwenktrieb - ZZ Group\" \/>\n<meta property=\"og:description\" content=\"Bei der Konstruktion des Schwenkantriebs der SDE-Serie m\u00fcssen auch Sicherheit und Stabilit\u00e4t ber\u00fccksichtigt werden, um die Stabilit\u00e4t des gesamten Systems zu gew\u00e4hrleisten.\" \/>\n<meta property=\"og:url\" content=\"https:\/\/slewingbearings.com\/product\/sde-17-slew-drive\/\" \/>\n<meta property=\"og:site_name\" content=\"ZZ Group\" \/>\n<meta property=\"og:image\" content=\"https:\/\/slewingbearings.com\/wp-content\/uploads\/2024\/01\/sde17-slew-drive-1.jpg\" \/>\n\t<meta property=\"og:image:width\" content=\"500\" \/>\n\t<meta property=\"og:image:height\" content=\"500\" \/>\n\t<meta property=\"og:image:type\" content=\"image\/jpeg\" \/>\n<meta name=\"twitter:card\" content=\"summary_large_image\" \/>\n<meta name=\"twitter:label1\" content=\"Gesch\u00e4tzte Lesezeit\" \/>\n\t<meta name=\"twitter:data1\" content=\"1\u00a0Minute\" \/>\n<script type=\"application\/ld+json\" class=\"yoast-schema-graph\">{\"@context\":\"https:\/\/schema.org\",\"@graph\":[{\"@type\":\"WebPage\",\"@id\":\"https:\/\/slewingbearings.com\/product\/sde-17-slew-drive\/\",\"url\":\"https:\/\/slewingbearings.com\/product\/sde-17-slew-drive\/\",\"name\":\"SDE-17 Schwenktrieb - ZZ Group\",\"isPartOf\":{\"@id\":\"https:\/\/slewingbearings.com\/#website\"},\"datePublished\":\"2024-01-15T06:51:37+00:00\",\"dateModified\":\"2024-01-15T06:51:37+00:00\",\"description\":\"Bei der Konstruktion des Schwenkantriebs der SDE-Serie m\u00fcssen auch Sicherheit und Stabilit\u00e4t ber\u00fccksichtigt werden, um die Stabilit\u00e4t des gesamten Systems zu gew\u00e4hrleisten.\",\"breadcrumb\":{\"@id\":\"https:\/\/slewingbearings.com\/product\/sde-17-slew-drive\/#breadcrumb\"},\"inLanguage\":\"de\",\"potentialAction\":[{\"@type\":\"ReadAction\",\"target\":[\"https:\/\/slewingbearings.com\/product\/sde-17-slew-drive\/\"]}]},{\"@type\":\"BreadcrumbList\",\"@id\":\"https:\/\/slewingbearings.com\/product\/sde-17-slew-drive\/#breadcrumb\",\"itemListElement\":[{\"@type\":\"ListItem\",\"position\":1,\"name\":\"Home\",\"item\":\"https:\/\/slewingbearings.com\/de\/grosswaelzlager-grosswaelzlagerantrieb\/\"},{\"@type\":\"ListItem\",\"position\":2,\"name\":\"Shop\",\"item\":\"https:\/\/slewingbearings.com\/shop\/\"},{\"@type\":\"ListItem\",\"position\":3,\"name\":\"SDE-17 Schwenktrieb\"}]},{\"@type\":\"WebSite\",\"@id\":\"https:\/\/slewingbearings.com\/#website\",\"url\":\"https:\/\/slewingbearings.com\/\",\"name\":\"ZZ Group\",\"description\":\"Leading Slewing Bearings in China\",\"potentialAction\":[{\"@type\":\"SearchAction\",\"target\":{\"@type\":\"EntryPoint\",\"urlTemplate\":\"https:\/\/slewingbearings.com\/?s={search_term_string}\"},\"query-input\":\"required name=search_term_string\"}],\"inLanguage\":\"de\"}]}<\/script>\n<!-- \/ Yoast SEO plugin. -->","yoast_head_json":{"title":"SDE-17 Schwenktrieb - ZZ Group","description":"Bei der Konstruktion des Schwenkantriebs der SDE-Serie m\u00fcssen auch Sicherheit und Stabilit\u00e4t ber\u00fccksichtigt werden, um die Stabilit\u00e4t des gesamten Systems zu gew\u00e4hrleisten.","robots":{"index":"index","follow":"follow","max-snippet":"max-snippet:-1","max-image-preview":"max-image-preview:large","max-video-preview":"max-video-preview:-1"},"canonical":"https:\/\/slewingbearings.com\/product\/sde-17-slew-drive\/","og_locale":"de_DE","og_type":"article","og_title":"SDE-17 Schwenktrieb - ZZ Group","og_description":"Bei der Konstruktion des Schwenkantriebs der SDE-Serie m\u00fcssen auch Sicherheit und Stabilit\u00e4t ber\u00fccksichtigt werden, um die Stabilit\u00e4t des gesamten Systems zu gew\u00e4hrleisten.","og_url":"https:\/\/slewingbearings.com\/product\/sde-17-slew-drive\/","og_site_name":"ZZ Group","og_image":[{"width":500,"height":500,"url":"https:\/\/slewingbearings.com\/wp-content\/uploads\/2024\/01\/sde17-slew-drive-1.jpg","type":"image\/jpeg"}],"twitter_card":"summary_large_image","twitter_misc":{"Gesch\u00e4tzte Lesezeit":"1\u00a0Minute"},"schema":{"@context":"https:\/\/schema.org","@graph":[{"@type":"WebPage","@id":"https:\/\/slewingbearings.com\/product\/sde-17-slew-drive\/","url":"https:\/\/slewingbearings.com\/product\/sde-17-slew-drive\/","name":"SDE-17 Schwenktrieb - ZZ Group","isPartOf":{"@id":"https:\/\/slewingbearings.com\/#website"},"datePublished":"2024-01-15T06:51:37+00:00","dateModified":"2024-01-15T06:51:37+00:00","description":"Bei der Konstruktion des Schwenkantriebs der SDE-Serie m\u00fcssen auch Sicherheit und Stabilit\u00e4t ber\u00fccksichtigt werden, um die Stabilit\u00e4t des gesamten Systems zu gew\u00e4hrleisten.","breadcrumb":{"@id":"https:\/\/slewingbearings.com\/product\/sde-17-slew-drive\/#breadcrumb"},"inLanguage":"de","potentialAction":[{"@type":"ReadAction","target":["https:\/\/slewingbearings.com\/product\/sde-17-slew-drive\/"]}]},{"@type":"BreadcrumbList","@id":"https:\/\/slewingbearings.com\/product\/sde-17-slew-drive\/#breadcrumb","itemListElement":[{"@type":"ListItem","position":1,"name":"Home","item":"https:\/\/slewingbearings.com\/de\/grosswaelzlager-grosswaelzlagerantrieb\/"},{"@type":"ListItem","position":2,"name":"Shop","item":"https:\/\/slewingbearings.com\/shop\/"},{"@type":"ListItem","position":3,"name":"SDE-17 Schwenktrieb"}]},{"@type":"WebSite","@id":"https:\/\/slewingbearings.com\/#website","url":"https:\/\/slewingbearings.com\/","name":"ZZ Group","description":"Leading Slewing Bearings in China","potentialAction":[{"@type":"SearchAction","target":{"@type":"EntryPoint","urlTemplate":"https:\/\/slewingbearings.com\/?s={search_term_string}"},"query-input":"required name=search_term_string"}],"inLanguage":"de"}]}},"_links":{"self":[{"href":"https:\/\/slewingbearings.com\/de\/wp-json\/wp\/v2\/product\/11748","targetHints":{"allow":["GET"]}}],"collection":[{"href":"https:\/\/slewingbearings.com\/de\/wp-json\/wp\/v2\/product"}],"about":[{"href":"https:\/\/slewingbearings.com\/de\/wp-json\/wp\/v2\/types\/product"}],"replies":[{"embeddable":true,"href":"https:\/\/slewingbearings.com\/de\/wp-json\/wp\/v2\/comments?post=11748"}],"wp:featuredmedia":[{"embeddable":true,"href":"https:\/\/slewingbearings.com\/de\/wp-json\/wp\/v2\/media\/6088"}],"wp:attachment":[{"href":"https:\/\/slewingbearings.com\/de\/wp-json\/wp\/v2\/media?parent=11748"}],"wp:term":[{"taxonomy":"product_cat","embeddable":true,"href":"https:\/\/slewingbearings.com\/de\/wp-json\/wp\/v2\/product_cat?post=11748"},{"taxonomy":"product_tag","embeddable":true,"href":"https:\/\/slewingbearings.com\/de\/wp-json\/wp\/v2\/product_tag?post=11748"}],"curies":[{"name":"wp","href":"https:\/\/api.w.org\/{rel}","templated":true}]}}