{"id":11741,"date":"2024-01-15T03:58:57","date_gmt":"2024-01-15T03:58:57","guid":{"rendered":"https:\/\/slewingbearings.com\/product\/sde-7-drehwerk-antrieb\/"},"modified":"2024-01-15T03:58:57","modified_gmt":"2024-01-15T03:58:57","slug":"sde-7-drehwerk-antrieb","status":"publish","type":"product","link":"https:\/\/slewingbearings.com\/de\/product\/sde-7-drehwerk-antrieb\/","title":{"rendered":"SDE-7 Drehwerk Antrieb"},"content":{"rendered":"<p>Die Konstruktionsmerkmale von SDE-Schwenkantrieben k\u00f6nnen je nach Anwendungsbereich und spezifischen Anforderungen variieren, aber im Allgemeinen k\u00f6nnen solche Ger\u00e4te die folgenden Konstruktionsmerkmale aufweisen:<\/p>\n<ul>\n<li>Konstruktion mit vertikaler Achse: Die Ger\u00e4te werden oft mit einer vertikalen Achse konstruiert, um eine Drehung in vertikaler Richtung zu erm\u00f6glichen. Die Konstruktion von vertikalen Wellen erfordert \u00dcberlegungen zu Kraft und Abst\u00fctzung, wobei h\u00e4ufig speziell entwickelte Lagersysteme zum Einsatz kommen. <\/li>\n<li>Elektrisches Antriebssystem: Umfasst in der Regel einen Elektromotor, der die Rotation antreibt. Dabei kann es sich um einen Elektromotor handeln, der direkt mit der vertikalen Welle verbunden ist, oder die Leistung wird \u00fcber einen Antriebsstrang auf die vertikale Welle \u00fcbertragen. <\/li>\n<li>Getriebesystem: dient zur \u00dcbertragung der Drehbewegung des Elektromotors auf die vertikale Achse. Das \u00dcbertragungssystem kann aus Zahnr\u00e4dern, Riemen, Ketten usw. bestehen, die je nach den spezifischen Anforderungen ausgew\u00e4hlt werden. <\/li>\n<\/ul>\n\n<table id=\"tablepress-21\" class=\"tablepress tablepress-id-21\">\n<thead>\n<tr class=\"row-1\">\n\t<td class=\"column-1\"><\/td><th class=\"column-2\">Model<\/th><th class=\"column-3\">Output Torque<\/th><th class=\"column-4\">Tilting Moment Torque<\/th><th class=\"column-5\">Holding Torque<\/th><th class=\"column-6\">Gear Ratio<\/th><th class=\"column-7\">Tracking Precision<\/th><th class=\"column-8\">Weight<\/th><th class=\"column-9\">Drawing<\/th>\n<\/tr>\n<\/thead>\n<tbody class=\"row-striping row-hover\">\n<tr class=\"row-2\">\n\t<td class=\"column-1\">SDE7<\/td><td class=\"column-2\">Azimuth<\/td><td class=\"column-3\">1500 N.m<\/td><td class=\"column-4\">13500 N.m<\/td><td class=\"column-5\">10400 N.m<\/td><td class=\"column-6\">73:1<\/td><td class=\"column-7\">\u22640.2\u00b0<\/td><td class=\"column-8\">58kg<\/td><td class=\"column-9\"><a href=\"https:\/\/slewingbearings.com\/wp-content\/uploads\/2024\/01\/SDE7-Slew-Drive-catalog.pdf\"><br \/>\n<img decoding=\"async\" src=\"https:\/\/slewingbearings.com\/wp-content\/uploads\/2024\/01\/pdf.png\" width=\"30\" height=\"30\"><\/a><\/td>\n<\/tr>\n<tr class=\"row-3\">\n\t<td class=\"column-1\">SDE7<\/td><td class=\"column-2\">Azimuth<\/td><td class=\"column-3\">1107 lbf.ft<\/td><td class=\"column-4\">9957 lbf.ft<\/td><td class=\"column-5\">7671 lbf.ft<\/td><td class=\"column-6\">73:1<\/td><td class=\"column-7\">\u22640.2\u00b0<\/td><td class=\"column-8\">58kg<\/td><td class=\"column-9\"><a href=\"https:\/\/slewingbearings.com\/wp-content\/uploads\/2024\/01\/SDE7-Slew-Drive-catalog.pdf\"><br \/>\n<img decoding=\"async\" src=\"https:\/\/slewingbearings.com\/wp-content\/uploads\/2024\/01\/pdf.png\" width=\"30\" height=\"30\"><\/a><\/td>\n<\/tr>\n<tr class=\"row-4\">\n\t<td class=\"column-1\">SDE7<\/td><td class=\"column-2\">Elevation<\/td><td class=\"column-3\">2000 N.m<\/td><td class=\"column-4\">10 KN.m<\/td><td class=\"column-5\">9000 N.m<\/td><td class=\"column-6\">28:1<\/td><td class=\"column-7\">\u22640.2\u00b0<\/td><td class=\"column-8\">58kg<\/td><td class=\"column-9\"><a href=\"https:\/\/slewingbearings.com\/wp-content\/uploads\/2024\/01\/SDE7-Slew-Drive-catalog.pdf\"><br \/>\n<img decoding=\"async\" src=\"https:\/\/slewingbearings.com\/wp-content\/uploads\/2024\/01\/pdf.png\" width=\"30\" height=\"30\"><\/a><\/td>\n<\/tr>\n<tr class=\"row-5\">\n\t<td class=\"column-1\">SDE7<\/td><td class=\"column-2\">Elevation<\/td><td class=\"column-3\">1476 lbf.ft<\/td><td class=\"column-4\">7380 lbf.ft<\/td><td class=\"column-5\">6642 lbf.ft<\/td><td class=\"column-6\">28:1<\/td><td class=\"column-7\">\u22640.2\u00b0<\/td><td class=\"column-8\">58kg<\/td><td class=\"column-9\"><a href=\"https:\/\/slewingbearings.com\/wp-content\/uploads\/2024\/01\/SDE7-Slew-Drive-catalog.pdf\"><br \/>\n<img decoding=\"async\" src=\"https:\/\/slewingbearings.com\/wp-content\/uploads\/2024\/01\/pdf.png\" width=\"30\" height=\"30\"><\/a><\/td>\n<\/tr>\n<\/tbody>\n<\/table>\n<!-- #tablepress-21 from cache -->\n","protected":false},"excerpt":{"rendered":"<p>Der Schwenkantrieb SDE7 ist eine speziell entwickelte mechanische oder elektrische Vorrichtung, deren Hauptfunktion darin besteht, ein Objekt in vertikaler Richtung zu drehen. Seine strukturellen Merkmale umfassen mehrere Schl\u00fcsselkomponenten, um Pr\u00e4zision, Stabilit\u00e4t und Kontrollierbarkeit der Drehung zu gew\u00e4hrleisten. <\/p>\n<p>Das Herzst\u00fcck des Ger\u00e4ts ist die Konstruktion der vertikalen Achse. Die vertikale Achse ist der Hauptk\u00f6rper des Ger\u00e4ts und muss die durch die Drehbewegung verursachten Kr\u00e4fte und Dr\u00fccke aushalten. Um Stabilit\u00e4t und eine reibungslose Drehung zu gew\u00e4hrleisten, ist die vertikale Welle mit einem speziell entwickelten Lagersystem ausgestattet, das die Reibung reduziert und f\u00fcr Halt sorgt.  <\/p>\n","protected":false},"featured_media":6070,"comment_status":"open","ping_status":"closed","template":"","meta":{"content-type":""},"product_cat":[528,326],"product_tag":[529],"class_list":{"0":"post-11741","1":"product","2":"type-product","3":"status-publish","4":"has-post-thumbnail","6":"product_cat-sde-schwenkantrieb","7":"product_cat-slew-drive-de","8":"product_tag-sde-schwenkantrieb","10":"first","11":"instock","12":"shipping-taxable","13":"product-type-simple"},"yoast_head":"<!-- This site is optimized with the Yoast SEO plugin v21.7 - https:\/\/yoast.com\/wordpress\/plugins\/seo\/ -->\n<title>SDE-7 Drehwerk Antrieb - ZZ Group<\/title>\n<meta name=\"description\" content=\"Der Schwenkantrieb der SDE-Serie ist ein gekapselter Vertikalschwenkantrieb mit Getriebe f\u00fcr Anwendungen im Au\u00dfenbereich mit niedriger Drehzahl&lt;1 RPM).\" \/>\n<meta name=\"robots\" content=\"index, follow, max-snippet:-1, max-image-preview:large, max-video-preview:-1\" \/>\n<link rel=\"canonical\" href=\"https:\/\/slewingbearings.com\/product\/sde-7-slew-drive\/\" \/>\n<meta property=\"og:locale\" content=\"de_DE\" \/>\n<meta property=\"og:type\" content=\"article\" \/>\n<meta property=\"og:title\" content=\"SDE-7 Drehwerk Antrieb - ZZ Group\" \/>\n<meta property=\"og:description\" content=\"Der Schwenkantrieb der SDE-Serie ist ein gekapselter Vertikalschwenkantrieb mit Getriebe f\u00fcr Anwendungen im Au\u00dfenbereich mit niedriger Drehzahl&lt;1 RPM).\" \/>\n<meta property=\"og:url\" content=\"https:\/\/slewingbearings.com\/product\/sde-7-slew-drive\/\" \/>\n<meta property=\"og:site_name\" content=\"ZZ Group\" \/>\n<meta property=\"og:image\" content=\"https:\/\/slewingbearings.com\/wp-content\/uploads\/2024\/01\/sde7-slew-drive-1.jpg\" \/>\n\t<meta property=\"og:image:width\" content=\"500\" \/>\n\t<meta property=\"og:image:height\" content=\"500\" \/>\n\t<meta property=\"og:image:type\" content=\"image\/jpeg\" \/>\n<meta name=\"twitter:card\" content=\"summary_large_image\" \/>\n<meta name=\"twitter:label1\" content=\"Gesch\u00e4tzte Lesezeit\" \/>\n\t<meta name=\"twitter:data1\" content=\"1\u00a0Minute\" \/>\n<script type=\"application\/ld+json\" class=\"yoast-schema-graph\">{\"@context\":\"https:\/\/schema.org\",\"@graph\":[{\"@type\":\"WebPage\",\"@id\":\"https:\/\/slewingbearings.com\/product\/sde-7-slew-drive\/\",\"url\":\"https:\/\/slewingbearings.com\/product\/sde-7-slew-drive\/\",\"name\":\"SDE-7 Drehwerk Antrieb - ZZ Group\",\"isPartOf\":{\"@id\":\"https:\/\/slewingbearings.com\/#website\"},\"datePublished\":\"2024-01-15T03:58:57+00:00\",\"dateModified\":\"2024-01-15T03:58:57+00:00\",\"description\":\"Der Schwenkantrieb der SDE-Serie ist ein gekapselter Vertikalschwenkantrieb mit Getriebe f\u00fcr Anwendungen im Au\u00dfenbereich mit niedriger Drehzahl&lt;1 RPM).\",\"breadcrumb\":{\"@id\":\"https:\/\/slewingbearings.com\/product\/sde-7-slew-drive\/#breadcrumb\"},\"inLanguage\":\"de\",\"potentialAction\":[{\"@type\":\"ReadAction\",\"target\":[\"https:\/\/slewingbearings.com\/product\/sde-7-slew-drive\/\"]}]},{\"@type\":\"BreadcrumbList\",\"@id\":\"https:\/\/slewingbearings.com\/product\/sde-7-slew-drive\/#breadcrumb\",\"itemListElement\":[{\"@type\":\"ListItem\",\"position\":1,\"name\":\"Home\",\"item\":\"https:\/\/slewingbearings.com\/de\/grosswaelzlager-grosswaelzlagerantrieb\/\"},{\"@type\":\"ListItem\",\"position\":2,\"name\":\"Shop\",\"item\":\"https:\/\/slewingbearings.com\/shop\/\"},{\"@type\":\"ListItem\",\"position\":3,\"name\":\"SDE-7 Drehwerk Antrieb\"}]},{\"@type\":\"WebSite\",\"@id\":\"https:\/\/slewingbearings.com\/#website\",\"url\":\"https:\/\/slewingbearings.com\/\",\"name\":\"ZZ Group\",\"description\":\"Leading Slewing Bearings in China\",\"potentialAction\":[{\"@type\":\"SearchAction\",\"target\":{\"@type\":\"EntryPoint\",\"urlTemplate\":\"https:\/\/slewingbearings.com\/?s={search_term_string}\"},\"query-input\":\"required name=search_term_string\"}],\"inLanguage\":\"de\"}]}<\/script>\n<!-- \/ Yoast SEO plugin. -->","yoast_head_json":{"title":"SDE-7 Drehwerk Antrieb - ZZ Group","description":"Der Schwenkantrieb der SDE-Serie ist ein gekapselter Vertikalschwenkantrieb mit Getriebe f\u00fcr Anwendungen im Au\u00dfenbereich mit niedriger Drehzahl&lt;1 RPM).","robots":{"index":"index","follow":"follow","max-snippet":"max-snippet:-1","max-image-preview":"max-image-preview:large","max-video-preview":"max-video-preview:-1"},"canonical":"https:\/\/slewingbearings.com\/product\/sde-7-slew-drive\/","og_locale":"de_DE","og_type":"article","og_title":"SDE-7 Drehwerk Antrieb - ZZ Group","og_description":"Der Schwenkantrieb der SDE-Serie ist ein gekapselter Vertikalschwenkantrieb mit Getriebe f\u00fcr Anwendungen im Au\u00dfenbereich mit niedriger Drehzahl&lt;1 RPM).","og_url":"https:\/\/slewingbearings.com\/product\/sde-7-slew-drive\/","og_site_name":"ZZ Group","og_image":[{"width":500,"height":500,"url":"https:\/\/slewingbearings.com\/wp-content\/uploads\/2024\/01\/sde7-slew-drive-1.jpg","type":"image\/jpeg"}],"twitter_card":"summary_large_image","twitter_misc":{"Gesch\u00e4tzte Lesezeit":"1\u00a0Minute"},"schema":{"@context":"https:\/\/schema.org","@graph":[{"@type":"WebPage","@id":"https:\/\/slewingbearings.com\/product\/sde-7-slew-drive\/","url":"https:\/\/slewingbearings.com\/product\/sde-7-slew-drive\/","name":"SDE-7 Drehwerk Antrieb - ZZ Group","isPartOf":{"@id":"https:\/\/slewingbearings.com\/#website"},"datePublished":"2024-01-15T03:58:57+00:00","dateModified":"2024-01-15T03:58:57+00:00","description":"Der Schwenkantrieb der SDE-Serie ist ein gekapselter Vertikalschwenkantrieb mit Getriebe f\u00fcr Anwendungen im Au\u00dfenbereich mit niedriger Drehzahl&lt;1 RPM).","breadcrumb":{"@id":"https:\/\/slewingbearings.com\/product\/sde-7-slew-drive\/#breadcrumb"},"inLanguage":"de","potentialAction":[{"@type":"ReadAction","target":["https:\/\/slewingbearings.com\/product\/sde-7-slew-drive\/"]}]},{"@type":"BreadcrumbList","@id":"https:\/\/slewingbearings.com\/product\/sde-7-slew-drive\/#breadcrumb","itemListElement":[{"@type":"ListItem","position":1,"name":"Home","item":"https:\/\/slewingbearings.com\/de\/grosswaelzlager-grosswaelzlagerantrieb\/"},{"@type":"ListItem","position":2,"name":"Shop","item":"https:\/\/slewingbearings.com\/shop\/"},{"@type":"ListItem","position":3,"name":"SDE-7 Drehwerk Antrieb"}]},{"@type":"WebSite","@id":"https:\/\/slewingbearings.com\/#website","url":"https:\/\/slewingbearings.com\/","name":"ZZ Group","description":"Leading Slewing Bearings in China","potentialAction":[{"@type":"SearchAction","target":{"@type":"EntryPoint","urlTemplate":"https:\/\/slewingbearings.com\/?s={search_term_string}"},"query-input":"required name=search_term_string"}],"inLanguage":"de"}]}},"_links":{"self":[{"href":"https:\/\/slewingbearings.com\/de\/wp-json\/wp\/v2\/product\/11741","targetHints":{"allow":["GET"]}}],"collection":[{"href":"https:\/\/slewingbearings.com\/de\/wp-json\/wp\/v2\/product"}],"about":[{"href":"https:\/\/slewingbearings.com\/de\/wp-json\/wp\/v2\/types\/product"}],"replies":[{"embeddable":true,"href":"https:\/\/slewingbearings.com\/de\/wp-json\/wp\/v2\/comments?post=11741"}],"wp:featuredmedia":[{"embeddable":true,"href":"https:\/\/slewingbearings.com\/de\/wp-json\/wp\/v2\/media\/6070"}],"wp:attachment":[{"href":"https:\/\/slewingbearings.com\/de\/wp-json\/wp\/v2\/media?parent=11741"}],"wp:term":[{"taxonomy":"product_cat","embeddable":true,"href":"https:\/\/slewingbearings.com\/de\/wp-json\/wp\/v2\/product_cat?post=11741"},{"taxonomy":"product_tag","embeddable":true,"href":"https:\/\/slewingbearings.com\/de\/wp-json\/wp\/v2\/product_tag?post=11741"}],"curies":[{"name":"wp","href":"https:\/\/api.w.org\/{rel}","templated":true}]}}