{"id":11730,"date":"2024-01-15T02:35:32","date_gmt":"2024-01-15T02:35:32","guid":{"rendered":"https:\/\/slewingbearings.com\/product\/se-25-drehantrieb\/"},"modified":"2024-01-15T02:35:32","modified_gmt":"2024-01-15T02:35:32","slug":"se-25-drehantrieb","status":"publish","type":"product","link":"https:\/\/slewingbearings.com\/de\/product\/se-25-drehantrieb\/","title":{"rendered":"SE-25 Drehantrieb"},"content":{"rendered":"<p>Schwenktriebe sind im Bereich der Baumaschinen weit verbreitet und ihre Hauptfunktion besteht darin, die Drehbewegung von mechanischen Ger\u00e4ten zu realisieren. Im Folgenden werden einige g\u00e4ngige Anwendungen von Schwenkantrieben in Baumaschinen beschrieben: <\/p>\n<p>Bagger und Aushubger\u00e4te: Schwenkantriebe werden eingesetzt, um das rotierende Fahrgestell von Baggern und anderen Aushubger\u00e4ten zu bewegen, so dass sie sich um 360 Grad drehen k\u00f6nnen. Dies ist wichtig f\u00fcr die genaue Positionierung und Ausrichtung bei Erdbewegungs-, Aushub- und Bauarbeiten. <\/p>\n<p>Turmdrehkran: Turmdrehkrane auf Baustellen m\u00fcssen h\u00e4ufig Schwenkbewegungen ausf\u00fchren , um sicherzustellen, dass der Ausleger genau positioniert werden kann und den gesamten Arbeitsbereich abdeckt. Der Schwenkantrieb wird verwendet , um die Drehfunktion des Turmdrehkrans zu realisieren. <\/p>\n\n<table id=\"tablepress-20\" class=\"tablepress tablepress-id-20\">\n<thead>\n<tr class=\"row-1\">\n\t<th class=\"column-1\">Model<\/th><th class=\"column-2\">Output Torque<\/th><th class=\"column-3\">Tilting Moment Torque<\/th><th class=\"column-4\">Holding Torque<\/th><th class=\"column-5\">Gear Ratio<\/th><th class=\"column-6\">Tracking Precision<\/th><th class=\"column-7\">Weight<\/th><th class=\"column-8\">Drawing<\/th>\n<\/tr>\n<\/thead>\n<tbody class=\"row-striping row-hover\">\n<tr class=\"row-2\">\n\t<td class=\"column-1\">SE25<\/td><td class=\"column-2\">18 KN.m<\/td><td class=\"column-3\">271 KN.m<\/td><td class=\"column-4\">158.3 KN.m<\/td><td class=\"column-5\">150:1<\/td><td class=\"column-6\">0.15\u00b0<\/td><td class=\"column-7\">204kg<\/td><td class=\"column-8\"><a href=\"https:\/\/slewingbearings.com\/wp-content\/uploads\/2024\/01\/SE25-Slew-Drive-catalog.pdf\"><br \/>\n<img decoding=\"async\" src=\"https:\/\/slewingbearings.com\/wp-content\/uploads\/2024\/01\/pdf.png\" width=\"30\" height=\"30\"><\/a><\/td>\n<\/tr>\n<tr class=\"row-3\">\n\t<td class=\"column-1\">SE25<\/td><td class=\"column-2\">13300 lbf.ft<\/td><td class=\"column-3\">200\u00d710\u00b3 lbf.ft<\/td><td class=\"column-4\">117\u00d710\u00b3 lbf.ft<\/td><td class=\"column-5\">150:1<\/td><td class=\"column-6\">0.15\u00b0<\/td><td class=\"column-7\">204kg<\/td><td class=\"column-8\"><a href=\"https:\/\/slewingbearings.com\/wp-content\/uploads\/2024\/01\/SE25-Slew-Drive-catalog.pdf\"><br \/>\n<img decoding=\"async\" src=\"https:\/\/slewingbearings.com\/wp-content\/uploads\/2024\/01\/pdf.png\" width=\"30\" height=\"30\"><\/a><\/td>\n<\/tr>\n<\/tbody>\n<\/table>\n<!-- #tablepress-20 from cache -->\n","protected":false},"excerpt":{"rendered":"<p>Die Hauptstruktur des Schwenktriebs umfasst Au\u00dfen- und Innenringe, Getriebe, Motoren, Untersetzungsgetriebe, Lagersysteme, Dichtungen und Schutzkomponenten. Der Au\u00dfenring ist in der Regel im mechanischen System befestigt, w\u00e4hrend der Innenring mit der mechanischen Ausr\u00fcstung verbunden ist und sich durch das Antriebssystem dreht. Das Getriebesystem ist der wichtigste \u00dcbertragungsmechanismus, der aus Pr\u00e4zisionszahnr\u00e4dern besteht, um eine reibungslose Rotation der Innen- und Au\u00dfenringe zu erreichen. Der Motor liefert das Drehmoment, das Untersetzungsgetriebe dient zur Reduzierung der Drehzahl, das Lagersystem dient zur Unterst\u00fctzung und F\u00fchrung der Drehbewegung, und Dichtungs- und Schutzma\u00dfnahmen gew\u00e4hrleisten den stabilen Betrieb der internen mechanischen Komponenten.   <\/p>\n","protected":false},"featured_media":6025,"comment_status":"open","ping_status":"closed","template":"","meta":{"content-type":""},"product_cat":[333,326],"product_tag":[517],"class_list":{"0":"post-11730","1":"product","2":"type-product","3":"status-publish","4":"has-post-thumbnail","6":"product_cat-se-pe-slew-drive-de","7":"product_cat-slew-drive-de","8":"product_tag-se-25-drehantrieb","10":"first","11":"instock","12":"shipping-taxable","13":"product-type-simple"},"yoast_head":"<!-- This site is optimized with the Yoast SEO plugin v21.7 - https:\/\/yoast.com\/wordpress\/plugins\/seo\/ -->\n<title>SE-25 Drehantrieb - ZZ Group<\/title>\n<meta name=\"description\" content=\"Die Hauptstruktur des SE25-Schwenkantriebs umfasst Au\u00dfen- und Innenringe, Getriebe, Motoren, Untersetzungsgetriebe, Lagersysteme, Dichtungen und Schutzkomponenten.\" \/>\n<meta name=\"robots\" content=\"index, follow, max-snippet:-1, max-image-preview:large, max-video-preview:-1\" \/>\n<link rel=\"canonical\" href=\"https:\/\/slewingbearings.com\/product\/se-25-slew-drive\/\" \/>\n<meta property=\"og:locale\" content=\"de_DE\" \/>\n<meta property=\"og:type\" content=\"article\" \/>\n<meta property=\"og:title\" content=\"SE-25 Drehantrieb - ZZ Group\" \/>\n<meta property=\"og:description\" content=\"Die Hauptstruktur des SE25-Schwenkantriebs umfasst Au\u00dfen- und Innenringe, Getriebe, Motoren, Untersetzungsgetriebe, Lagersysteme, Dichtungen und Schutzkomponenten.\" \/>\n<meta property=\"og:url\" content=\"https:\/\/slewingbearings.com\/product\/se-25-slew-drive\/\" \/>\n<meta property=\"og:site_name\" content=\"ZZ Group\" \/>\n<meta property=\"og:image\" content=\"https:\/\/slewingbearings.com\/wp-content\/uploads\/2024\/01\/se25.jpg\" \/>\n\t<meta property=\"og:image:width\" content=\"500\" \/>\n\t<meta property=\"og:image:height\" content=\"500\" \/>\n\t<meta property=\"og:image:type\" content=\"image\/jpeg\" \/>\n<meta name=\"twitter:card\" content=\"summary_large_image\" \/>\n<meta name=\"twitter:label1\" content=\"Gesch\u00e4tzte Lesezeit\" \/>\n\t<meta name=\"twitter:data1\" content=\"1\u00a0Minute\" \/>\n<script type=\"application\/ld+json\" class=\"yoast-schema-graph\">{\"@context\":\"https:\/\/schema.org\",\"@graph\":[{\"@type\":\"WebPage\",\"@id\":\"https:\/\/slewingbearings.com\/product\/se-25-slew-drive\/\",\"url\":\"https:\/\/slewingbearings.com\/product\/se-25-slew-drive\/\",\"name\":\"SE-25 Drehantrieb - ZZ Group\",\"isPartOf\":{\"@id\":\"https:\/\/slewingbearings.com\/#website\"},\"datePublished\":\"2024-01-15T02:35:32+00:00\",\"dateModified\":\"2024-01-15T02:35:32+00:00\",\"description\":\"Die Hauptstruktur des SE25-Schwenkantriebs umfasst Au\u00dfen- und Innenringe, Getriebe, Motoren, Untersetzungsgetriebe, Lagersysteme, Dichtungen und Schutzkomponenten.\",\"breadcrumb\":{\"@id\":\"https:\/\/slewingbearings.com\/product\/se-25-slew-drive\/#breadcrumb\"},\"inLanguage\":\"de\",\"potentialAction\":[{\"@type\":\"ReadAction\",\"target\":[\"https:\/\/slewingbearings.com\/product\/se-25-slew-drive\/\"]}]},{\"@type\":\"BreadcrumbList\",\"@id\":\"https:\/\/slewingbearings.com\/product\/se-25-slew-drive\/#breadcrumb\",\"itemListElement\":[{\"@type\":\"ListItem\",\"position\":1,\"name\":\"Home\",\"item\":\"https:\/\/slewingbearings.com\/de\/grosswaelzlager-grosswaelzlagerantrieb\/\"},{\"@type\":\"ListItem\",\"position\":2,\"name\":\"Shop\",\"item\":\"https:\/\/slewingbearings.com\/shop\/\"},{\"@type\":\"ListItem\",\"position\":3,\"name\":\"SE-25 Drehantrieb\"}]},{\"@type\":\"WebSite\",\"@id\":\"https:\/\/slewingbearings.com\/#website\",\"url\":\"https:\/\/slewingbearings.com\/\",\"name\":\"ZZ Group\",\"description\":\"Leading Slewing Bearings in China\",\"potentialAction\":[{\"@type\":\"SearchAction\",\"target\":{\"@type\":\"EntryPoint\",\"urlTemplate\":\"https:\/\/slewingbearings.com\/?s={search_term_string}\"},\"query-input\":\"required name=search_term_string\"}],\"inLanguage\":\"de\"}]}<\/script>\n<!-- \/ Yoast SEO plugin. -->","yoast_head_json":{"title":"SE-25 Drehantrieb - ZZ Group","description":"Die Hauptstruktur des SE25-Schwenkantriebs umfasst Au\u00dfen- und Innenringe, Getriebe, Motoren, Untersetzungsgetriebe, Lagersysteme, Dichtungen und Schutzkomponenten.","robots":{"index":"index","follow":"follow","max-snippet":"max-snippet:-1","max-image-preview":"max-image-preview:large","max-video-preview":"max-video-preview:-1"},"canonical":"https:\/\/slewingbearings.com\/product\/se-25-slew-drive\/","og_locale":"de_DE","og_type":"article","og_title":"SE-25 Drehantrieb - ZZ Group","og_description":"Die Hauptstruktur des SE25-Schwenkantriebs umfasst Au\u00dfen- und Innenringe, Getriebe, Motoren, Untersetzungsgetriebe, Lagersysteme, Dichtungen und Schutzkomponenten.","og_url":"https:\/\/slewingbearings.com\/product\/se-25-slew-drive\/","og_site_name":"ZZ Group","og_image":[{"width":500,"height":500,"url":"https:\/\/slewingbearings.com\/wp-content\/uploads\/2024\/01\/se25.jpg","type":"image\/jpeg"}],"twitter_card":"summary_large_image","twitter_misc":{"Gesch\u00e4tzte Lesezeit":"1\u00a0Minute"},"schema":{"@context":"https:\/\/schema.org","@graph":[{"@type":"WebPage","@id":"https:\/\/slewingbearings.com\/product\/se-25-slew-drive\/","url":"https:\/\/slewingbearings.com\/product\/se-25-slew-drive\/","name":"SE-25 Drehantrieb - ZZ Group","isPartOf":{"@id":"https:\/\/slewingbearings.com\/#website"},"datePublished":"2024-01-15T02:35:32+00:00","dateModified":"2024-01-15T02:35:32+00:00","description":"Die Hauptstruktur des SE25-Schwenkantriebs umfasst Au\u00dfen- und Innenringe, Getriebe, Motoren, Untersetzungsgetriebe, Lagersysteme, Dichtungen und Schutzkomponenten.","breadcrumb":{"@id":"https:\/\/slewingbearings.com\/product\/se-25-slew-drive\/#breadcrumb"},"inLanguage":"de","potentialAction":[{"@type":"ReadAction","target":["https:\/\/slewingbearings.com\/product\/se-25-slew-drive\/"]}]},{"@type":"BreadcrumbList","@id":"https:\/\/slewingbearings.com\/product\/se-25-slew-drive\/#breadcrumb","itemListElement":[{"@type":"ListItem","position":1,"name":"Home","item":"https:\/\/slewingbearings.com\/de\/grosswaelzlager-grosswaelzlagerantrieb\/"},{"@type":"ListItem","position":2,"name":"Shop","item":"https:\/\/slewingbearings.com\/shop\/"},{"@type":"ListItem","position":3,"name":"SE-25 Drehantrieb"}]},{"@type":"WebSite","@id":"https:\/\/slewingbearings.com\/#website","url":"https:\/\/slewingbearings.com\/","name":"ZZ Group","description":"Leading Slewing Bearings in China","potentialAction":[{"@type":"SearchAction","target":{"@type":"EntryPoint","urlTemplate":"https:\/\/slewingbearings.com\/?s={search_term_string}"},"query-input":"required name=search_term_string"}],"inLanguage":"de"}]}},"_links":{"self":[{"href":"https:\/\/slewingbearings.com\/de\/wp-json\/wp\/v2\/product\/11730","targetHints":{"allow":["GET"]}}],"collection":[{"href":"https:\/\/slewingbearings.com\/de\/wp-json\/wp\/v2\/product"}],"about":[{"href":"https:\/\/slewingbearings.com\/de\/wp-json\/wp\/v2\/types\/product"}],"replies":[{"embeddable":true,"href":"https:\/\/slewingbearings.com\/de\/wp-json\/wp\/v2\/comments?post=11730"}],"wp:featuredmedia":[{"embeddable":true,"href":"https:\/\/slewingbearings.com\/de\/wp-json\/wp\/v2\/media\/6025"}],"wp:attachment":[{"href":"https:\/\/slewingbearings.com\/de\/wp-json\/wp\/v2\/media?parent=11730"}],"wp:term":[{"taxonomy":"product_cat","embeddable":true,"href":"https:\/\/slewingbearings.com\/de\/wp-json\/wp\/v2\/product_cat?post=11730"},{"taxonomy":"product_tag","embeddable":true,"href":"https:\/\/slewingbearings.com\/de\/wp-json\/wp\/v2\/product_tag?post=11730"}],"curies":[{"name":"wp","href":"https:\/\/api.w.org\/{rel}","templated":true}]}}