{"id":11718,"date":"2024-01-15T02:04:05","date_gmt":"2024-01-15T02:04:05","guid":{"rendered":"https:\/\/slewingbearings.com\/product\/se-21-schwenktrieb\/"},"modified":"2024-01-15T02:04:05","modified_gmt":"2024-01-15T02:04:05","slug":"se-21-schwenktrieb","status":"publish","type":"product","link":"https:\/\/slewingbearings.com\/de\/product\/se-21-schwenktrieb\/","title":{"rendered":"SE-21 Schwenktrieb"},"content":{"rendered":"<p>Der Schwenkantrieb spielt eine Schl\u00fcsselrolle im photovoltaischen photothermischen System(CSP, Concentrated Solar Power) und wird haupts\u00e4chlich f\u00fcr die pr\u00e4zise Nachf\u00fchrung des Solar-Fokussierungssystems und die Rotation des Konzentrators verwendet. Das photovoltaische photothermische System ist eine Technologie , die die Sonnenenergie nutzt , um durch die Fokussierung des Sonnenlichts auf einen Kollektor hohe Temperaturen zur Stromerzeugung zu erzeugen. <\/p>\n<p>In photovoltaischen photothermischen Systemen wird die Drehung des Konzentrators (Reflektor oder andere konzentrierende Vorrichtung) mit Hilfe des Schwenkantriebs gesteuert, damit dieser immer der Sonne zugewandt ist. Indem die Richtung des Konzentrators in Echtzeit angepasst wird, kann das System die Nutzung der Sonnenenergie maximieren und sicherstellen, dass das Licht genau auf den Kollektor konzentriert wird. <\/p>\n\n<table id=\"tablepress-19\" class=\"tablepress tablepress-id-19\">\n<thead>\n<tr class=\"row-1\">\n\t<th class=\"column-1\">Model<\/th><th class=\"column-2\">Output Torque<\/th><th class=\"column-3\">Tilting Moment Torque<\/th><th class=\"column-4\">Holding Torque<\/th><th class=\"column-5\">Gear Ratio<\/th><th class=\"column-6\">Tracking Precision<\/th><th class=\"column-7\">Weight<\/th><th class=\"column-8\">Drawing<\/th>\n<\/tr>\n<\/thead>\n<tbody class=\"row-striping row-hover\">\n<tr class=\"row-2\">\n\t<td class=\"column-1\">SE21<\/td><td class=\"column-2\">15 KN.m<\/td><td class=\"column-3\">203 KN.m<\/td><td class=\"column-4\">105.8 KN.m<\/td><td class=\"column-5\">125:1<\/td><td class=\"column-6\">0.15\u00b0<\/td><td class=\"column-7\">149kg<\/td><td class=\"column-8\"><a href=\"https:\/\/slewingbearings.com\/wp-content\/uploads\/2024\/01\/SE21-Slew-Drive-catalog.pdf\"><br \/>\n<img decoding=\"async\" src=\"https:\/\/slewingbearings.com\/wp-content\/uploads\/2024\/01\/pdf.png\" width=\"30\" height=\"30\"><\/a><\/td>\n<\/tr>\n<tr class=\"row-3\">\n\t<td class=\"column-1\">SE21<\/td><td class=\"column-2\">1100 lbf.ft<\/td><td class=\"column-3\">150\u00d710\u00b3 lbf.ft<\/td><td class=\"column-4\">78\u00d710\u00b3 lbf.ft<\/td><td class=\"column-5\">125:1<\/td><td class=\"column-6\">0.15\u00b0<\/td><td class=\"column-7\">149kg<\/td><td class=\"column-8\"><a href=\"https:\/\/slewingbearings.com\/wp-content\/uploads\/2024\/01\/SE21-Slew-Drive-catalog.pdf\"><br \/>\n<img decoding=\"async\" src=\"https:\/\/slewingbearings.com\/wp-content\/uploads\/2024\/01\/pdf.png\" width=\"30\" height=\"30\"><\/a><\/td>\n<\/tr>\n<\/tbody>\n<\/table>\n<!-- #tablepress-19 from cache -->\n","protected":false},"excerpt":{"rendered":"<p>Der Einsatz von Schwenkantrieben in photovoltaischen photothermischen Anlagen erm\u00f6glicht es dem gesamten System, die Sonnenenergie effizienter zu nutzen, die Energieausbeute zu erh\u00f6hen und es im t\u00e4glichen Betrieb zuverl\u00e4ssiger und flexibler zu machen. Dies ist entscheidend f\u00fcr die erfolgreiche Umsetzung von Projekten wie gro\u00dfen Solarkraftwerken. <\/p>\n","protected":false},"featured_media":6016,"comment_status":"open","ping_status":"closed","template":"","meta":{"content-type":""},"product_cat":[333,326],"product_tag":[416],"class_list":{"0":"post-11718","1":"product","2":"type-product","3":"status-publish","4":"has-post-thumbnail","6":"product_cat-se-pe-slew-drive-de","7":"product_cat-slew-drive-de","8":"product_tag-se17-slew-drive-de","10":"first","11":"instock","12":"shipping-taxable","13":"product-type-simple"},"yoast_head":"<!-- This site is optimized with the Yoast SEO plugin v21.7 - https:\/\/yoast.com\/wordpress\/plugins\/seo\/ -->\n<title>SE-21 Schwenktrieb - ZZ Group<\/title>\n<meta name=\"description\" content=\"Das SE21-Drehantriebssystem maximiert die Temperatur , indem es die Position des Kollektors steuert und sicherstellt, dass er sich im Brennpunkt befindet.\" \/>\n<meta name=\"robots\" content=\"index, follow, max-snippet:-1, max-image-preview:large, max-video-preview:-1\" \/>\n<link rel=\"canonical\" href=\"https:\/\/slewingbearings.com\/product\/se-21-slew-drive\/\" \/>\n<meta property=\"og:locale\" content=\"de_DE\" \/>\n<meta property=\"og:type\" content=\"article\" \/>\n<meta property=\"og:title\" content=\"SE-21 Schwenktrieb - ZZ Group\" \/>\n<meta property=\"og:description\" content=\"Das SE21-Drehantriebssystem maximiert die Temperatur , indem es die Position des Kollektors steuert und sicherstellt, dass er sich im Brennpunkt befindet.\" \/>\n<meta property=\"og:url\" content=\"https:\/\/slewingbearings.com\/product\/se-21-slew-drive\/\" \/>\n<meta property=\"og:site_name\" content=\"ZZ Group\" \/>\n<meta property=\"og:image\" content=\"https:\/\/slewingbearings.com\/wp-content\/uploads\/2024\/01\/se21.jpg\" \/>\n\t<meta property=\"og:image:width\" content=\"500\" \/>\n\t<meta property=\"og:image:height\" content=\"500\" \/>\n\t<meta property=\"og:image:type\" content=\"image\/jpeg\" \/>\n<meta name=\"twitter:card\" content=\"summary_large_image\" \/>\n<meta name=\"twitter:label1\" content=\"Gesch\u00e4tzte Lesezeit\" \/>\n\t<meta name=\"twitter:data1\" content=\"1\u00a0Minute\" \/>\n<script type=\"application\/ld+json\" class=\"yoast-schema-graph\">{\"@context\":\"https:\/\/schema.org\",\"@graph\":[{\"@type\":\"WebPage\",\"@id\":\"https:\/\/slewingbearings.com\/product\/se-21-slew-drive\/\",\"url\":\"https:\/\/slewingbearings.com\/product\/se-21-slew-drive\/\",\"name\":\"SE-21 Schwenktrieb - ZZ Group\",\"isPartOf\":{\"@id\":\"https:\/\/slewingbearings.com\/#website\"},\"datePublished\":\"2024-01-15T02:04:05+00:00\",\"dateModified\":\"2024-01-15T02:04:05+00:00\",\"description\":\"Das SE21-Drehantriebssystem maximiert die Temperatur , indem es die Position des Kollektors steuert und sicherstellt, dass er sich im Brennpunkt befindet.\",\"breadcrumb\":{\"@id\":\"https:\/\/slewingbearings.com\/product\/se-21-slew-drive\/#breadcrumb\"},\"inLanguage\":\"de\",\"potentialAction\":[{\"@type\":\"ReadAction\",\"target\":[\"https:\/\/slewingbearings.com\/product\/se-21-slew-drive\/\"]}]},{\"@type\":\"BreadcrumbList\",\"@id\":\"https:\/\/slewingbearings.com\/product\/se-21-slew-drive\/#breadcrumb\",\"itemListElement\":[{\"@type\":\"ListItem\",\"position\":1,\"name\":\"Home\",\"item\":\"https:\/\/slewingbearings.com\/de\/grosswaelzlager-grosswaelzlagerantrieb\/\"},{\"@type\":\"ListItem\",\"position\":2,\"name\":\"Shop\",\"item\":\"https:\/\/slewingbearings.com\/shop\/\"},{\"@type\":\"ListItem\",\"position\":3,\"name\":\"SE-21 Schwenktrieb\"}]},{\"@type\":\"WebSite\",\"@id\":\"https:\/\/slewingbearings.com\/#website\",\"url\":\"https:\/\/slewingbearings.com\/\",\"name\":\"ZZ Group\",\"description\":\"Leading Slewing Bearings in China\",\"potentialAction\":[{\"@type\":\"SearchAction\",\"target\":{\"@type\":\"EntryPoint\",\"urlTemplate\":\"https:\/\/slewingbearings.com\/?s={search_term_string}\"},\"query-input\":\"required name=search_term_string\"}],\"inLanguage\":\"de\"}]}<\/script>\n<!-- \/ Yoast SEO plugin. -->","yoast_head_json":{"title":"SE-21 Schwenktrieb - ZZ Group","description":"Das SE21-Drehantriebssystem maximiert die Temperatur , indem es die Position des Kollektors steuert und sicherstellt, dass er sich im Brennpunkt befindet.","robots":{"index":"index","follow":"follow","max-snippet":"max-snippet:-1","max-image-preview":"max-image-preview:large","max-video-preview":"max-video-preview:-1"},"canonical":"https:\/\/slewingbearings.com\/product\/se-21-slew-drive\/","og_locale":"de_DE","og_type":"article","og_title":"SE-21 Schwenktrieb - ZZ Group","og_description":"Das SE21-Drehantriebssystem maximiert die Temperatur , indem es die Position des Kollektors steuert und sicherstellt, dass er sich im Brennpunkt befindet.","og_url":"https:\/\/slewingbearings.com\/product\/se-21-slew-drive\/","og_site_name":"ZZ Group","og_image":[{"width":500,"height":500,"url":"https:\/\/slewingbearings.com\/wp-content\/uploads\/2024\/01\/se21.jpg","type":"image\/jpeg"}],"twitter_card":"summary_large_image","twitter_misc":{"Gesch\u00e4tzte Lesezeit":"1\u00a0Minute"},"schema":{"@context":"https:\/\/schema.org","@graph":[{"@type":"WebPage","@id":"https:\/\/slewingbearings.com\/product\/se-21-slew-drive\/","url":"https:\/\/slewingbearings.com\/product\/se-21-slew-drive\/","name":"SE-21 Schwenktrieb - ZZ Group","isPartOf":{"@id":"https:\/\/slewingbearings.com\/#website"},"datePublished":"2024-01-15T02:04:05+00:00","dateModified":"2024-01-15T02:04:05+00:00","description":"Das SE21-Drehantriebssystem maximiert die Temperatur , indem es die Position des Kollektors steuert und sicherstellt, dass er sich im Brennpunkt befindet.","breadcrumb":{"@id":"https:\/\/slewingbearings.com\/product\/se-21-slew-drive\/#breadcrumb"},"inLanguage":"de","potentialAction":[{"@type":"ReadAction","target":["https:\/\/slewingbearings.com\/product\/se-21-slew-drive\/"]}]},{"@type":"BreadcrumbList","@id":"https:\/\/slewingbearings.com\/product\/se-21-slew-drive\/#breadcrumb","itemListElement":[{"@type":"ListItem","position":1,"name":"Home","item":"https:\/\/slewingbearings.com\/de\/grosswaelzlager-grosswaelzlagerantrieb\/"},{"@type":"ListItem","position":2,"name":"Shop","item":"https:\/\/slewingbearings.com\/shop\/"},{"@type":"ListItem","position":3,"name":"SE-21 Schwenktrieb"}]},{"@type":"WebSite","@id":"https:\/\/slewingbearings.com\/#website","url":"https:\/\/slewingbearings.com\/","name":"ZZ Group","description":"Leading Slewing Bearings in China","potentialAction":[{"@type":"SearchAction","target":{"@type":"EntryPoint","urlTemplate":"https:\/\/slewingbearings.com\/?s={search_term_string}"},"query-input":"required name=search_term_string"}],"inLanguage":"de"}]}},"_links":{"self":[{"href":"https:\/\/slewingbearings.com\/de\/wp-json\/wp\/v2\/product\/11718","targetHints":{"allow":["GET"]}}],"collection":[{"href":"https:\/\/slewingbearings.com\/de\/wp-json\/wp\/v2\/product"}],"about":[{"href":"https:\/\/slewingbearings.com\/de\/wp-json\/wp\/v2\/types\/product"}],"replies":[{"embeddable":true,"href":"https:\/\/slewingbearings.com\/de\/wp-json\/wp\/v2\/comments?post=11718"}],"wp:featuredmedia":[{"embeddable":true,"href":"https:\/\/slewingbearings.com\/de\/wp-json\/wp\/v2\/media\/6016"}],"wp:attachment":[{"href":"https:\/\/slewingbearings.com\/de\/wp-json\/wp\/v2\/media?parent=11718"}],"wp:term":[{"taxonomy":"product_cat","embeddable":true,"href":"https:\/\/slewingbearings.com\/de\/wp-json\/wp\/v2\/product_cat?post=11718"},{"taxonomy":"product_tag","embeddable":true,"href":"https:\/\/slewingbearings.com\/de\/wp-json\/wp\/v2\/product_tag?post=11718"}],"curies":[{"name":"wp","href":"https:\/\/api.w.org\/{rel}","templated":true}]}}