{"id":11707,"date":"2024-01-15T01:47:27","date_gmt":"2024-01-15T01:47:27","guid":{"rendered":"https:\/\/slewingbearings.com\/product\/se-17-drehantrieb\/"},"modified":"2024-01-15T01:47:27","modified_gmt":"2024-01-15T01:47:27","slug":"se-17-drehantrieb","status":"publish","type":"product","link":"https:\/\/slewingbearings.com\/de\/product\/se-17-drehantrieb\/","title":{"rendered":"SE-17 Drehantrieb"},"content":{"rendered":"<p>Funktion: Der Schwenkantrieb ist ein rotierendes Gesamtsystem, das Komponenten wie Motoren, Untersetzungsgetriebe, Getriebesysteme und Lager umfasst. Seine Hauptfunktion besteht darin , eine pr\u00e4zise Drehbewegung durch Motorantrieb zu erreichen, in der Regel mit gro\u00dfem Drehmoment und hoher Pr\u00e4zision. <\/p>\n<p>Aufbau: Ein typischer Schwenkantrieb besteht aus Innen- und Au\u00dfenringen, Getrieben, Motoren und Steuerungssystemen. Das Getriebesystem wird vom Motor angetrieben, um den Innenring relativ zum Au\u00dfenring zu drehen. <\/p>\n<p>Anwendung: Schwenkantriebe werden h\u00e4ufig in Industriemaschinen, Solar-Nachf\u00fchrsystemen, in der Robotik und anderen Bereichen eingesetzt, in denen ein hohes Drehmoment und eine hochpr\u00e4zise Drehbewegung erforderlich sind.<\/p>\n\n<table id=\"tablepress-17\" class=\"tablepress tablepress-id-17\">\n<thead>\n<tr class=\"row-1\">\n\t<th class=\"column-1\">Model<\/th><th class=\"column-2\">Output Torque<\/th><th class=\"column-3\">Tilting Moment Torque<\/th><th class=\"column-4\">Holding Torque<\/th><th class=\"column-5\">Gear Ratio<\/th><th class=\"column-6\">Tracking Precision<\/th><th class=\"column-7\">Weight<\/th><th class=\"column-8\">Drawing<\/th>\n<\/tr>\n<\/thead>\n<tbody class=\"row-striping row-hover\">\n<tr class=\"row-2\">\n\t<td class=\"column-1\">SE17<\/td><td class=\"column-2\">10 KN.m<\/td><td class=\"column-3\">135.6 KN.m<\/td><td class=\"column-4\">72.3 KN.m<\/td><td class=\"column-5\">102:1<\/td><td class=\"column-6\">0.15\u00b0<\/td><td class=\"column-7\">105kg<\/td><td class=\"column-8\"><a href=\"https:\/\/slewingbearings.com\/wp-content\/uploads\/2024\/01\/SE17-Slew-Drive-catalog.pdf\"><br \/>\n<img decoding=\"async\" src=\"https:\/\/slewingbearings.com\/wp-content\/uploads\/2024\/01\/pdf.png\" width=\"30\" height=\"30\"><\/a><\/td>\n<\/tr>\n<tr class=\"row-3\">\n\t<td class=\"column-1\">SE17<\/td><td class=\"column-2\">7400 lbf.ft<\/td><td class=\"column-3\">100\u00d710\u00b3 lbf.ft<\/td><td class=\"column-4\">53\u00d710\u00b3 lbf.ft<\/td><td class=\"column-5\">102:1<\/td><td class=\"column-6\">0.15\u00b0<\/td><td class=\"column-7\">105kg<\/td><td class=\"column-8\"><a href=\"https:\/\/slewingbearings.com\/wp-content\/uploads\/2024\/01\/SE17-Slew-Drive-catalog.pdf\"><br \/>\n<img decoding=\"async\" src=\"https:\/\/slewingbearings.com\/wp-content\/uploads\/2024\/01\/pdf.png\" width=\"30\" height=\"30\"><\/a><\/td>\n<\/tr>\n<\/tbody>\n<\/table>\n<!-- #tablepress-17 from cache -->\n","protected":false},"excerpt":{"rendered":"<p>Pr\u00e4zise Steuerung: Das fortschrittliche Steuerungssystem erm\u00f6glicht dem Schwenkantrieb der SE-Serie eine pr\u00e4zise Rotationssteuerung. Dies ist wichtig f\u00fcr Anwendungen , die einen hohen Grad an Automatisierung und komplexe Bewegungsabl\u00e4ufe erfordern. <\/p>\n<p>Anpassungsf\u00e4higkeit: Die Konstruktion des SE-Drehantriebs erm\u00f6glicht die Anpassung an verschiedene Arbeitsumgebungen, wie hohe und niedrige Temperaturen, feuchte Umgebungen, usw. Dies erweitert den Anwendungsbereich in verschiedenen Industriezweigen. <\/p>\n","protected":false},"featured_media":6007,"comment_status":"open","ping_status":"closed","template":"","meta":{"content-type":""},"product_cat":[333,326],"product_tag":[416],"class_list":{"0":"post-11707","1":"product","2":"type-product","3":"status-publish","4":"has-post-thumbnail","6":"product_cat-se-pe-slew-drive-de","7":"product_cat-slew-drive-de","8":"product_tag-se17-slew-drive-de","10":"first","11":"instock","12":"shipping-taxable","13":"product-type-simple"},"yoast_head":"<!-- This site is optimized with the Yoast SEO plugin v21.7 - https:\/\/yoast.com\/wordpress\/plugins\/seo\/ -->\n<title>SE-17 Drehantrieb - ZZ Group<\/title>\n<meta name=\"description\" content=\"Der SE17-Schwenkantrieb hat viele wichtige Anwendungen in Hubarbeitsb\u00fchnen und seine Eigenschaften machen ihn zu einer Schl\u00fcsselkomponente dieser Ger\u00e4te.\" \/>\n<meta name=\"robots\" content=\"index, follow, max-snippet:-1, max-image-preview:large, max-video-preview:-1\" \/>\n<link rel=\"canonical\" href=\"https:\/\/slewingbearings.com\/product\/se-17-slew-drive\/\" \/>\n<meta property=\"og:locale\" content=\"de_DE\" \/>\n<meta property=\"og:type\" content=\"article\" \/>\n<meta property=\"og:title\" content=\"SE-17 Drehantrieb - ZZ Group\" \/>\n<meta property=\"og:description\" content=\"Der SE17-Schwenkantrieb hat viele wichtige Anwendungen in Hubarbeitsb\u00fchnen und seine Eigenschaften machen ihn zu einer Schl\u00fcsselkomponente dieser Ger\u00e4te.\" \/>\n<meta property=\"og:url\" content=\"https:\/\/slewingbearings.com\/product\/se-17-slew-drive\/\" \/>\n<meta property=\"og:site_name\" content=\"ZZ Group\" \/>\n<meta property=\"og:image\" content=\"https:\/\/slewingbearings.com\/wp-content\/uploads\/2024\/01\/se17.jpg\" \/>\n\t<meta property=\"og:image:width\" content=\"500\" \/>\n\t<meta property=\"og:image:height\" content=\"500\" \/>\n\t<meta property=\"og:image:type\" content=\"image\/jpeg\" \/>\n<meta name=\"twitter:card\" content=\"summary_large_image\" \/>\n<script type=\"application\/ld+json\" class=\"yoast-schema-graph\">{\"@context\":\"https:\/\/schema.org\",\"@graph\":[{\"@type\":\"WebPage\",\"@id\":\"https:\/\/slewingbearings.com\/product\/se-17-slew-drive\/\",\"url\":\"https:\/\/slewingbearings.com\/product\/se-17-slew-drive\/\",\"name\":\"SE-17 Drehantrieb - ZZ Group\",\"isPartOf\":{\"@id\":\"https:\/\/slewingbearings.com\/#website\"},\"datePublished\":\"2024-01-15T01:47:27+00:00\",\"dateModified\":\"2024-01-15T01:47:27+00:00\",\"description\":\"Der SE17-Schwenkantrieb hat viele wichtige Anwendungen in Hubarbeitsb\u00fchnen und seine Eigenschaften machen ihn zu einer Schl\u00fcsselkomponente dieser Ger\u00e4te.\",\"breadcrumb\":{\"@id\":\"https:\/\/slewingbearings.com\/product\/se-17-slew-drive\/#breadcrumb\"},\"inLanguage\":\"de\",\"potentialAction\":[{\"@type\":\"ReadAction\",\"target\":[\"https:\/\/slewingbearings.com\/product\/se-17-slew-drive\/\"]}]},{\"@type\":\"BreadcrumbList\",\"@id\":\"https:\/\/slewingbearings.com\/product\/se-17-slew-drive\/#breadcrumb\",\"itemListElement\":[{\"@type\":\"ListItem\",\"position\":1,\"name\":\"Home\",\"item\":\"https:\/\/slewingbearings.com\/de\/grosswaelzlager-grosswaelzlagerantrieb\/\"},{\"@type\":\"ListItem\",\"position\":2,\"name\":\"Shop\",\"item\":\"https:\/\/slewingbearings.com\/shop\/\"},{\"@type\":\"ListItem\",\"position\":3,\"name\":\"SE-17 Drehantrieb\"}]},{\"@type\":\"WebSite\",\"@id\":\"https:\/\/slewingbearings.com\/#website\",\"url\":\"https:\/\/slewingbearings.com\/\",\"name\":\"ZZ Group\",\"description\":\"Leading Slewing Bearings in China\",\"potentialAction\":[{\"@type\":\"SearchAction\",\"target\":{\"@type\":\"EntryPoint\",\"urlTemplate\":\"https:\/\/slewingbearings.com\/?s={search_term_string}\"},\"query-input\":\"required name=search_term_string\"}],\"inLanguage\":\"de\"}]}<\/script>\n<!-- \/ Yoast SEO plugin. -->","yoast_head_json":{"title":"SE-17 Drehantrieb - ZZ Group","description":"Der SE17-Schwenkantrieb hat viele wichtige Anwendungen in Hubarbeitsb\u00fchnen und seine Eigenschaften machen ihn zu einer Schl\u00fcsselkomponente dieser Ger\u00e4te.","robots":{"index":"index","follow":"follow","max-snippet":"max-snippet:-1","max-image-preview":"max-image-preview:large","max-video-preview":"max-video-preview:-1"},"canonical":"https:\/\/slewingbearings.com\/product\/se-17-slew-drive\/","og_locale":"de_DE","og_type":"article","og_title":"SE-17 Drehantrieb - ZZ Group","og_description":"Der SE17-Schwenkantrieb hat viele wichtige Anwendungen in Hubarbeitsb\u00fchnen und seine Eigenschaften machen ihn zu einer Schl\u00fcsselkomponente dieser Ger\u00e4te.","og_url":"https:\/\/slewingbearings.com\/product\/se-17-slew-drive\/","og_site_name":"ZZ Group","og_image":[{"width":500,"height":500,"url":"https:\/\/slewingbearings.com\/wp-content\/uploads\/2024\/01\/se17.jpg","type":"image\/jpeg"}],"twitter_card":"summary_large_image","schema":{"@context":"https:\/\/schema.org","@graph":[{"@type":"WebPage","@id":"https:\/\/slewingbearings.com\/product\/se-17-slew-drive\/","url":"https:\/\/slewingbearings.com\/product\/se-17-slew-drive\/","name":"SE-17 Drehantrieb - ZZ Group","isPartOf":{"@id":"https:\/\/slewingbearings.com\/#website"},"datePublished":"2024-01-15T01:47:27+00:00","dateModified":"2024-01-15T01:47:27+00:00","description":"Der SE17-Schwenkantrieb hat viele wichtige Anwendungen in Hubarbeitsb\u00fchnen und seine Eigenschaften machen ihn zu einer Schl\u00fcsselkomponente dieser Ger\u00e4te.","breadcrumb":{"@id":"https:\/\/slewingbearings.com\/product\/se-17-slew-drive\/#breadcrumb"},"inLanguage":"de","potentialAction":[{"@type":"ReadAction","target":["https:\/\/slewingbearings.com\/product\/se-17-slew-drive\/"]}]},{"@type":"BreadcrumbList","@id":"https:\/\/slewingbearings.com\/product\/se-17-slew-drive\/#breadcrumb","itemListElement":[{"@type":"ListItem","position":1,"name":"Home","item":"https:\/\/slewingbearings.com\/de\/grosswaelzlager-grosswaelzlagerantrieb\/"},{"@type":"ListItem","position":2,"name":"Shop","item":"https:\/\/slewingbearings.com\/shop\/"},{"@type":"ListItem","position":3,"name":"SE-17 Drehantrieb"}]},{"@type":"WebSite","@id":"https:\/\/slewingbearings.com\/#website","url":"https:\/\/slewingbearings.com\/","name":"ZZ Group","description":"Leading Slewing Bearings in China","potentialAction":[{"@type":"SearchAction","target":{"@type":"EntryPoint","urlTemplate":"https:\/\/slewingbearings.com\/?s={search_term_string}"},"query-input":"required name=search_term_string"}],"inLanguage":"de"}]}},"_links":{"self":[{"href":"https:\/\/slewingbearings.com\/de\/wp-json\/wp\/v2\/product\/11707","targetHints":{"allow":["GET"]}}],"collection":[{"href":"https:\/\/slewingbearings.com\/de\/wp-json\/wp\/v2\/product"}],"about":[{"href":"https:\/\/slewingbearings.com\/de\/wp-json\/wp\/v2\/types\/product"}],"replies":[{"embeddable":true,"href":"https:\/\/slewingbearings.com\/de\/wp-json\/wp\/v2\/comments?post=11707"}],"wp:featuredmedia":[{"embeddable":true,"href":"https:\/\/slewingbearings.com\/de\/wp-json\/wp\/v2\/media\/6007"}],"wp:attachment":[{"href":"https:\/\/slewingbearings.com\/de\/wp-json\/wp\/v2\/media?parent=11707"}],"wp:term":[{"taxonomy":"product_cat","embeddable":true,"href":"https:\/\/slewingbearings.com\/de\/wp-json\/wp\/v2\/product_cat?post=11707"},{"taxonomy":"product_tag","embeddable":true,"href":"https:\/\/slewingbearings.com\/de\/wp-json\/wp\/v2\/product_tag?post=11707"}],"curies":[{"name":"wp","href":"https:\/\/api.w.org\/{rel}","templated":true}]}}