{"id":11699,"date":"2024-01-15T01:46:56","date_gmt":"2024-01-15T01:46:56","guid":{"rendered":"https:\/\/slewingbearings.com\/product\/se-14-schwenkantrieb\/"},"modified":"2024-01-15T01:46:56","modified_gmt":"2024-01-15T01:46:56","slug":"se-14-schwenkantrieb","status":"publish","type":"product","link":"https:\/\/slewingbearings.com\/de\/product\/se-14-schwenkantrieb\/","title":{"rendered":"SE-14 Schwenkantrieb"},"content":{"rendered":"<p>Zuverl\u00e4ssigkeit und Langlebigkeit: Bei <a href=\"https:\/\/slewingbearings.com\/product-category\/slew-drive\/\">den Schwenkantrieben<\/a> der SE-Serie werden in der Regel hochwertige Materialien und fortschrittliche Fertigungsverfahren verwendet, die sich durch eine lange Lebensdauer und Zuverl\u00e4ssigkeit auszeichnen. Dies erm\u00f6glicht einen stabilen Betrieb unter verschiedenen Arbeitsbedingungen und Umgebungen und reduziert die Wartungskosten. <\/p>\n<p>Vielseitigkeit: Dank der Flexibilit\u00e4t ihrer Konstruktion k\u00f6nnen die Drehantriebe der SE-Serie in einer Vielzahl von Anwendungsszenarien eingesetzt werden. Ob in industriellen Produktionslinien, in der Luft- und Raumfahrt, im Bauwesen oder in der Medizintechnik, die Drehantriebe der SE-Serie k\u00f6nnen sich an unterschiedliche Bed\u00fcrfnisse anpassen. <\/p>\n<p>Pr\u00e4zise Steuerung: Das fortschrittliche Steuerungssystem erm\u00f6glicht dem Schwenkantrieb der SE-Serie eine pr\u00e4zise Rotationssteuerung. Dies ist wichtig f\u00fcr Anwendungen, die einen hohen Grad an Automatisierung und komplexe Bewegungsabl\u00e4ufe erfordern. <\/p>\n\n<table id=\"tablepress-16\" class=\"tablepress tablepress-id-16\">\n<thead>\n<tr class=\"row-1\">\n\t<th class=\"column-1\">Model<\/th><th class=\"column-2\">Output Torque<\/th><th class=\"column-3\">Tilting Moment Torque<\/th><th class=\"column-4\">Holding Torque<\/th><th class=\"column-5\">Gear Ratio<\/th><th class=\"column-6\">Tracking Precision<\/th><th class=\"column-7\">Weight<\/th><th class=\"column-8\">Drawing<\/th>\n<\/tr>\n<\/thead>\n<tbody class=\"row-striping row-hover\">\n<tr class=\"row-2\">\n\t<td class=\"column-1\">SE14<\/td><td class=\"column-2\">8 KN.m<\/td><td class=\"column-3\">67.8 KN.m<\/td><td class=\"column-4\">48 KN.m<\/td><td class=\"column-5\">85:1<\/td><td class=\"column-6\">0.17\u00b0<\/td><td class=\"column-7\">64kg<\/td><td class=\"column-8\"><a href=\"https:\/\/slewingbearings.com\/wp-content\/uploads\/2024\/01\/SE14-Slew-Drive-catalog.pdf\"><br \/>\n<img decoding=\"async\" src=\"https:\/\/slewingbearings.com\/wp-content\/uploads\/2024\/01\/pdf.png\" width=\"30\" height=\"30\"><\/a><\/td>\n<\/tr>\n<tr class=\"row-3\">\n\t<td class=\"column-1\">SE14<\/td><td class=\"column-2\">5900 lbf.ft<\/td><td class=\"column-3\">50\u00d710\u00b3 lbf.ft<\/td><td class=\"column-4\">35\u00d710\u00b3 lbf.ft<\/td><td class=\"column-5\">85:1<\/td><td class=\"column-6\">0.17\u00b0<\/td><td class=\"column-7\">64kg<\/td><td class=\"column-8\"><a href=\"https:\/\/slewingbearings.com\/wp-content\/uploads\/2024\/01\/SE14-Slew-Drive-catalog.pdf\"><br \/>\n<img decoding=\"async\" src=\"https:\/\/slewingbearings.com\/wp-content\/uploads\/2024\/01\/pdf.png\" width=\"30\" height=\"30\"><\/a><\/td>\n<\/tr>\n<\/tbody>\n<\/table>\n<!-- #tablepress-16 from cache -->\n","protected":false},"excerpt":{"rendered":"<p>Pr\u00e4zise Steuerung: Das fortschrittliche Steuerungssystem erm\u00f6glicht dem Schwenkantrieb der SE-Serie eine pr\u00e4zise Rotationssteuerung. Dies ist wichtig f\u00fcr Anwendungen , die einen hohen Grad an Automatisierung und komplexe Bewegungsabl\u00e4ufe erfordern. <\/p>\n<p>Anpassungsf\u00e4higkeit: Die Konstruktion des SE-Drehantriebs erm\u00f6glicht die Anpassung an verschiedene Arbeitsumgebungen, wie hohe und niedrige Temperaturen, feuchte Umgebungen, usw. Dies erweitert den Anwendungsbereich in verschiedenen Industriezweigen. <\/p>\n","protected":false},"featured_media":5998,"comment_status":"open","ping_status":"closed","template":"","meta":{"content-type":""},"product_cat":[333,326],"product_tag":[409],"class_list":{"0":"post-11699","1":"product","2":"type-product","3":"status-publish","4":"has-post-thumbnail","6":"product_cat-se-pe-slew-drive-de","7":"product_cat-slew-drive-de","8":"product_tag-se14-slew-drive-de","10":"first","11":"instock","12":"shipping-taxable","13":"product-type-simple"},"yoast_head":"<!-- This site is optimized with the Yoast SEO plugin v21.7 - https:\/\/yoast.com\/wordpress\/plugins\/seo\/ -->\n<title>SE-14 Schwenkantrieb - ZZ Group<\/title>\n<meta name=\"description\" content=\"Das hocheffiziente Motor- und Getriebesystem macht den SE14-Schwenkantrieb besonders energieeffizient. Das hilft, die Energiekosten zu senken.\" \/>\n<meta name=\"robots\" content=\"index, follow, max-snippet:-1, max-image-preview:large, max-video-preview:-1\" \/>\n<link rel=\"canonical\" href=\"https:\/\/slewingbearings.com\/product\/se-14-slew-drive\/\" \/>\n<meta property=\"og:locale\" content=\"de_DE\" \/>\n<meta property=\"og:type\" content=\"article\" \/>\n<meta property=\"og:title\" content=\"SE-14 Schwenkantrieb - ZZ Group\" \/>\n<meta property=\"og:description\" content=\"Das hocheffiziente Motor- und Getriebesystem macht den SE14-Schwenkantrieb besonders energieeffizient. Das hilft, die Energiekosten zu senken.\" \/>\n<meta property=\"og:url\" content=\"https:\/\/slewingbearings.com\/product\/se-14-slew-drive\/\" \/>\n<meta property=\"og:site_name\" content=\"ZZ Group\" \/>\n<meta property=\"og:image\" content=\"https:\/\/slewingbearings.com\/wp-content\/uploads\/2024\/01\/se14.jpg\" \/>\n\t<meta property=\"og:image:width\" content=\"500\" \/>\n\t<meta property=\"og:image:height\" content=\"500\" \/>\n\t<meta property=\"og:image:type\" content=\"image\/jpeg\" \/>\n<meta name=\"twitter:card\" content=\"summary_large_image\" \/>\n<meta name=\"twitter:label1\" content=\"Gesch\u00e4tzte Lesezeit\" \/>\n\t<meta name=\"twitter:data1\" content=\"1\u00a0Minute\" \/>\n<script type=\"application\/ld+json\" class=\"yoast-schema-graph\">{\"@context\":\"https:\/\/schema.org\",\"@graph\":[{\"@type\":\"WebPage\",\"@id\":\"https:\/\/slewingbearings.com\/product\/se-14-slew-drive\/\",\"url\":\"https:\/\/slewingbearings.com\/product\/se-14-slew-drive\/\",\"name\":\"SE-14 Schwenkantrieb - ZZ Group\",\"isPartOf\":{\"@id\":\"https:\/\/slewingbearings.com\/#website\"},\"datePublished\":\"2024-01-15T01:46:56+00:00\",\"dateModified\":\"2024-01-15T01:46:56+00:00\",\"description\":\"Das hocheffiziente Motor- und Getriebesystem macht den SE14-Schwenkantrieb besonders energieeffizient. Das hilft, die Energiekosten zu senken.\",\"breadcrumb\":{\"@id\":\"https:\/\/slewingbearings.com\/product\/se-14-slew-drive\/#breadcrumb\"},\"inLanguage\":\"de\",\"potentialAction\":[{\"@type\":\"ReadAction\",\"target\":[\"https:\/\/slewingbearings.com\/product\/se-14-slew-drive\/\"]}]},{\"@type\":\"BreadcrumbList\",\"@id\":\"https:\/\/slewingbearings.com\/product\/se-14-slew-drive\/#breadcrumb\",\"itemListElement\":[{\"@type\":\"ListItem\",\"position\":1,\"name\":\"Home\",\"item\":\"https:\/\/slewingbearings.com\/de\/grosswaelzlager-grosswaelzlagerantrieb\/\"},{\"@type\":\"ListItem\",\"position\":2,\"name\":\"Shop\",\"item\":\"https:\/\/slewingbearings.com\/shop\/\"},{\"@type\":\"ListItem\",\"position\":3,\"name\":\"SE-14 Schwenkantrieb\"}]},{\"@type\":\"WebSite\",\"@id\":\"https:\/\/slewingbearings.com\/#website\",\"url\":\"https:\/\/slewingbearings.com\/\",\"name\":\"ZZ Group\",\"description\":\"Leading Slewing Bearings in China\",\"potentialAction\":[{\"@type\":\"SearchAction\",\"target\":{\"@type\":\"EntryPoint\",\"urlTemplate\":\"https:\/\/slewingbearings.com\/?s={search_term_string}\"},\"query-input\":\"required name=search_term_string\"}],\"inLanguage\":\"de\"}]}<\/script>\n<!-- \/ Yoast SEO plugin. -->","yoast_head_json":{"title":"SE-14 Schwenkantrieb - ZZ Group","description":"Das hocheffiziente Motor- und Getriebesystem macht den SE14-Schwenkantrieb besonders energieeffizient. Das hilft, die Energiekosten zu senken.","robots":{"index":"index","follow":"follow","max-snippet":"max-snippet:-1","max-image-preview":"max-image-preview:large","max-video-preview":"max-video-preview:-1"},"canonical":"https:\/\/slewingbearings.com\/product\/se-14-slew-drive\/","og_locale":"de_DE","og_type":"article","og_title":"SE-14 Schwenkantrieb - ZZ Group","og_description":"Das hocheffiziente Motor- und Getriebesystem macht den SE14-Schwenkantrieb besonders energieeffizient. Das hilft, die Energiekosten zu senken.","og_url":"https:\/\/slewingbearings.com\/product\/se-14-slew-drive\/","og_site_name":"ZZ Group","og_image":[{"width":500,"height":500,"url":"https:\/\/slewingbearings.com\/wp-content\/uploads\/2024\/01\/se14.jpg","type":"image\/jpeg"}],"twitter_card":"summary_large_image","twitter_misc":{"Gesch\u00e4tzte Lesezeit":"1\u00a0Minute"},"schema":{"@context":"https:\/\/schema.org","@graph":[{"@type":"WebPage","@id":"https:\/\/slewingbearings.com\/product\/se-14-slew-drive\/","url":"https:\/\/slewingbearings.com\/product\/se-14-slew-drive\/","name":"SE-14 Schwenkantrieb - ZZ Group","isPartOf":{"@id":"https:\/\/slewingbearings.com\/#website"},"datePublished":"2024-01-15T01:46:56+00:00","dateModified":"2024-01-15T01:46:56+00:00","description":"Das hocheffiziente Motor- und Getriebesystem macht den SE14-Schwenkantrieb besonders energieeffizient. Das hilft, die Energiekosten zu senken.","breadcrumb":{"@id":"https:\/\/slewingbearings.com\/product\/se-14-slew-drive\/#breadcrumb"},"inLanguage":"de","potentialAction":[{"@type":"ReadAction","target":["https:\/\/slewingbearings.com\/product\/se-14-slew-drive\/"]}]},{"@type":"BreadcrumbList","@id":"https:\/\/slewingbearings.com\/product\/se-14-slew-drive\/#breadcrumb","itemListElement":[{"@type":"ListItem","position":1,"name":"Home","item":"https:\/\/slewingbearings.com\/de\/grosswaelzlager-grosswaelzlagerantrieb\/"},{"@type":"ListItem","position":2,"name":"Shop","item":"https:\/\/slewingbearings.com\/shop\/"},{"@type":"ListItem","position":3,"name":"SE-14 Schwenkantrieb"}]},{"@type":"WebSite","@id":"https:\/\/slewingbearings.com\/#website","url":"https:\/\/slewingbearings.com\/","name":"ZZ Group","description":"Leading Slewing Bearings in China","potentialAction":[{"@type":"SearchAction","target":{"@type":"EntryPoint","urlTemplate":"https:\/\/slewingbearings.com\/?s={search_term_string}"},"query-input":"required name=search_term_string"}],"inLanguage":"de"}]}},"_links":{"self":[{"href":"https:\/\/slewingbearings.com\/de\/wp-json\/wp\/v2\/product\/11699","targetHints":{"allow":["GET"]}}],"collection":[{"href":"https:\/\/slewingbearings.com\/de\/wp-json\/wp\/v2\/product"}],"about":[{"href":"https:\/\/slewingbearings.com\/de\/wp-json\/wp\/v2\/types\/product"}],"replies":[{"embeddable":true,"href":"https:\/\/slewingbearings.com\/de\/wp-json\/wp\/v2\/comments?post=11699"}],"wp:featuredmedia":[{"embeddable":true,"href":"https:\/\/slewingbearings.com\/de\/wp-json\/wp\/v2\/media\/5998"}],"wp:attachment":[{"href":"https:\/\/slewingbearings.com\/de\/wp-json\/wp\/v2\/media?parent=11699"}],"wp:term":[{"taxonomy":"product_cat","embeddable":true,"href":"https:\/\/slewingbearings.com\/de\/wp-json\/wp\/v2\/product_cat?post=11699"},{"taxonomy":"product_tag","embeddable":true,"href":"https:\/\/slewingbearings.com\/de\/wp-json\/wp\/v2\/product_tag?post=11699"}],"curies":[{"name":"wp","href":"https:\/\/api.w.org\/{rel}","templated":true}]}}