{"id":11691,"date":"2024-01-15T01:19:28","date_gmt":"2024-01-15T01:19:28","guid":{"rendered":"https:\/\/slewingbearings.com\/product\/se-12-schwenkantrieb\/"},"modified":"2024-01-15T01:19:28","modified_gmt":"2024-01-15T01:19:28","slug":"se-12-schwenkantrieb","status":"publish","type":"product","link":"https:\/\/slewingbearings.com\/de\/product\/se-12-schwenkantrieb\/","title":{"rendered":"SE-12 Schwenkantrieb"},"content":{"rendered":"<p><strong>Solar-Nachf\u00fchrsystem:<\/strong> In der Solarindustrie werden die Schwenkantriebe der SE-Serie h\u00e4ufig in Solar-Nachf\u00fchrsystemen eingesetzt, um den Winkel der Solarpaneele so einzustellen, dass die Absorption des Sonnenlichts maximiert wird. Solche Anwendungen erfordern hohe Pr\u00e4zision und Zuverl\u00e4ssigkeit, um sicherzustellen, dass die Solarmodule ihre optimale Ausrichtung bei t\u00e4glichen und saisonalen Ver\u00e4nderungen beibehalten. <\/p>\n<p><strong>Robotik:<\/strong> Im Bereich der Industrie- und Serviceroboter werden Schwenkantriebe der Serie SE h\u00e4ufig in Robotergelenken eingesetzt , um den Robotern pr\u00e4zise Gelenkbewegungen zu erm\u00f6glichen. Dies ist von entscheidender Bedeutung f\u00fcr Roboter , die komplexe Aufgaben in Produktionslinien oder spezifische Operationen in der Dienstleistungsbranche ausf\u00fchren. <\/p>\n\n<table id=\"tablepress-15\" class=\"tablepress tablepress-id-15\">\n<thead>\n<tr class=\"row-1\">\n\t<th class=\"column-1\">Model<\/th><th class=\"column-2\">Output Torque<\/th><th class=\"column-3\">Tilting Moment Torque<\/th><th class=\"column-4\">Holding Torque<\/th><th class=\"column-5\">Gear Ratio<\/th><th class=\"column-6\">Tracking Precision<\/th><th class=\"column-7\">Weight<\/th><th class=\"column-8\">Drawing<\/th>\n<\/tr>\n<\/thead>\n<tbody class=\"row-striping row-hover\">\n<tr class=\"row-2\">\n\t<td class=\"column-1\">SE12<\/td><td class=\"column-2\">7.5 KN.m<\/td><td class=\"column-3\">54.3 KN.m<\/td><td class=\"column-4\">43 KN.m<\/td><td class=\"column-5\">78:1<\/td><td class=\"column-6\">0.17\u00b0<\/td><td class=\"column-7\">61kg<\/td><td class=\"column-8\"><a href=\"https:\/\/slewingbearings.com\/wp-content\/uploads\/2024\/01\/SE12-Slew-Drive-catalog.pdf\"><br \/>\n<img decoding=\"async\" src=\"https:\/\/slewingbearings.com\/wp-content\/uploads\/2024\/01\/pdf.png\" width=\"30\" height=\"30\"><\/a><\/td>\n<\/tr>\n<tr class=\"row-3\">\n\t<td class=\"column-1\">SE12<\/td><td class=\"column-2\">5532 lbf.ft<\/td><td class=\"column-3\">40\u00d710\u00b3 lbf.ft<\/td><td class=\"column-4\">32\u00d710\u00b3 lbf.ft<\/td><td class=\"column-5\">78:1<\/td><td class=\"column-6\">0.17\u00b0<\/td><td class=\"column-7\">61kg<\/td><td class=\"column-8\"><a href=\"https:\/\/slewingbearings.com\/wp-content\/uploads\/2024\/01\/SE12-Slew-Drive-catalog.pdf\"><br \/>\n<img decoding=\"async\" src=\"https:\/\/slewingbearings.com\/wp-content\/uploads\/2024\/01\/pdf.png\" width=\"30\" height=\"30\"><\/a><\/td>\n<\/tr>\n<\/tbody>\n<\/table>\n<!-- #tablepress-15 from cache -->\n","protected":false},"excerpt":{"rendered":"<p>Die Schwenkantriebe der SE-Serie bieten eine Vielzahl von Vorteilen in industriellen und technischen Anwendungen, die sie in vielen Bereichen zur ersten Wahl machen. Nachfolgend sind einige der wichtigsten Vorteile der Schwenkantriebe der SE-Serie aufgef\u00fchrt: <\/p>\n<p>Hohe Pr\u00e4zision: Die Schwenkantriebe der SE-Serie sind so konzipiert, dass sie hochpr\u00e4zise Rotationsbewegungen erm\u00f6glichen. Dies ist wichtig f\u00fcr Anwendungen, die eine pr\u00e4zise Positionierung und Steuerung erfordern, wie z. B. Produktionsanlagen und Robotertechnik. <\/p>\n<p>Hohes Drehmoment: Die Schwenkantriebe der SE-Serie sind in der Lage, ein hohes Drehmoment zu liefern, wodurch sie sich f\u00fcr Anwendungen eignen, die schwere Lasten handhaben oder hohe Leistungen erbringen m\u00fcssen, wie z. B. Baumaschinen und Solar-Nachf\u00fchrsysteme.<\/p>\n","protected":false},"featured_media":5989,"comment_status":"open","ping_status":"closed","template":"","meta":{"content-type":""},"product_cat":[333,326],"product_tag":[402],"class_list":{"0":"post-11691","1":"product","2":"type-product","3":"status-publish","4":"has-post-thumbnail","6":"product_cat-se-pe-slew-drive-de","7":"product_cat-slew-drive-de","8":"product_tag-se12-slew-drive-de","10":"first","11":"instock","12":"shipping-taxable","13":"product-type-simple"},"yoast_head":"<!-- This site is optimized with the Yoast SEO plugin v21.7 - https:\/\/yoast.com\/wordpress\/plugins\/seo\/ -->\n<title>SE-12 Schwenkantrieb - ZZ Group<\/title>\n<meta name=\"description\" content=\"Die Struktur des SE12-Schwenkantriebs ist pr\u00e4zisionsgefertigt und optimiert , um hohe Leistung in industriellen und technischen Anwendungen zu bieten.\" \/>\n<meta name=\"robots\" content=\"index, follow, max-snippet:-1, max-image-preview:large, max-video-preview:-1\" \/>\n<link rel=\"canonical\" href=\"https:\/\/slewingbearings.com\/product\/se-12-slew-drive\/\" \/>\n<meta property=\"og:locale\" content=\"de_DE\" \/>\n<meta property=\"og:type\" content=\"article\" \/>\n<meta property=\"og:title\" content=\"SE-12 Schwenkantrieb - ZZ Group\" \/>\n<meta property=\"og:description\" content=\"Die Struktur des SE12-Schwenkantriebs ist pr\u00e4zisionsgefertigt und optimiert , um hohe Leistung in industriellen und technischen Anwendungen zu bieten.\" \/>\n<meta property=\"og:url\" content=\"https:\/\/slewingbearings.com\/product\/se-12-slew-drive\/\" \/>\n<meta property=\"og:site_name\" content=\"ZZ Group\" \/>\n<meta property=\"og:image\" content=\"https:\/\/slewingbearings.com\/wp-content\/uploads\/2024\/01\/se12.jpg\" \/>\n\t<meta property=\"og:image:width\" content=\"500\" \/>\n\t<meta property=\"og:image:height\" content=\"500\" \/>\n\t<meta property=\"og:image:type\" content=\"image\/jpeg\" \/>\n<meta name=\"twitter:card\" content=\"summary_large_image\" \/>\n<meta name=\"twitter:label1\" content=\"Gesch\u00e4tzte Lesezeit\" \/>\n\t<meta name=\"twitter:data1\" content=\"1\u00a0Minute\" \/>\n<script type=\"application\/ld+json\" class=\"yoast-schema-graph\">{\"@context\":\"https:\/\/schema.org\",\"@graph\":[{\"@type\":\"WebPage\",\"@id\":\"https:\/\/slewingbearings.com\/product\/se-12-slew-drive\/\",\"url\":\"https:\/\/slewingbearings.com\/product\/se-12-slew-drive\/\",\"name\":\"SE-12 Schwenkantrieb - ZZ Group\",\"isPartOf\":{\"@id\":\"https:\/\/slewingbearings.com\/#website\"},\"datePublished\":\"2024-01-15T01:19:28+00:00\",\"dateModified\":\"2024-01-15T01:19:28+00:00\",\"description\":\"Die Struktur des SE12-Schwenkantriebs ist pr\u00e4zisionsgefertigt und optimiert , um hohe Leistung in industriellen und technischen Anwendungen zu bieten.\",\"breadcrumb\":{\"@id\":\"https:\/\/slewingbearings.com\/product\/se-12-slew-drive\/#breadcrumb\"},\"inLanguage\":\"de\",\"potentialAction\":[{\"@type\":\"ReadAction\",\"target\":[\"https:\/\/slewingbearings.com\/product\/se-12-slew-drive\/\"]}]},{\"@type\":\"BreadcrumbList\",\"@id\":\"https:\/\/slewingbearings.com\/product\/se-12-slew-drive\/#breadcrumb\",\"itemListElement\":[{\"@type\":\"ListItem\",\"position\":1,\"name\":\"Home\",\"item\":\"https:\/\/slewingbearings.com\/de\/grosswaelzlager-grosswaelzlagerantrieb\/\"},{\"@type\":\"ListItem\",\"position\":2,\"name\":\"Shop\",\"item\":\"https:\/\/slewingbearings.com\/shop\/\"},{\"@type\":\"ListItem\",\"position\":3,\"name\":\"SE-12 Schwenkantrieb\"}]},{\"@type\":\"WebSite\",\"@id\":\"https:\/\/slewingbearings.com\/#website\",\"url\":\"https:\/\/slewingbearings.com\/\",\"name\":\"ZZ Group\",\"description\":\"Leading Slewing Bearings in China\",\"potentialAction\":[{\"@type\":\"SearchAction\",\"target\":{\"@type\":\"EntryPoint\",\"urlTemplate\":\"https:\/\/slewingbearings.com\/?s={search_term_string}\"},\"query-input\":\"required name=search_term_string\"}],\"inLanguage\":\"de\"}]}<\/script>\n<!-- \/ Yoast SEO plugin. -->","yoast_head_json":{"title":"SE-12 Schwenkantrieb - ZZ Group","description":"Die Struktur des SE12-Schwenkantriebs ist pr\u00e4zisionsgefertigt und optimiert , um hohe Leistung in industriellen und technischen Anwendungen zu bieten.","robots":{"index":"index","follow":"follow","max-snippet":"max-snippet:-1","max-image-preview":"max-image-preview:large","max-video-preview":"max-video-preview:-1"},"canonical":"https:\/\/slewingbearings.com\/product\/se-12-slew-drive\/","og_locale":"de_DE","og_type":"article","og_title":"SE-12 Schwenkantrieb - ZZ Group","og_description":"Die Struktur des SE12-Schwenkantriebs ist pr\u00e4zisionsgefertigt und optimiert , um hohe Leistung in industriellen und technischen Anwendungen zu bieten.","og_url":"https:\/\/slewingbearings.com\/product\/se-12-slew-drive\/","og_site_name":"ZZ Group","og_image":[{"width":500,"height":500,"url":"https:\/\/slewingbearings.com\/wp-content\/uploads\/2024\/01\/se12.jpg","type":"image\/jpeg"}],"twitter_card":"summary_large_image","twitter_misc":{"Gesch\u00e4tzte Lesezeit":"1\u00a0Minute"},"schema":{"@context":"https:\/\/schema.org","@graph":[{"@type":"WebPage","@id":"https:\/\/slewingbearings.com\/product\/se-12-slew-drive\/","url":"https:\/\/slewingbearings.com\/product\/se-12-slew-drive\/","name":"SE-12 Schwenkantrieb - ZZ Group","isPartOf":{"@id":"https:\/\/slewingbearings.com\/#website"},"datePublished":"2024-01-15T01:19:28+00:00","dateModified":"2024-01-15T01:19:28+00:00","description":"Die Struktur des SE12-Schwenkantriebs ist pr\u00e4zisionsgefertigt und optimiert , um hohe Leistung in industriellen und technischen Anwendungen zu bieten.","breadcrumb":{"@id":"https:\/\/slewingbearings.com\/product\/se-12-slew-drive\/#breadcrumb"},"inLanguage":"de","potentialAction":[{"@type":"ReadAction","target":["https:\/\/slewingbearings.com\/product\/se-12-slew-drive\/"]}]},{"@type":"BreadcrumbList","@id":"https:\/\/slewingbearings.com\/product\/se-12-slew-drive\/#breadcrumb","itemListElement":[{"@type":"ListItem","position":1,"name":"Home","item":"https:\/\/slewingbearings.com\/de\/grosswaelzlager-grosswaelzlagerantrieb\/"},{"@type":"ListItem","position":2,"name":"Shop","item":"https:\/\/slewingbearings.com\/shop\/"},{"@type":"ListItem","position":3,"name":"SE-12 Schwenkantrieb"}]},{"@type":"WebSite","@id":"https:\/\/slewingbearings.com\/#website","url":"https:\/\/slewingbearings.com\/","name":"ZZ Group","description":"Leading Slewing Bearings in China","potentialAction":[{"@type":"SearchAction","target":{"@type":"EntryPoint","urlTemplate":"https:\/\/slewingbearings.com\/?s={search_term_string}"},"query-input":"required name=search_term_string"}],"inLanguage":"de"}]}},"_links":{"self":[{"href":"https:\/\/slewingbearings.com\/de\/wp-json\/wp\/v2\/product\/11691","targetHints":{"allow":["GET"]}}],"collection":[{"href":"https:\/\/slewingbearings.com\/de\/wp-json\/wp\/v2\/product"}],"about":[{"href":"https:\/\/slewingbearings.com\/de\/wp-json\/wp\/v2\/types\/product"}],"replies":[{"embeddable":true,"href":"https:\/\/slewingbearings.com\/de\/wp-json\/wp\/v2\/comments?post=11691"}],"wp:featuredmedia":[{"embeddable":true,"href":"https:\/\/slewingbearings.com\/de\/wp-json\/wp\/v2\/media\/5989"}],"wp:attachment":[{"href":"https:\/\/slewingbearings.com\/de\/wp-json\/wp\/v2\/media?parent=11691"}],"wp:term":[{"taxonomy":"product_cat","embeddable":true,"href":"https:\/\/slewingbearings.com\/de\/wp-json\/wp\/v2\/product_cat?post=11691"},{"taxonomy":"product_tag","embeddable":true,"href":"https:\/\/slewingbearings.com\/de\/wp-json\/wp\/v2\/product_tag?post=11691"}],"curies":[{"name":"wp","href":"https:\/\/api.w.org\/{rel}","templated":true}]}}