{"id":11684,"date":"2024-01-15T00:40:02","date_gmt":"2024-01-15T00:40:02","guid":{"rendered":"https:\/\/slewingbearings.com\/product\/se-9-slew-drive\/"},"modified":"2024-01-15T00:40:02","modified_gmt":"2024-01-15T00:40:02","slug":"se-9-slew-drive","status":"publish","type":"product","link":"https:\/\/slewingbearings.com\/de\/product\/se-9-slew-drive\/","title":{"rendered":"SE-9 Slew Drive"},"content":{"rendered":"<p>Der konstruktive Aufbau des <a href=\"https:\/\/slewingbearings.com\/product-category\/slew-drive\/\"> SE-Schwenkantriebs<\/a> umfasst in der Regel die folgenden Hauptkomponenten:<\/p>\n<ul>\n<li>\u00c4u\u00dferer Ring und innerer Ring: Der Grundaufbau des SE-Schwenkgetriebes besteht aus einem \u00e4u\u00dferen gro\u00dfen Ring und einem inneren kleinen Ring. Zwischen diesen beiden Ringen wird ein ringf\u00f6rmiger Raum gebildet, in dem die Drehbewegung stattfindet. Der \u00e4u\u00dfere Ring ist in der Mechanik befestigt, w\u00e4hrend der innere Ring mit der Mechanik verbunden ist und sich durch das Antriebssystem dreht.  <\/li>\n<li>Zahnradsystem: Das Zahnradsystem zwischen dem Innen- und dem Au\u00dfenring ist der wichtigste \u00dcbertragungsmechanismus. Das Getriebesystem besteht aus pr\u00e4zisionsgefertigten Zahnr\u00e4dern, die eine reibungslose Drehung des Innenrings gegen\u00fcber dem Au\u00dfenring erm\u00f6glichen. Die Konstruktion und Herstellung von Zahnr\u00e4dern ist entscheidend f\u00fcr die Genauigkeit, Drehmoment\u00fcbertragung und Haltbarkeit des Systems.  <\/li>\n<li>Motor: Der Motor ist die Energiequelle des Schwenkantriebs der SE-Serie, und in der Regel wird ein hocheffizienter Gleich- oder Wechselstrommotor gew\u00e4hlt. Die Abtriebswelle des Motors ist mit dem Getriebesystem verbunden, um die Drehbewegung durch Bereitstellung eines Drehmoments anzutreiben. <\/li>\n<li>Untersetzungsgetriebe: Um die vom Motor abgegebene Hochgeschwindigkeits-Drehbewegung zu reduzieren, sind die Schwenkantriebe der Serie SE in der Regel mit einem Untersetzungsgetriebe ausgestattet. Untersetzungsgetriebe erh\u00f6hen das Drehmoment durch Verlangsamung der Drehbewegung und sorgen f\u00fcr eine gleichm\u00e4\u00dfige und pr\u00e4zise Funktion des Systems. <\/li>\n<\/ul>\n\n<table id=\"tablepress-14\" class=\"tablepress tablepress-id-14\">\n<thead>\n<tr class=\"row-1\">\n\t<th class=\"column-1\">Model<\/th><th class=\"column-2\">Output Torque<\/th><th class=\"column-3\">Tilting Moment Torque<\/th><th class=\"column-4\">Holding Torque<\/th><th class=\"column-5\">Gear Ratio<\/th><th class=\"column-6\">Tracking Precision<\/th><th class=\"column-7\">Weight<\/th><th class=\"column-8\">Drawing<\/th>\n<\/tr>\n<\/thead>\n<tbody class=\"row-striping row-hover\">\n<tr class=\"row-2\">\n\t<td class=\"column-1\">SE9<\/td><td class=\"column-2\">6.5 KN.m<\/td><td class=\"column-3\">33.9 KN.m<\/td><td class=\"column-4\">38.7 KN.m<\/td><td class=\"column-5\">61:1<\/td><td class=\"column-6\">0.17\u00b0<\/td><td class=\"column-7\">49kg<\/td><td class=\"column-8\"><a href=\"https:\/\/slewingbearings.com\/wp-content\/uploads\/2024\/01\/SE9-Slew-Drive-catalog.pdf\"><br \/>\n<img decoding=\"async\" src=\"https:\/\/slewingbearings.com\/wp-content\/uploads\/2024\/01\/pdf.png\" width=\"30\" height=\"30\"><\/a><\/td>\n<\/tr>\n<tr class=\"row-3\">\n\t<td class=\"column-1\">SE9<\/td><td class=\"column-2\">4794 lbf.ft<\/td><td class=\"column-3\">25\u00d710\u00b3 lbf.ft<\/td><td class=\"column-4\">29\u00d710\u00b3 lbf.ft<\/td><td class=\"column-5\">61:1<\/td><td class=\"column-6\">0.17\u00b0<\/td><td class=\"column-7\">49kg<\/td><td class=\"column-8\"><a href=\"https:\/\/slewingbearings.com\/wp-content\/uploads\/2024\/01\/SE9-Slew-Drive-catalog.pdf\"><br \/>\n<img decoding=\"async\" src=\"https:\/\/slewingbearings.com\/wp-content\/uploads\/2024\/01\/pdf.png\" width=\"30\" height=\"30\"><\/a><\/td>\n<\/tr>\n<\/tbody>\n<\/table>\n<!-- #tablepress-14 from cache -->\n","protected":false},"excerpt":{"rendered":"<p>Die Schwenkantriebe der Serie SE werden aufgrund ihrer hohen Pr\u00e4zision, ihres gro\u00dfen Drehmoments und ihrer Stabilit\u00e4t in zahlreichen industriellen Bereichen und technischen Anwendungsszenarien eingesetzt. Nachfolgend finden Sie einige g\u00e4ngige Anwendungsszenarien f\u00fcr Schwenkantriebe der SE-Serie: <\/p>\n<p>Industrielle Maschinen: Schwenkantriebe der Serie SE werden h\u00e4ufig im Bereich der Industriemaschinen eingesetzt, z. B. in CNC-Werkzeugmaschinen, Spritzgie\u00dfmaschinen, Mischanlagen usw. Aufgrund ihrer hohen Pr\u00e4zision und ihres hohen Drehmoments eignen sie sich ideal f\u00fcr Produktionsanlagen, die eine Drehbewegung erfordern, z. B. zum Positionieren, Drehen und Bearbeiten von Teilen w\u00e4hrend der Fertigung. <\/p>\n<p>Solar-Nachf\u00fchrsystem: In der Solarindustrie werden die Schwenkantriebe der SE-Serie h\u00e4ufig in Solar-Nachf\u00fchrsystemen eingesetzt, um den Winkel der Solarpaneele so einzustellen, dass die Absorption des Sonnenlichts maximiert wird. Solche Anwendungen erfordern hohe Pr\u00e4zision und Zuverl\u00e4ssigkeit, um sicherzustellen, dass die Solarmodule ihre optimale Ausrichtung bei t\u00e4glichen und saisonalen Ver\u00e4nderungen beibehalten. <\/p>\n","protected":false},"featured_media":5908,"comment_status":"open","ping_status":"closed","template":"","meta":{"content-type":""},"product_cat":[333,326],"product_tag":[395],"class_list":{"0":"post-11684","1":"product","2":"type-product","3":"status-publish","4":"has-post-thumbnail","6":"product_cat-se-pe-slew-drive-de","7":"product_cat-slew-drive-de","8":"product_tag-se9-slew-drive-de","10":"first","11":"instock","12":"shipping-taxable","13":"product-type-simple"},"yoast_head":"<!-- This site is optimized with the Yoast SEO plugin v21.7 - https:\/\/yoast.com\/wordpress\/plugins\/seo\/ -->\n<title>SE-9 Slew Drive - ZZ Group<\/title>\n<meta name=\"description\" content=\"Die SE9-Schwenkantriebe sind hochgradig abgedichtet und gesch\u00fctzt , um die Auswirkungen der \u00e4u\u00dferen Umgebung auf die internen mechanischen Komponenten zu verhindern.\" \/>\n<meta name=\"robots\" content=\"index, follow, max-snippet:-1, max-image-preview:large, max-video-preview:-1\" \/>\n<link rel=\"canonical\" href=\"https:\/\/slewingbearings.com\/product\/se-9-slew-drive\/\" \/>\n<meta property=\"og:locale\" content=\"de_DE\" \/>\n<meta property=\"og:type\" content=\"article\" \/>\n<meta property=\"og:title\" content=\"SE-9 Slew Drive - ZZ Group\" \/>\n<meta property=\"og:description\" content=\"Die SE9-Schwenkantriebe sind hochgradig abgedichtet und gesch\u00fctzt , um die Auswirkungen der \u00e4u\u00dferen Umgebung auf die internen mechanischen Komponenten zu verhindern.\" \/>\n<meta property=\"og:url\" content=\"https:\/\/slewingbearings.com\/product\/se-9-slew-drive\/\" \/>\n<meta property=\"og:site_name\" content=\"ZZ Group\" \/>\n<meta property=\"og:image\" content=\"https:\/\/slewingbearings.com\/wp-content\/uploads\/2023\/11\/se9.jpg\" \/>\n\t<meta property=\"og:image:width\" content=\"500\" \/>\n\t<meta property=\"og:image:height\" content=\"500\" \/>\n\t<meta property=\"og:image:type\" content=\"image\/jpeg\" \/>\n<meta name=\"twitter:card\" content=\"summary_large_image\" \/>\n<meta name=\"twitter:label1\" content=\"Gesch\u00e4tzte Lesezeit\" \/>\n\t<meta name=\"twitter:data1\" content=\"1\u00a0Minute\" \/>\n<script type=\"application\/ld+json\" class=\"yoast-schema-graph\">{\"@context\":\"https:\/\/schema.org\",\"@graph\":[{\"@type\":\"WebPage\",\"@id\":\"https:\/\/slewingbearings.com\/product\/se-9-slew-drive\/\",\"url\":\"https:\/\/slewingbearings.com\/product\/se-9-slew-drive\/\",\"name\":\"SE-9 Slew Drive - ZZ Group\",\"isPartOf\":{\"@id\":\"https:\/\/slewingbearings.com\/#website\"},\"datePublished\":\"2024-01-15T00:40:02+00:00\",\"dateModified\":\"2024-01-15T00:40:02+00:00\",\"description\":\"Die SE9-Schwenkantriebe sind hochgradig abgedichtet und gesch\u00fctzt , um die Auswirkungen der \u00e4u\u00dferen Umgebung auf die internen mechanischen Komponenten zu verhindern.\",\"breadcrumb\":{\"@id\":\"https:\/\/slewingbearings.com\/product\/se-9-slew-drive\/#breadcrumb\"},\"inLanguage\":\"de\",\"potentialAction\":[{\"@type\":\"ReadAction\",\"target\":[\"https:\/\/slewingbearings.com\/product\/se-9-slew-drive\/\"]}]},{\"@type\":\"BreadcrumbList\",\"@id\":\"https:\/\/slewingbearings.com\/product\/se-9-slew-drive\/#breadcrumb\",\"itemListElement\":[{\"@type\":\"ListItem\",\"position\":1,\"name\":\"Home\",\"item\":\"https:\/\/slewingbearings.com\/de\/grosswaelzlager-grosswaelzlagerantrieb\/\"},{\"@type\":\"ListItem\",\"position\":2,\"name\":\"Shop\",\"item\":\"https:\/\/slewingbearings.com\/shop\/\"},{\"@type\":\"ListItem\",\"position\":3,\"name\":\"SE-9 Slew Drive\"}]},{\"@type\":\"WebSite\",\"@id\":\"https:\/\/slewingbearings.com\/#website\",\"url\":\"https:\/\/slewingbearings.com\/\",\"name\":\"ZZ Group\",\"description\":\"Leading Slewing Bearings in China\",\"potentialAction\":[{\"@type\":\"SearchAction\",\"target\":{\"@type\":\"EntryPoint\",\"urlTemplate\":\"https:\/\/slewingbearings.com\/?s={search_term_string}\"},\"query-input\":\"required name=search_term_string\"}],\"inLanguage\":\"de\"}]}<\/script>\n<!-- \/ Yoast SEO plugin. -->","yoast_head_json":{"title":"SE-9 Slew Drive - ZZ Group","description":"Die SE9-Schwenkantriebe sind hochgradig abgedichtet und gesch\u00fctzt , um die Auswirkungen der \u00e4u\u00dferen Umgebung auf die internen mechanischen Komponenten zu verhindern.","robots":{"index":"index","follow":"follow","max-snippet":"max-snippet:-1","max-image-preview":"max-image-preview:large","max-video-preview":"max-video-preview:-1"},"canonical":"https:\/\/slewingbearings.com\/product\/se-9-slew-drive\/","og_locale":"de_DE","og_type":"article","og_title":"SE-9 Slew Drive - ZZ Group","og_description":"Die SE9-Schwenkantriebe sind hochgradig abgedichtet und gesch\u00fctzt , um die Auswirkungen der \u00e4u\u00dferen Umgebung auf die internen mechanischen Komponenten zu verhindern.","og_url":"https:\/\/slewingbearings.com\/product\/se-9-slew-drive\/","og_site_name":"ZZ Group","og_image":[{"width":500,"height":500,"url":"https:\/\/slewingbearings.com\/wp-content\/uploads\/2023\/11\/se9.jpg","type":"image\/jpeg"}],"twitter_card":"summary_large_image","twitter_misc":{"Gesch\u00e4tzte Lesezeit":"1\u00a0Minute"},"schema":{"@context":"https:\/\/schema.org","@graph":[{"@type":"WebPage","@id":"https:\/\/slewingbearings.com\/product\/se-9-slew-drive\/","url":"https:\/\/slewingbearings.com\/product\/se-9-slew-drive\/","name":"SE-9 Slew Drive - ZZ Group","isPartOf":{"@id":"https:\/\/slewingbearings.com\/#website"},"datePublished":"2024-01-15T00:40:02+00:00","dateModified":"2024-01-15T00:40:02+00:00","description":"Die SE9-Schwenkantriebe sind hochgradig abgedichtet und gesch\u00fctzt , um die Auswirkungen der \u00e4u\u00dferen Umgebung auf die internen mechanischen Komponenten zu verhindern.","breadcrumb":{"@id":"https:\/\/slewingbearings.com\/product\/se-9-slew-drive\/#breadcrumb"},"inLanguage":"de","potentialAction":[{"@type":"ReadAction","target":["https:\/\/slewingbearings.com\/product\/se-9-slew-drive\/"]}]},{"@type":"BreadcrumbList","@id":"https:\/\/slewingbearings.com\/product\/se-9-slew-drive\/#breadcrumb","itemListElement":[{"@type":"ListItem","position":1,"name":"Home","item":"https:\/\/slewingbearings.com\/de\/grosswaelzlager-grosswaelzlagerantrieb\/"},{"@type":"ListItem","position":2,"name":"Shop","item":"https:\/\/slewingbearings.com\/shop\/"},{"@type":"ListItem","position":3,"name":"SE-9 Slew Drive"}]},{"@type":"WebSite","@id":"https:\/\/slewingbearings.com\/#website","url":"https:\/\/slewingbearings.com\/","name":"ZZ Group","description":"Leading Slewing Bearings in China","potentialAction":[{"@type":"SearchAction","target":{"@type":"EntryPoint","urlTemplate":"https:\/\/slewingbearings.com\/?s={search_term_string}"},"query-input":"required name=search_term_string"}],"inLanguage":"de"}]}},"_links":{"self":[{"href":"https:\/\/slewingbearings.com\/de\/wp-json\/wp\/v2\/product\/11684","targetHints":{"allow":["GET"]}}],"collection":[{"href":"https:\/\/slewingbearings.com\/de\/wp-json\/wp\/v2\/product"}],"about":[{"href":"https:\/\/slewingbearings.com\/de\/wp-json\/wp\/v2\/types\/product"}],"replies":[{"embeddable":true,"href":"https:\/\/slewingbearings.com\/de\/wp-json\/wp\/v2\/comments?post=11684"}],"wp:featuredmedia":[{"embeddable":true,"href":"https:\/\/slewingbearings.com\/de\/wp-json\/wp\/v2\/media\/5908"}],"wp:attachment":[{"href":"https:\/\/slewingbearings.com\/de\/wp-json\/wp\/v2\/media?parent=11684"}],"wp:term":[{"taxonomy":"product_cat","embeddable":true,"href":"https:\/\/slewingbearings.com\/de\/wp-json\/wp\/v2\/product_cat?post=11684"},{"taxonomy":"product_tag","embeddable":true,"href":"https:\/\/slewingbearings.com\/de\/wp-json\/wp\/v2\/product_tag?post=11684"}],"curies":[{"name":"wp","href":"https:\/\/api.w.org\/{rel}","templated":true}]}}