{"id":11660,"date":"2023-11-29T05:24:53","date_gmt":"2023-11-29T05:24:53","guid":{"rendered":"https:\/\/slewingbearings.com\/product\/se-7-schwungantrieb\/"},"modified":"2023-11-29T05:24:53","modified_gmt":"2023-11-29T05:24:53","slug":"se-7-schwungantrieb","status":"publish","type":"product","link":"https:\/\/slewingbearings.com\/de\/product\/se-7-schwungantrieb\/","title":{"rendered":"SE-7 Schwungantrieb"},"content":{"rendered":"<p>Hervorragende Belastbarkeit ist das herausragende Merkmal der SE-Drehwerksreihe. Durch Pr\u00e4zisionsfertigung und strukturelles Design kann diese Produktserie unter hohen Lasten und intensiven Arbeitsbedingungen stabil arbeiten und erf\u00fcllt die strengen Anforderungen an Zuverl\u00e4ssigkeit und Stabilit\u00e4t von Industriemaschinen und technischen Anlagen. <\/p>\n<p>Was die Zuverl\u00e4ssigkeit anbelangt, so gew\u00e4hrleistet der Schwenkantrieb der SE-Serie durch die Auswahl langlebiger Materialien und eine exquisite Verarbeitung ein hohes Leistungsniveau w\u00e4hrend des Langzeitbetriebs, wodurch die Lebensdauer der Ausr\u00fcstung verl\u00e4ngert und die Wartungskosten reduziert werden.<\/p>\n<p>Die Energieeffizienz ist ein weiterer gro\u00dfer Vorteil der Schwenkantriebe der SE-Serie. Durch die Anwendung einer effizienten Energieumwandlungstechnologie k\u00f6nnen diese Antriebssysteme die zugef\u00fchrte Energie effektiv in Ausgangsleistung umwandeln, den Gesamtenergieverbrauch reduzieren und die Anforderungen an Nachhaltigkeit und Energieeffizienz im heutigen technischen Bereich erf\u00fcllen. <\/p>\n<p>Die Schwenkantriebe der SE-Serie sind f\u00fcr eine einfache Integration konzipiert. Der modulare Aufbau und die Standardschnittstellen erm\u00f6glichen einen flexiblen Einsatz in verschiedenen mechanischen Systemen und bieten vielf\u00e4ltige integrierte L\u00f6sungen. Gleichzeitig sorgt die staub- und wasserdichte Konstruktion f\u00fcr einen stabilen Betrieb in rauen Umgebungen und gew\u00e4hrleistet die Sicherheit und Zuverl\u00e4ssigkeit der Ger\u00e4te.  <\/p>\n\n<table id=\"tablepress-13\" class=\"tablepress tablepress-id-13\">\n<thead>\n<tr class=\"row-1\">\n\t<th class=\"column-1\">Model<\/th><th class=\"column-2\">Output Torque<\/th><th class=\"column-3\">Tilting Moment Torque<\/th><th class=\"column-4\">Holding Torque<\/th><th class=\"column-5\">Gear Ratio<\/th><th class=\"column-6\">Tracking Precision<\/th><th class=\"column-7\">Weight<\/th><th class=\"column-8\">Drawing<\/th>\n<\/tr>\n<\/thead>\n<tbody class=\"row-striping row-hover\">\n<tr class=\"row-2\">\n\t<td class=\"column-1\">SE7<\/td><td class=\"column-2\">1000 N.m<\/td><td class=\"column-3\">13500 N.m<\/td><td class=\"column-4\">10400 N.m<\/td><td class=\"column-5\">73:1<\/td><td class=\"column-6\">0.2\u00b0<\/td><td class=\"column-7\">21kg<\/td><td class=\"column-8\"><a href=\"https:\/\/slewingbearings.com\/wp-content\/uploads\/2024\/01\/SE7-Slew-Drive-catalog.pdf\"><br \/>\n<img decoding=\"async\" src=\"https:\/\/slewingbearings.com\/wp-content\/uploads\/2024\/01\/pdf.png\" width=\"30\" height=\"30\"><\/a><\/td>\n<\/tr>\n<tr class=\"row-3\">\n\t<td class=\"column-1\">SE7<\/td><td class=\"column-2\">738 lbf.ft<\/td><td class=\"column-3\">9957 lbf.ft<\/td><td class=\"column-4\">7671 lbf.ft<\/td><td class=\"column-5\">73:1<\/td><td class=\"column-6\">0.2\u00b0<\/td><td class=\"column-7\">21kg<\/td><td class=\"column-8\"><a href=\"https:\/\/slewingbearings.com\/wp-content\/uploads\/2024\/01\/SE7-Slew-Drive-catalog.pdf\"><br \/>\n<img decoding=\"async\" src=\"https:\/\/slewingbearings.com\/wp-content\/uploads\/2024\/01\/pdf.png\" width=\"30\" height=\"30\"><\/a><\/td>\n<\/tr>\n<\/tbody>\n<\/table>\n<!-- #tablepress-13 from cache -->\n","protected":false},"excerpt":{"rendered":"<p>Der SE7-Schwenkantrieb verk\u00f6rpert die Spitze des fortschrittlichen technischen Designs und bietet \u00fcberlegene Leistungsl\u00f6sungen f\u00fcr eine breite Palette von industriellen Anwendungen. Seine Konstruktion ist detailgenau und zielt auf eine effiziente Rotationskraft\u00fcbertragung auf kleinem Raum ab und demonstriert seine umfassende Leistungsf\u00e4higkeit in verschiedenen technischen Anwendungsszenarien. <\/p>\n<p>Insgesamt bietet die SE-Drehantriebsreihe effiziente und nachhaltige L\u00f6sungen f\u00fcr die rotierende Kraft\u00fcbertragung im industriellen Bereich mit ihrer hervorragenden Konstruktion, Belastbarkeit, Zuverl\u00e4ssigkeit, Energieeffizienz und einfachen Integration.<\/p>\n","protected":false},"featured_media":5899,"comment_status":"open","ping_status":"closed","template":"","meta":{"content-type":""},"product_cat":[333,326],"product_tag":[389],"class_list":{"0":"post-11660","1":"product","2":"type-product","3":"status-publish","4":"has-post-thumbnail","6":"product_cat-se-pe-slew-drive-de","7":"product_cat-slew-drive-de","8":"product_tag-se7-slew-drive-de","10":"first","11":"instock","12":"shipping-taxable","13":"product-type-simple"},"yoast_head":"<!-- This site is optimized with the Yoast SEO plugin v21.7 - https:\/\/yoast.com\/wordpress\/plugins\/seo\/ -->\n<title>SE-7 Schwungantrieb - ZZ Group<\/title>\n<meta name=\"description\" content=\"Der SE7-Schwenkantrieb ist f\u00fcr eine einfache Integration konzipiert. Der modulare Aufbau und die Standardschnittstellen lassen sich flexibel auf verschiedene Maschinentypen anwenden.\" \/>\n<meta name=\"robots\" content=\"index, follow, max-snippet:-1, max-image-preview:large, max-video-preview:-1\" \/>\n<link rel=\"canonical\" href=\"https:\/\/slewingbearings.com\/product\/se-7-slew-drive\/\" \/>\n<meta property=\"og:locale\" content=\"de_DE\" \/>\n<meta property=\"og:type\" content=\"article\" \/>\n<meta property=\"og:title\" content=\"SE-7 Schwungantrieb - ZZ Group\" \/>\n<meta property=\"og:description\" content=\"Der SE7-Schwenkantrieb ist f\u00fcr eine einfache Integration konzipiert. Der modulare Aufbau und die Standardschnittstellen lassen sich flexibel auf verschiedene Maschinentypen anwenden.\" \/>\n<meta property=\"og:url\" content=\"https:\/\/slewingbearings.com\/product\/se-7-slew-drive\/\" \/>\n<meta property=\"og:site_name\" content=\"ZZ Group\" \/>\n<meta property=\"og:image\" content=\"https:\/\/slewingbearings.com\/wp-content\/uploads\/2023\/11\/se7.jpg\" \/>\n\t<meta property=\"og:image:width\" content=\"500\" \/>\n\t<meta property=\"og:image:height\" content=\"500\" \/>\n\t<meta property=\"og:image:type\" content=\"image\/jpeg\" \/>\n<meta name=\"twitter:card\" content=\"summary_large_image\" \/>\n<meta name=\"twitter:label1\" content=\"Gesch\u00e4tzte Lesezeit\" \/>\n\t<meta name=\"twitter:data1\" content=\"1\u00a0Minute\" \/>\n<script type=\"application\/ld+json\" class=\"yoast-schema-graph\">{\"@context\":\"https:\/\/schema.org\",\"@graph\":[{\"@type\":\"WebPage\",\"@id\":\"https:\/\/slewingbearings.com\/product\/se-7-slew-drive\/\",\"url\":\"https:\/\/slewingbearings.com\/product\/se-7-slew-drive\/\",\"name\":\"SE-7 Schwungantrieb - ZZ Group\",\"isPartOf\":{\"@id\":\"https:\/\/slewingbearings.com\/#website\"},\"datePublished\":\"2023-11-29T05:24:53+00:00\",\"dateModified\":\"2023-11-29T05:24:53+00:00\",\"description\":\"Der SE7-Schwenkantrieb ist f\u00fcr eine einfache Integration konzipiert. Der modulare Aufbau und die Standardschnittstellen lassen sich flexibel auf verschiedene Maschinentypen anwenden.\",\"breadcrumb\":{\"@id\":\"https:\/\/slewingbearings.com\/product\/se-7-slew-drive\/#breadcrumb\"},\"inLanguage\":\"de\",\"potentialAction\":[{\"@type\":\"ReadAction\",\"target\":[\"https:\/\/slewingbearings.com\/product\/se-7-slew-drive\/\"]}]},{\"@type\":\"BreadcrumbList\",\"@id\":\"https:\/\/slewingbearings.com\/product\/se-7-slew-drive\/#breadcrumb\",\"itemListElement\":[{\"@type\":\"ListItem\",\"position\":1,\"name\":\"Home\",\"item\":\"https:\/\/slewingbearings.com\/de\/grosswaelzlager-grosswaelzlagerantrieb\/\"},{\"@type\":\"ListItem\",\"position\":2,\"name\":\"Shop\",\"item\":\"https:\/\/slewingbearings.com\/shop\/\"},{\"@type\":\"ListItem\",\"position\":3,\"name\":\"SE-7 Schwungantrieb\"}]},{\"@type\":\"WebSite\",\"@id\":\"https:\/\/slewingbearings.com\/#website\",\"url\":\"https:\/\/slewingbearings.com\/\",\"name\":\"ZZ Group\",\"description\":\"Leading Slewing Bearings in China\",\"potentialAction\":[{\"@type\":\"SearchAction\",\"target\":{\"@type\":\"EntryPoint\",\"urlTemplate\":\"https:\/\/slewingbearings.com\/?s={search_term_string}\"},\"query-input\":\"required name=search_term_string\"}],\"inLanguage\":\"de\"}]}<\/script>\n<!-- \/ Yoast SEO plugin. -->","yoast_head_json":{"title":"SE-7 Schwungantrieb - ZZ Group","description":"Der SE7-Schwenkantrieb ist f\u00fcr eine einfache Integration konzipiert. Der modulare Aufbau und die Standardschnittstellen lassen sich flexibel auf verschiedene Maschinentypen anwenden.","robots":{"index":"index","follow":"follow","max-snippet":"max-snippet:-1","max-image-preview":"max-image-preview:large","max-video-preview":"max-video-preview:-1"},"canonical":"https:\/\/slewingbearings.com\/product\/se-7-slew-drive\/","og_locale":"de_DE","og_type":"article","og_title":"SE-7 Schwungantrieb - ZZ Group","og_description":"Der SE7-Schwenkantrieb ist f\u00fcr eine einfache Integration konzipiert. Der modulare Aufbau und die Standardschnittstellen lassen sich flexibel auf verschiedene Maschinentypen anwenden.","og_url":"https:\/\/slewingbearings.com\/product\/se-7-slew-drive\/","og_site_name":"ZZ Group","og_image":[{"width":500,"height":500,"url":"https:\/\/slewingbearings.com\/wp-content\/uploads\/2023\/11\/se7.jpg","type":"image\/jpeg"}],"twitter_card":"summary_large_image","twitter_misc":{"Gesch\u00e4tzte Lesezeit":"1\u00a0Minute"},"schema":{"@context":"https:\/\/schema.org","@graph":[{"@type":"WebPage","@id":"https:\/\/slewingbearings.com\/product\/se-7-slew-drive\/","url":"https:\/\/slewingbearings.com\/product\/se-7-slew-drive\/","name":"SE-7 Schwungantrieb - ZZ Group","isPartOf":{"@id":"https:\/\/slewingbearings.com\/#website"},"datePublished":"2023-11-29T05:24:53+00:00","dateModified":"2023-11-29T05:24:53+00:00","description":"Der SE7-Schwenkantrieb ist f\u00fcr eine einfache Integration konzipiert. Der modulare Aufbau und die Standardschnittstellen lassen sich flexibel auf verschiedene Maschinentypen anwenden.","breadcrumb":{"@id":"https:\/\/slewingbearings.com\/product\/se-7-slew-drive\/#breadcrumb"},"inLanguage":"de","potentialAction":[{"@type":"ReadAction","target":["https:\/\/slewingbearings.com\/product\/se-7-slew-drive\/"]}]},{"@type":"BreadcrumbList","@id":"https:\/\/slewingbearings.com\/product\/se-7-slew-drive\/#breadcrumb","itemListElement":[{"@type":"ListItem","position":1,"name":"Home","item":"https:\/\/slewingbearings.com\/de\/grosswaelzlager-grosswaelzlagerantrieb\/"},{"@type":"ListItem","position":2,"name":"Shop","item":"https:\/\/slewingbearings.com\/shop\/"},{"@type":"ListItem","position":3,"name":"SE-7 Schwungantrieb"}]},{"@type":"WebSite","@id":"https:\/\/slewingbearings.com\/#website","url":"https:\/\/slewingbearings.com\/","name":"ZZ Group","description":"Leading Slewing Bearings in China","potentialAction":[{"@type":"SearchAction","target":{"@type":"EntryPoint","urlTemplate":"https:\/\/slewingbearings.com\/?s={search_term_string}"},"query-input":"required name=search_term_string"}],"inLanguage":"de"}]}},"_links":{"self":[{"href":"https:\/\/slewingbearings.com\/de\/wp-json\/wp\/v2\/product\/11660","targetHints":{"allow":["GET"]}}],"collection":[{"href":"https:\/\/slewingbearings.com\/de\/wp-json\/wp\/v2\/product"}],"about":[{"href":"https:\/\/slewingbearings.com\/de\/wp-json\/wp\/v2\/types\/product"}],"replies":[{"embeddable":true,"href":"https:\/\/slewingbearings.com\/de\/wp-json\/wp\/v2\/comments?post=11660"}],"wp:featuredmedia":[{"embeddable":true,"href":"https:\/\/slewingbearings.com\/de\/wp-json\/wp\/v2\/media\/5899"}],"wp:attachment":[{"href":"https:\/\/slewingbearings.com\/de\/wp-json\/wp\/v2\/media?parent=11660"}],"wp:term":[{"taxonomy":"product_cat","embeddable":true,"href":"https:\/\/slewingbearings.com\/de\/wp-json\/wp\/v2\/product_cat?post=11660"},{"taxonomy":"product_tag","embeddable":true,"href":"https:\/\/slewingbearings.com\/de\/wp-json\/wp\/v2\/product_tag?post=11660"}],"curies":[{"name":"wp","href":"https:\/\/api.w.org\/{rel}","templated":true}]}}