{"id":11642,"date":"2023-11-28T11:39:02","date_gmt":"2023-11-28T11:39:02","guid":{"rendered":"https:\/\/slewingbearings.com\/product\/se-3-drehantrieb\/"},"modified":"2023-11-28T11:39:02","modified_gmt":"2023-11-28T11:39:02","slug":"se-3-drehantrieb","status":"publish","type":"product","link":"https:\/\/slewingbearings.com\/de\/product\/se-3-drehantrieb\/","title":{"rendered":"SE-3 Drehantrieb"},"content":{"rendered":"<p>Die SE-Serie verf\u00fcgt \u00fcber ein hochpr\u00e4zises, kompaktes Design, passt sich an eine Vielzahl von Anwendungsszenarien an, hat eine hohe Belastbarkeit und eine hohe Zuverl\u00e4ssigkeit und bietet eine effiziente Rotationsleistung f\u00fcr technische und mechanische Systeme. Die besonderen Merkmale sind: <\/p>\n<ul>\n<li>Pr\u00e4zise Konstruktion: Die Schwenkantriebe der SE-Serie sind in der Regel pr\u00e4zisionsgefertigt, um ein hohes Ma\u00df an Genauigkeit und Steuerbarkeit zu gew\u00e4hrleisten. Dies ist entscheidend f\u00fcr einige Anwendungen, die eine hochpr\u00e4zise Positionierung und Steuerung erfordern. <\/li>\n<li>Hohe Tragf\u00e4higkeit: Diese Art von Schwenktrieb ist in der Regel f\u00fcr gr\u00f6\u00dfere Lasten ausgelegt und eignet sich f\u00fcr schwere Maschinen und Baumaschinen.<\/li>\n<li>Kompakte Bauweise: Um begrenzten Einbaur\u00e4umen gerecht zu werden, kann die SE-Serie ein kompaktes Design aufweisen, das eine effiziente Leistungsdichte bietet.<\/li>\n<\/ul>\n\n<table id=\"tablepress-11\" class=\"tablepress tablepress-id-11\">\n<thead>\n<tr class=\"row-1\">\n\t<th class=\"column-1\">Model<\/th><th class=\"column-2\">Output Torque<\/th><th class=\"column-3\">Tilting Moment Torque<\/th><th class=\"column-4\">Holding Torque<\/th><th class=\"column-5\">Gear Ratio<\/th><th class=\"column-6\">Tracking Precision<\/th><th class=\"column-7\">Weight<\/th><th class=\"column-8\">Drawing<\/th>\n<\/tr>\n<\/thead>\n<tbody class=\"row-striping row-hover\">\n<tr class=\"row-2\">\n\t<td class=\"column-1\">SE3<\/td><td class=\"column-2\">400 N.m<\/td><td class=\"column-3\">1100 N.m<\/td><td class=\"column-4\">2000 N.m<\/td><td class=\"column-5\">62:1<\/td><td class=\"column-6\">0.2\u00b0<\/td><td class=\"column-7\">12kg<\/td><td class=\"column-8\"><a href=\"https:\/\/slewingbearings.com\/wp-content\/uploads\/2024\/01\/SE3-Slew-Drive-catalog.pdf\"><br \/>\n<img decoding=\"async\" src=\"https:\/\/slewingbearings.com\/wp-content\/uploads\/2024\/01\/pdf.png\" width=\"30\" height=\"30\"><\/a><\/td>\n<\/tr>\n<tr class=\"row-3\">\n\t<td class=\"column-1\">SE3<\/td><td class=\"column-2\">295 lbf.ft<\/td><td class=\"column-3\">811 lbf.ft<\/td><td class=\"column-4\">1476 lbf.ft<\/td><td class=\"column-5\">62:1<\/td><td class=\"column-6\">0.2\u00b0<\/td><td class=\"column-7\">12kg<\/td><td class=\"column-8\"><a href=\"https:\/\/slewingbearings.com\/wp-content\/uploads\/2024\/01\/SE3-Slew-Drive-catalog.pdf\"><br \/>\n<img decoding=\"async\" src=\"https:\/\/slewingbearings.com\/wp-content\/uploads\/2024\/01\/pdf.png\" width=\"30\" height=\"30\"><\/a><\/td>\n<\/tr>\n<\/tbody>\n<\/table>\n<!-- #tablepress-11 from cache -->\n","protected":false},"excerpt":{"rendered":"<p>Der Antriebsmechanismus ist eine Schl\u00fcsselkomponente des SE3-Schwenkantriebs, der die rotierenden Komponenten durch eine externe Energie- oder Leistungsquelle antreibt. Die Wahl des Antriebsmechanismus h\u00e4ngt von der jeweiligen Anwendung ab und umfasst Elektromotoren, hydraulische Antriebe, pneumatische Antriebe usw. <\/p>\n","protected":false},"featured_media":5881,"comment_status":"open","ping_status":"closed","template":"","meta":{"content-type":""},"product_cat":[333,326],"product_tag":[375],"class_list":{"0":"post-11642","1":"product","2":"type-product","3":"status-publish","4":"has-post-thumbnail","6":"product_cat-se-pe-slew-drive-de","7":"product_cat-slew-drive-de","8":"product_tag-se-3-slew-drive-de","10":"first","11":"instock","12":"shipping-taxable","13":"product-type-simple"},"yoast_head":"<!-- This site is optimized with the Yoast SEO plugin v21.7 - https:\/\/yoast.com\/wordpress\/plugins\/seo\/ -->\n<title>SE-3 Drehantrieb - ZZ Group<\/title>\n<meta name=\"description\" content=\"SE3-Drehantriebe werden in vielen Bereichen eingesetzt, z. B. in der industriellen Fertigung, im Bauwesen, im Energiesektor, im Transportwesen und bei Haushaltsger\u00e4ten.\" \/>\n<meta name=\"robots\" content=\"index, follow, max-snippet:-1, max-image-preview:large, max-video-preview:-1\" \/>\n<link rel=\"canonical\" href=\"https:\/\/slewingbearings.com\/product\/se-3-slew-drive\/\" \/>\n<meta property=\"og:locale\" content=\"de_DE\" \/>\n<meta property=\"og:type\" content=\"article\" \/>\n<meta property=\"og:title\" content=\"SE-3 Drehantrieb - ZZ Group\" \/>\n<meta property=\"og:description\" content=\"SE3-Drehantriebe werden in vielen Bereichen eingesetzt, z. B. in der industriellen Fertigung, im Bauwesen, im Energiesektor, im Transportwesen und bei Haushaltsger\u00e4ten.\" \/>\n<meta property=\"og:url\" content=\"https:\/\/slewingbearings.com\/product\/se-3-slew-drive\/\" \/>\n<meta property=\"og:site_name\" content=\"ZZ Group\" \/>\n<meta property=\"og:image\" content=\"https:\/\/slewingbearings.com\/wp-content\/uploads\/2023\/11\/se3.jpg\" \/>\n\t<meta property=\"og:image:width\" content=\"500\" \/>\n\t<meta property=\"og:image:height\" content=\"500\" \/>\n\t<meta property=\"og:image:type\" content=\"image\/jpeg\" \/>\n<meta name=\"twitter:card\" content=\"summary_large_image\" \/>\n<meta name=\"twitter:label1\" content=\"Gesch\u00e4tzte Lesezeit\" \/>\n\t<meta name=\"twitter:data1\" content=\"1\u00a0Minute\" \/>\n<script type=\"application\/ld+json\" class=\"yoast-schema-graph\">{\"@context\":\"https:\/\/schema.org\",\"@graph\":[{\"@type\":\"WebPage\",\"@id\":\"https:\/\/slewingbearings.com\/product\/se-3-slew-drive\/\",\"url\":\"https:\/\/slewingbearings.com\/product\/se-3-slew-drive\/\",\"name\":\"SE-3 Drehantrieb - ZZ Group\",\"isPartOf\":{\"@id\":\"https:\/\/slewingbearings.com\/#website\"},\"datePublished\":\"2023-11-28T11:39:02+00:00\",\"dateModified\":\"2023-11-28T11:39:02+00:00\",\"description\":\"SE3-Drehantriebe werden in vielen Bereichen eingesetzt, z. B. in der industriellen Fertigung, im Bauwesen, im Energiesektor, im Transportwesen und bei Haushaltsger\u00e4ten.\",\"breadcrumb\":{\"@id\":\"https:\/\/slewingbearings.com\/product\/se-3-slew-drive\/#breadcrumb\"},\"inLanguage\":\"de\",\"potentialAction\":[{\"@type\":\"ReadAction\",\"target\":[\"https:\/\/slewingbearings.com\/product\/se-3-slew-drive\/\"]}]},{\"@type\":\"BreadcrumbList\",\"@id\":\"https:\/\/slewingbearings.com\/product\/se-3-slew-drive\/#breadcrumb\",\"itemListElement\":[{\"@type\":\"ListItem\",\"position\":1,\"name\":\"Home\",\"item\":\"https:\/\/slewingbearings.com\/de\/grosswaelzlager-grosswaelzlagerantrieb\/\"},{\"@type\":\"ListItem\",\"position\":2,\"name\":\"Shop\",\"item\":\"https:\/\/slewingbearings.com\/shop\/\"},{\"@type\":\"ListItem\",\"position\":3,\"name\":\"SE-3 Drehantrieb\"}]},{\"@type\":\"WebSite\",\"@id\":\"https:\/\/slewingbearings.com\/#website\",\"url\":\"https:\/\/slewingbearings.com\/\",\"name\":\"ZZ Group\",\"description\":\"Leading Slewing Bearings in China\",\"potentialAction\":[{\"@type\":\"SearchAction\",\"target\":{\"@type\":\"EntryPoint\",\"urlTemplate\":\"https:\/\/slewingbearings.com\/?s={search_term_string}\"},\"query-input\":\"required name=search_term_string\"}],\"inLanguage\":\"de\"}]}<\/script>\n<!-- \/ Yoast SEO plugin. -->","yoast_head_json":{"title":"SE-3 Drehantrieb - ZZ Group","description":"SE3-Drehantriebe werden in vielen Bereichen eingesetzt, z. B. in der industriellen Fertigung, im Bauwesen, im Energiesektor, im Transportwesen und bei Haushaltsger\u00e4ten.","robots":{"index":"index","follow":"follow","max-snippet":"max-snippet:-1","max-image-preview":"max-image-preview:large","max-video-preview":"max-video-preview:-1"},"canonical":"https:\/\/slewingbearings.com\/product\/se-3-slew-drive\/","og_locale":"de_DE","og_type":"article","og_title":"SE-3 Drehantrieb - ZZ Group","og_description":"SE3-Drehantriebe werden in vielen Bereichen eingesetzt, z. B. in der industriellen Fertigung, im Bauwesen, im Energiesektor, im Transportwesen und bei Haushaltsger\u00e4ten.","og_url":"https:\/\/slewingbearings.com\/product\/se-3-slew-drive\/","og_site_name":"ZZ Group","og_image":[{"width":500,"height":500,"url":"https:\/\/slewingbearings.com\/wp-content\/uploads\/2023\/11\/se3.jpg","type":"image\/jpeg"}],"twitter_card":"summary_large_image","twitter_misc":{"Gesch\u00e4tzte Lesezeit":"1\u00a0Minute"},"schema":{"@context":"https:\/\/schema.org","@graph":[{"@type":"WebPage","@id":"https:\/\/slewingbearings.com\/product\/se-3-slew-drive\/","url":"https:\/\/slewingbearings.com\/product\/se-3-slew-drive\/","name":"SE-3 Drehantrieb - ZZ Group","isPartOf":{"@id":"https:\/\/slewingbearings.com\/#website"},"datePublished":"2023-11-28T11:39:02+00:00","dateModified":"2023-11-28T11:39:02+00:00","description":"SE3-Drehantriebe werden in vielen Bereichen eingesetzt, z. B. in der industriellen Fertigung, im Bauwesen, im Energiesektor, im Transportwesen und bei Haushaltsger\u00e4ten.","breadcrumb":{"@id":"https:\/\/slewingbearings.com\/product\/se-3-slew-drive\/#breadcrumb"},"inLanguage":"de","potentialAction":[{"@type":"ReadAction","target":["https:\/\/slewingbearings.com\/product\/se-3-slew-drive\/"]}]},{"@type":"BreadcrumbList","@id":"https:\/\/slewingbearings.com\/product\/se-3-slew-drive\/#breadcrumb","itemListElement":[{"@type":"ListItem","position":1,"name":"Home","item":"https:\/\/slewingbearings.com\/de\/grosswaelzlager-grosswaelzlagerantrieb\/"},{"@type":"ListItem","position":2,"name":"Shop","item":"https:\/\/slewingbearings.com\/shop\/"},{"@type":"ListItem","position":3,"name":"SE-3 Drehantrieb"}]},{"@type":"WebSite","@id":"https:\/\/slewingbearings.com\/#website","url":"https:\/\/slewingbearings.com\/","name":"ZZ Group","description":"Leading Slewing Bearings in China","potentialAction":[{"@type":"SearchAction","target":{"@type":"EntryPoint","urlTemplate":"https:\/\/slewingbearings.com\/?s={search_term_string}"},"query-input":"required name=search_term_string"}],"inLanguage":"de"}]}},"_links":{"self":[{"href":"https:\/\/slewingbearings.com\/de\/wp-json\/wp\/v2\/product\/11642","targetHints":{"allow":["GET"]}}],"collection":[{"href":"https:\/\/slewingbearings.com\/de\/wp-json\/wp\/v2\/product"}],"about":[{"href":"https:\/\/slewingbearings.com\/de\/wp-json\/wp\/v2\/types\/product"}],"replies":[{"embeddable":true,"href":"https:\/\/slewingbearings.com\/de\/wp-json\/wp\/v2\/comments?post=11642"}],"wp:featuredmedia":[{"embeddable":true,"href":"https:\/\/slewingbearings.com\/de\/wp-json\/wp\/v2\/media\/5881"}],"wp:attachment":[{"href":"https:\/\/slewingbearings.com\/de\/wp-json\/wp\/v2\/media?parent=11642"}],"wp:term":[{"taxonomy":"product_cat","embeddable":true,"href":"https:\/\/slewingbearings.com\/de\/wp-json\/wp\/v2\/product_cat?post=11642"},{"taxonomy":"product_tag","embeddable":true,"href":"https:\/\/slewingbearings.com\/de\/wp-json\/wp\/v2\/product_tag?post=11642"}],"curies":[{"name":"wp","href":"https:\/\/api.w.org\/{rel}","templated":true}]}}