{"id":11596,"date":"2025-01-09T02:45:44","date_gmt":"2025-01-09T02:45:44","guid":{"rendered":"https:\/\/slewingbearings.com\/product\/imo-sp-h-serie-drehantrieb\/"},"modified":"2025-01-09T02:45:44","modified_gmt":"2025-01-09T02:45:44","slug":"imo-sp-h-serie-drehantrieb","status":"publish","type":"product","link":"https:\/\/slewingbearings.com\/de\/product\/imo-sp-h-serie-drehantrieb\/","title":{"rendered":"IMO SP-H Serie Drehantrieb"},"content":{"rendered":"<p>Tragf\u00e4higkeit und Abtriebsdrehmoment: <a href=\"https:\/\/slewingbearings.com\/de\/schwenktrieb\/\">ZZ-Drehantriebe<\/a> bieten axiale und radiale Tragf\u00e4higkeiten und Abtriebsdrehmomentbereiche, die im Allgemeinen mit der IMO SP-H-Serie \u00fcbereinstimmen oder diese \u00fcbertreffen. F\u00fcr Anwendungen, die gro\u00dfe Lasten erfordern, erf\u00fcllen die ZZ-Konstruktionen die Anforderungen der Industrie und sind f\u00fcr die meisten Schwerlastszenarien geeignet. <\/p>\n<p>Bereich der Getriebe\u00fcbersetzung: ZZ-Drehwerksantriebe bieten eine Vielzahl von \u00dcbersetzungsoptionen , die dem Bereich der IMO SP-H-Serie entsprechen , um die Anforderungen an Pr\u00e4zisionssteuerung und Kraft\u00fcbertragung zu erf\u00fcllen.<\/p>\n<p><strong>Leistung<\/strong><br \/>\nGenauigkeit und Stabilit\u00e4t: ZZ-Drehantriebe verwenden hochpr\u00e4zise Fertigungsverfahren, und ihr Spiel und ihre Drehgenauigkeit sind mit der IMO SP-H-Serie vergleichbar. Sie eignen sich f\u00fcr Anwendungen , die eine hohe Positioniergenauigkeit erfordern (z. B. Solar-Tracking und industrielle Automatisierungsanlagen ).<\/p>\n<p>Lebensdauer und Best\u00e4ndigkeit: ZZ wird aus hochwertigen Materialien (wie legiertem Stahl oder korrosionsbest\u00e4ndigen Materialien) hergestellt, um sicherzustellen, dass seine Lebensdauer mit der der IMO SP-H-Serie vergleichbar ist, und er verf\u00fcgt \u00fcber eine hohe Verschlei\u00df- und Erm\u00fcdungsfestigkeit.<\/p>\n<p>Arbeitseffizienz: ZZ hat eine hohe \u00dcbertragungseffizienz und kann effektiv Leistung \u00fcbertragen, was f\u00fcr effiziente Betriebsszenarien geeignet ist.<\/p>\n<p><strong>Anpassungsf\u00e4higkeit an die Umwelt<\/strong><br \/>\nSchutzgrad: ZZ-Drehantriebe bieten die Schutzart IP65 oder h\u00f6her, k\u00f6nnen normal in staubigen, feuchten oder extremen Temperaturbedingungen arbeiten und passen sich vollst\u00e4ndig den Anforderungen der IMO SP-H an die Arbeitsumgebung an.<\/p>\n<p>Arbeitstemperaturbereich: Die Produkte von ZZ decken Arbeitsumgebungen von extrem kalten bis zu hohen Temperaturen ab (z. B. -40\u00b0C bis +60\u00b0C), was der Anpassungsf\u00e4higkeit von IMO SP-H entspricht und f\u00fcr Au\u00dfen- und Industrieumgebungen geeignet ist.<\/p>\n<p><strong>Kosteneffizienz<\/strong><br \/>\nPreisvorteil: ZZ-Drehantriebe sind in der Regel kosteng\u00fcnstiger als die IMO SP-H-Serie, insbesondere bei gro\u00dfen St\u00fcckzahlen oder Projekten mit begrenzten Budgets, was die Beschaffungskosten erheblich senken kann.<\/p>\n\n<table id=\"tablepress-99\" class=\"tablepress tablepress-id-99\">\n<thead>\n<tr class=\"row-1\">\n\t<th class=\"column-1\">Part Number<\/th><th class=\"column-2\">Series<\/th><th class=\"column-3\">Number of drives<\/th><th class=\"column-4\">Drive style<\/th><th class=\"column-5\">Module<\/th><th class=\"column-6\">Number Of <br \/>\nTeeth Pinion<\/th><th class=\"column-7\">Number Of <br \/>\nWheel Teeth<\/th><th class=\"column-8\">Weight<\/th><th class=\"column-9\">Slew Drive<br \/>\nGear Ratio<\/th><th class=\"column-10\">Overall Gear Raito <br \/>\nIncl Gear Box<\/th><th class=\"column-11\">Max Torque<\/th><th class=\"column-12\">Nom Torques<\/th><th class=\"column-13\">Max Holding<br \/>\nTorque<\/th>\n<\/tr>\n<\/thead>\n<tbody class=\"row-striping row-hover\">\n<tr class=\"row-2\">\n\t<td class=\"column-1\">SP-H 0455<\/td><td class=\"column-2\">SP-H Series<\/td><td class=\"column-3\">1 drive<\/td><td class=\"column-4\">Straight teeth<\/td><td class=\"column-5\">8<\/td><td class=\"column-6\">15<\/td><td class=\"column-7\">72<\/td><td class=\"column-8\">207 Kg<\/td><td class=\"column-9\">4.8<\/td><td class=\"column-10\">86.88<\/td><td class=\"column-11\">27673 Nm<\/td><td class=\"column-12\">18115 Nm<\/td><td class=\"column-13\">27673<\/td>\n<\/tr>\n<tr class=\"row-3\">\n\t<td class=\"column-1\">SP-H 0555<\/td><td class=\"column-2\">SP-H Series<\/td><td class=\"column-3\">1 drive<\/td><td class=\"column-4\">Straight teeth<\/td><td class=\"column-5\">8<\/td><td class=\"column-6\">15<\/td><td class=\"column-7\">85<\/td><td class=\"column-8\">226 Kg<\/td><td class=\"column-9\">5.67<\/td><td class=\"column-10\">102.56<\/td><td class=\"column-11\">32670 Nm<\/td><td class=\"column-12\">21590 Nm<\/td><td class=\"column-13\">32670<\/td>\n<\/tr>\n<tr class=\"row-4\">\n\t<td class=\"column-1\">SP-H 0655<\/td><td class=\"column-2\">SP-H Series<\/td><td class=\"column-3\">1 drive<\/td><td class=\"column-4\">Straight teeth<\/td><td class=\"column-5\">8<\/td><td class=\"column-6\">15<\/td><td class=\"column-7\">98<\/td><td class=\"column-8\">246 Kg<\/td><td class=\"column-9\">6.53<\/td><td class=\"column-10\">118.25<\/td><td class=\"column-11\">37667 Nm<\/td><td class=\"column-12\">25048 Nm<\/td><td class=\"column-13\">37667<\/td>\n<\/tr>\n<tr class=\"row-5\">\n\t<td class=\"column-1\">SP-H 0755<\/td><td class=\"column-2\">SP-H Series<\/td><td class=\"column-3\">1 drive<\/td><td class=\"column-4\">Straight teeth<\/td><td class=\"column-5\">8<\/td><td class=\"column-6\">15<\/td><td class=\"column-7\">110<\/td><td class=\"column-8\">268 Kg<\/td><td class=\"column-9\">7.33<\/td><td class=\"column-10\">132.72<\/td><td class=\"column-11\">42279 Nm<\/td><td class=\"column-12\">28204 Nm<\/td><td class=\"column-13\">42279<\/td>\n<\/tr>\n<tr class=\"row-6\">\n\t<td class=\"column-1\">SP-H 0855<\/td><td class=\"column-2\">SP-H Series<\/td><td class=\"column-3\">1 drive<\/td><td class=\"column-4\">Straight teeth<\/td><td class=\"column-5\">8<\/td><td class=\"column-6\">15<\/td><td class=\"column-7\">122<\/td><td class=\"column-8\">289 Kg<\/td><td class=\"column-9\">8.13<\/td><td class=\"column-10\">147.21<\/td><td class=\"column-11\">47180 Nm<\/td><td class=\"column-12\">32749 Nm<\/td><td class=\"column-13\">47180<\/td>\n<\/tr>\n<tr class=\"row-7\">\n\t<td class=\"column-1\">SP-H 0955<\/td><td class=\"column-2\">SP-H Series<\/td><td class=\"column-3\">1 drive<\/td><td class=\"column-4\">Straight teeth<\/td><td class=\"column-5\">8<\/td><td class=\"column-6\">15<\/td><td class=\"column-7\">134<\/td><td class=\"column-8\">315 Kg<\/td><td class=\"column-9\">8.93<\/td><td class=\"column-10\">161.69<\/td><td class=\"column-11\">51888 Nm<\/td><td class=\"column-12\">36342 Nm<\/td><td class=\"column-13\">51888<\/td>\n<\/tr>\n<\/tbody>\n<\/table>\n<!-- #tablepress-99 from cache -->\n","protected":false},"excerpt":{"rendered":"<p>Since ZZ Slewing Drives are highly compatible with IMO SP-H Series in terms of technical parameters, performance, environmental adaptability and cost-effectiveness, and may have advantages in certain aspects such as price and customization flexibility, they can be a perfect alternative to IMO SP-H Series.<\/p>\n","protected":false},"featured_media":10633,"comment_status":"open","ping_status":"closed","template":"","meta":{"content-type":""},"product_cat":[361,354],"product_tag":[451],"class_list":{"0":"post-11596","1":"product","2":"type-product","3":"status-publish","4":"has-post-thumbnail","6":"product_cat-imo-de","7":"product_cat-oemodm-de","8":"product_tag-imo-sp-h-series-slewing-drive-de","10":"first","11":"instock","12":"shipping-taxable","13":"product-type-simple"},"yoast_head":"<!-- This site is optimized with the Yoast SEO plugin v21.7 - https:\/\/yoast.com\/wordpress\/plugins\/seo\/ -->\n<title>ZZ Group<\/title>\n<meta name=\"description\" content=\"ZZ-Drehantriebe bieten axiale und radiale Tragf\u00e4higkeiten und Abtriebsdrehmomentbereiche , die im Allgemeinen mit denen der IMO SP-H-Serie \u00fcbereinstimmen oder diese \u00fcbertreffen.\" \/>\n<meta name=\"robots\" content=\"index, follow, max-snippet:-1, max-image-preview:large, max-video-preview:-1\" \/>\n<link rel=\"canonical\" href=\"https:\/\/slewingbearings.com\/product\/imo-sp-h-series-slewing-drive\/\" \/>\n<meta property=\"og:locale\" content=\"de_DE\" \/>\n<meta property=\"og:type\" content=\"article\" \/>\n<meta property=\"og:description\" content=\"ZZ-Drehantriebe bieten axiale und radiale Tragf\u00e4higkeiten und Abtriebsdrehmomentbereiche , die im Allgemeinen mit denen der IMO SP-H-Serie \u00fcbereinstimmen oder diese \u00fcbertreffen.\" \/>\n<meta property=\"og:url\" content=\"https:\/\/slewingbearings.com\/product\/imo-sp-h-series-slewing-drive\/\" \/>\n<meta property=\"og:site_name\" content=\"ZZ Group\" \/>\n<meta property=\"og:image\" content=\"https:\/\/slewingbearings.com\/wp-content\/uploads\/2025\/01\/IMO-SP-H-Series-Slewing-drive.webp\" \/>\n\t<meta property=\"og:image:width\" content=\"800\" \/>\n\t<meta property=\"og:image:height\" content=\"800\" \/>\n\t<meta property=\"og:image:type\" content=\"image\/webp\" \/>\n<meta name=\"twitter:card\" content=\"summary_large_image\" \/>\n<meta name=\"twitter:label1\" content=\"Gesch\u00e4tzte Lesezeit\" \/>\n\t<meta name=\"twitter:data1\" content=\"1\u00a0Minute\" \/>\n<script type=\"application\/ld+json\" class=\"yoast-schema-graph\">{\"@context\":\"https:\/\/schema.org\",\"@graph\":[{\"@type\":\"WebPage\",\"@id\":\"https:\/\/slewingbearings.com\/product\/imo-sp-h-series-slewing-drive\/\",\"url\":\"https:\/\/slewingbearings.com\/product\/imo-sp-h-series-slewing-drive\/\",\"name\":\"\",\"isPartOf\":{\"@id\":\"https:\/\/slewingbearings.com\/#website\"},\"datePublished\":\"2025-01-09T02:45:44+00:00\",\"dateModified\":\"2025-01-09T02:45:44+00:00\",\"description\":\"ZZ-Drehantriebe bieten axiale und radiale Tragf\u00e4higkeiten und Abtriebsdrehmomentbereiche , die im Allgemeinen mit denen der IMO SP-H-Serie \u00fcbereinstimmen oder diese \u00fcbertreffen.\",\"breadcrumb\":{\"@id\":\"https:\/\/slewingbearings.com\/product\/imo-sp-h-series-slewing-drive\/#breadcrumb\"},\"inLanguage\":\"de\",\"potentialAction\":[{\"@type\":\"ReadAction\",\"target\":[\"https:\/\/slewingbearings.com\/product\/imo-sp-h-series-slewing-drive\/\"]}]},{\"@type\":\"BreadcrumbList\",\"@id\":\"https:\/\/slewingbearings.com\/product\/imo-sp-h-series-slewing-drive\/#breadcrumb\",\"itemListElement\":[{\"@type\":\"ListItem\",\"position\":1,\"name\":\"Home\",\"item\":\"https:\/\/slewingbearings.com\/de\/grosswaelzlager-grosswaelzlagerantrieb\/\"},{\"@type\":\"ListItem\",\"position\":2,\"name\":\"Shop\",\"item\":\"https:\/\/slewingbearings.com\/shop\/\"},{\"@type\":\"ListItem\",\"position\":3,\"name\":\"IMO SP-H Serie Drehantrieb\"}]},{\"@type\":\"WebSite\",\"@id\":\"https:\/\/slewingbearings.com\/#website\",\"url\":\"https:\/\/slewingbearings.com\/\",\"name\":\"ZZ Group\",\"description\":\"Leading Slewing Bearings in China\",\"potentialAction\":[{\"@type\":\"SearchAction\",\"target\":{\"@type\":\"EntryPoint\",\"urlTemplate\":\"https:\/\/slewingbearings.com\/?s={search_term_string}\"},\"query-input\":\"required name=search_term_string\"}],\"inLanguage\":\"de\"}]}<\/script>\n<!-- \/ Yoast SEO plugin. -->","yoast_head_json":{"title":"ZZ Group","description":"ZZ-Drehantriebe bieten axiale und radiale Tragf\u00e4higkeiten und Abtriebsdrehmomentbereiche , die im Allgemeinen mit denen der IMO SP-H-Serie \u00fcbereinstimmen oder diese \u00fcbertreffen.","robots":{"index":"index","follow":"follow","max-snippet":"max-snippet:-1","max-image-preview":"max-image-preview:large","max-video-preview":"max-video-preview:-1"},"canonical":"https:\/\/slewingbearings.com\/product\/imo-sp-h-series-slewing-drive\/","og_locale":"de_DE","og_type":"article","og_description":"ZZ-Drehantriebe bieten axiale und radiale Tragf\u00e4higkeiten und Abtriebsdrehmomentbereiche , die im Allgemeinen mit denen der IMO SP-H-Serie \u00fcbereinstimmen oder diese \u00fcbertreffen.","og_url":"https:\/\/slewingbearings.com\/product\/imo-sp-h-series-slewing-drive\/","og_site_name":"ZZ Group","og_image":[{"width":800,"height":800,"url":"https:\/\/slewingbearings.com\/wp-content\/uploads\/2025\/01\/IMO-SP-H-Series-Slewing-drive.webp","type":"image\/webp"}],"twitter_card":"summary_large_image","twitter_misc":{"Gesch\u00e4tzte Lesezeit":"1\u00a0Minute"},"schema":{"@context":"https:\/\/schema.org","@graph":[{"@type":"WebPage","@id":"https:\/\/slewingbearings.com\/product\/imo-sp-h-series-slewing-drive\/","url":"https:\/\/slewingbearings.com\/product\/imo-sp-h-series-slewing-drive\/","name":"","isPartOf":{"@id":"https:\/\/slewingbearings.com\/#website"},"datePublished":"2025-01-09T02:45:44+00:00","dateModified":"2025-01-09T02:45:44+00:00","description":"ZZ-Drehantriebe bieten axiale und radiale Tragf\u00e4higkeiten und Abtriebsdrehmomentbereiche , die im Allgemeinen mit denen der IMO SP-H-Serie \u00fcbereinstimmen oder diese \u00fcbertreffen.","breadcrumb":{"@id":"https:\/\/slewingbearings.com\/product\/imo-sp-h-series-slewing-drive\/#breadcrumb"},"inLanguage":"de","potentialAction":[{"@type":"ReadAction","target":["https:\/\/slewingbearings.com\/product\/imo-sp-h-series-slewing-drive\/"]}]},{"@type":"BreadcrumbList","@id":"https:\/\/slewingbearings.com\/product\/imo-sp-h-series-slewing-drive\/#breadcrumb","itemListElement":[{"@type":"ListItem","position":1,"name":"Home","item":"https:\/\/slewingbearings.com\/de\/grosswaelzlager-grosswaelzlagerantrieb\/"},{"@type":"ListItem","position":2,"name":"Shop","item":"https:\/\/slewingbearings.com\/shop\/"},{"@type":"ListItem","position":3,"name":"IMO SP-H Serie Drehantrieb"}]},{"@type":"WebSite","@id":"https:\/\/slewingbearings.com\/#website","url":"https:\/\/slewingbearings.com\/","name":"ZZ Group","description":"Leading Slewing Bearings in China","potentialAction":[{"@type":"SearchAction","target":{"@type":"EntryPoint","urlTemplate":"https:\/\/slewingbearings.com\/?s={search_term_string}"},"query-input":"required name=search_term_string"}],"inLanguage":"de"}]}},"_links":{"self":[{"href":"https:\/\/slewingbearings.com\/de\/wp-json\/wp\/v2\/product\/11596","targetHints":{"allow":["GET"]}}],"collection":[{"href":"https:\/\/slewingbearings.com\/de\/wp-json\/wp\/v2\/product"}],"about":[{"href":"https:\/\/slewingbearings.com\/de\/wp-json\/wp\/v2\/types\/product"}],"replies":[{"embeddable":true,"href":"https:\/\/slewingbearings.com\/de\/wp-json\/wp\/v2\/comments?post=11596"}],"wp:featuredmedia":[{"embeddable":true,"href":"https:\/\/slewingbearings.com\/de\/wp-json\/wp\/v2\/media\/10633"}],"wp:attachment":[{"href":"https:\/\/slewingbearings.com\/de\/wp-json\/wp\/v2\/media?parent=11596"}],"wp:term":[{"taxonomy":"product_cat","embeddable":true,"href":"https:\/\/slewingbearings.com\/de\/wp-json\/wp\/v2\/product_cat?post=11596"},{"taxonomy":"product_tag","embeddable":true,"href":"https:\/\/slewingbearings.com\/de\/wp-json\/wp\/v2\/product_tag?post=11596"}],"curies":[{"name":"wp","href":"https:\/\/api.w.org\/{rel}","templated":true}]}}