{"id":11588,"date":"2025-01-09T03:11:30","date_gmt":"2025-01-09T03:11:30","guid":{"rendered":"https:\/\/slewingbearings.com\/product\/imo-sp-i-serie-drehantrieb\/"},"modified":"2025-01-09T03:11:30","modified_gmt":"2025-01-09T03:11:30","slug":"imo-sp-i-serie-drehantrieb","status":"publish","type":"product","link":"https:\/\/slewingbearings.com\/de\/product\/imo-sp-i-serie-drehantrieb\/","title":{"rendered":"IMO SP-I Serie Drehantrieb"},"content":{"rendered":"<p>Der <a href=\"https:\/\/slewingbearings.com\/de\/schwenktrieb\/\">ZZ-Drehantrieb<\/a> ist ein effizientes und zuverl\u00e4ssiges Rotationsger\u00e4t, das einen Motor, ein Getriebe und ein Gro\u00dfw\u00e4lzlager integriert. Er zeichnet sich durch hohe Belastbarkeit, pr\u00e4zise Steuerung und ein kompaktes Design aus. Er ist aus hochwertigen Materialien gefertigt und bietet Langlebigkeit und Korrosionsbest\u00e4ndigkeit, wodurch er sich f\u00fcr Solarnachf\u00fchrsysteme, Windkraftanlagen, Baumaschinen und andere Anwendungen eignet. Der ZZ-Drehantrieb unterst\u00fctzt verschiedene Spezifikationen, um unterschiedlichen Anforderungen gerecht zu werden, und gew\u00e4hrleistet niedrige Wartungskosten und eine stabile Leistung, was ihn zu einer idealen L\u00f6sung f\u00fcr Anwendungen mit hoher Beanspruchung macht.   <\/p>\n<p><strong>Hauptmerkmale der IMO SP-I Serie Drehantrieb:<\/strong><\/p>\n<ul>\n<li>Kompakte Bauweise: Die SP-I-Baureihe zeichnet sich durch eine kompakte Bauweise aus, bei der Motor, Getriebe und Drehkranz in einer Einheit integriert sind, was sie ideal f\u00fcr Anwendungen mit begrenztem Platzangebot macht.<\/li>\n<li>Hohe Belastbarkeit: Diese Antriebe sind f\u00fcr schwere Lasten ausgelegt und bieten gleichzeitig ein hohes Ma\u00df an Effizienz und Stabilit\u00e4t. Der Drehkranz und das Getriebesystem arbeiten zusammen, um einen reibungslosen Betrieb unter hohen Drehmomentbedingungen zu gew\u00e4hrleisten. <\/li>\n<li>Pr\u00e4zision und Verl\u00e4sslichkeit: IMO-Drehantriebe sind auf Pr\u00e4zision und Langlebigkeit ausgelegt und eignen sich daher f\u00fcr anspruchsvolle Anwendungen, die eine konstante, zuverl\u00e4ssige Leistung \u00fcber einen langen Zeitraum erfordern.<\/li>\n<\/ul>\n\n<table id=\"tablepress-100\" class=\"tablepress tablepress-id-100\">\n<thead>\n<tr class=\"row-1\">\n\t<th class=\"column-1\">Part Number<\/th><th class=\"column-2\">Series<\/th><th class=\"column-3\">Number of drives<\/th><th class=\"column-4\">Drive style<\/th><th class=\"column-5\">Module<\/th><th class=\"column-6\">Number Of <br \/>\nTeeth Pinion<\/th><th class=\"column-7\">Number Of <br \/>\nWheel Teeth<\/th><th class=\"column-8\">Weight<\/th><th class=\"column-9\">Slew Drive <br \/>\nGear Ratio<\/th><th class=\"column-10\">Max Torque<\/th><th class=\"column-11\">Nom Torques<\/th><th class=\"column-12\">Max Holding <br \/>\nTorque<\/th>\n<\/tr>\n<\/thead>\n<tbody class=\"row-striping row-hover\">\n<tr class=\"row-2\">\n\t<td class=\"column-1\">SP-I 0229<\/td><td class=\"column-2\">SP-I Series<\/td><td class=\"column-3\">1 drive<\/td><td class=\"column-4\">Straight teeth<\/td><td class=\"column-5\">4<\/td><td class=\"column-6\">15<\/td><td class=\"column-7\">79<\/td><td class=\"column-8\">46 Kg<\/td><td class=\"column-9\">5.27<\/td><td class=\"column-10\">3002 Nm<\/td><td class=\"column-11\">2607 Nm<\/td><td class=\"column-12\">3002<\/td>\n<\/tr>\n<tr class=\"row-3\">\n\t<td class=\"column-1\">SP-I 0311<\/td><td class=\"column-2\">SP-I Series<\/td><td class=\"column-3\">1 drive<\/td><td class=\"column-4\">Straight teeth<\/td><td class=\"column-5\">4<\/td><td class=\"column-6\">15<\/td><td class=\"column-7\">99<\/td><td class=\"column-8\">50 Kg<\/td><td class=\"column-9\">6.6<\/td><td class=\"column-10\">3762 Nm<\/td><td class=\"column-11\">2653 Nm<\/td><td class=\"column-12\">3762<\/td>\n<\/tr>\n<tr class=\"row-4\">\n\t<td class=\"column-1\">SP-I 0411<\/td><td class=\"column-2\">SP-I Series<\/td><td class=\"column-3\">1 drive<\/td><td class=\"column-4\">Straight teeth<\/td><td class=\"column-5\">4<\/td><td class=\"column-6\">15<\/td><td class=\"column-7\">124<\/td><td class=\"column-8\">59 Kg<\/td><td class=\"column-9\">8.27<\/td><td class=\"column-10\">4712 Nm<\/td><td class=\"column-11\">3348 Nm<\/td><td class=\"column-12\">4712<\/td>\n<\/tr>\n<tr class=\"row-5\">\n\t<td class=\"column-1\">SP-I 0541<\/td><td class=\"column-2\">SP-I Series<\/td><td class=\"column-3\">1 drive<\/td><td class=\"column-4\">Straight teeth<\/td><td class=\"column-5\">4<\/td><td class=\"column-6\">15<\/td><td class=\"column-7\">156<\/td><td class=\"column-8\">72 Kg<\/td><td class=\"column-9\">10.4<\/td><td class=\"column-10\">5928 Nm<\/td><td class=\"column-11\">4243 Nm<\/td><td class=\"column-12\">5928<\/td>\n<\/tr>\n<tr class=\"row-6\">\n\t<td class=\"column-1\">SP-I 0641<\/td><td class=\"column-2\">SP-I Series<\/td><td class=\"column-3\">1 drive<\/td><td class=\"column-4\">Straight teeth<\/td><td class=\"column-5\">4<\/td><td class=\"column-6\">15<\/td><td class=\"column-7\">181<\/td><td class=\"column-8\">84 Kg<\/td><td class=\"column-9\">12.07<\/td><td class=\"column-10\">6878 Nm<\/td><td class=\"column-11\">4921 Nm<\/td><td class=\"column-12\">6878<\/td>\n<\/tr>\n<tr class=\"row-7\">\n\t<td class=\"column-1\">SP-I 0741<\/td><td class=\"column-2\">SP-I Series<\/td><td class=\"column-3\">1 drive<\/td><td class=\"column-4\">Straight teeth<\/td><td class=\"column-5\">4<\/td><td class=\"column-6\">15<\/td><td class=\"column-7\">206<\/td><td class=\"column-8\">95 Kg<\/td><td class=\"column-9\">13.73<\/td><td class=\"column-10\">7828 Nm<\/td><td class=\"column-11\">5644 Nm<\/td><td class=\"column-12\">7828<\/td>\n<\/tr>\n<tr class=\"row-8\">\n\t<td class=\"column-1\">SP-I 0841<\/td><td class=\"column-2\">SP-I Series<\/td><td class=\"column-3\">1 drive<\/td><td class=\"column-4\">Straight teeth<\/td><td class=\"column-5\">4<\/td><td class=\"column-6\">15<\/td><td class=\"column-7\">231<\/td><td class=\"column-8\">102 Kg<\/td><td class=\"column-9\">15.4<\/td><td class=\"column-10\">8778 Nm<\/td><td class=\"column-11\">6329 Nm<\/td><td class=\"column-12\">8778<\/td>\n<\/tr>\n<tr class=\"row-9\">\n\t<td class=\"column-1\">SP-I 0941<\/td><td class=\"column-2\">SP-I Series<\/td><td class=\"column-3\">1 drive<\/td><td class=\"column-4\">Straight teeth<\/td><td class=\"column-5\">4<\/td><td class=\"column-6\">15<\/td><td class=\"column-7\">256<\/td><td class=\"column-8\">115 Kg<\/td><td class=\"column-9\">17.07<\/td><td class=\"column-10\">9728 Nm<\/td><td class=\"column-11\">7040 Nm<\/td><td class=\"column-12\">9728<\/td>\n<\/tr>\n<tr class=\"row-10\">\n\t<td class=\"column-1\">SP-I 1091<\/td><td class=\"column-2\">SP-I Series<\/td><td class=\"column-3\">1 drive<\/td><td class=\"column-4\">Straight teeth<\/td><td class=\"column-5\">4<\/td><td class=\"column-6\">15<\/td><td class=\"column-7\">294<\/td><td class=\"column-8\">127 Kg<\/td><td class=\"column-9\">19.6<\/td><td class=\"column-10\">11172 Nm<\/td><td class=\"column-11\">8085 Nm<\/td><td class=\"column-12\">11172<\/td>\n<\/tr>\n<\/tbody>\n<\/table>\n<!-- #tablepress-100 from cache -->\n","protected":false},"excerpt":{"rendered":"<p>Der IMO-Drehantrieb der Serie SP-I ist ein mechanisches Antriebssystem, das f\u00fcr die Drehbewegung von Maschinen entwickelt wurde und h\u00e4ufig in Anwendungen eingesetzt wird, bei denen ein hohes Drehmoment und Pr\u00e4zision erforderlich sind. Drehantriebe werden in der Regel zum Drehen gro\u00dfer, schwerer Lasten verwendet, wie z. B. in Windkraftanlagen, Baumaschinen oder Solar-Nachf\u00fchrsystemen. <\/p>\n<p>&nbsp;<\/p>\n","protected":false},"featured_media":10642,"comment_status":"open","ping_status":"closed","template":"","meta":{"content-type":""},"product_cat":[361,354],"product_tag":[458],"class_list":{"0":"post-11588","1":"product","2":"type-product","3":"status-publish","4":"has-post-thumbnail","6":"product_cat-imo-de","7":"product_cat-oemodm-de","8":"product_tag-imo-sp-i-series-slewing-drive-de","10":"first","11":"instock","12":"shipping-taxable","13":"product-type-simple"},"yoast_head":"<!-- This site is optimized with the Yoast SEO plugin v21.7 - https:\/\/yoast.com\/wordpress\/plugins\/seo\/ -->\n<title>ZZ Group<\/title>\n<meta name=\"description\" content=\"Die IMO SP-I-Serie zeichnet sich durch eine kompakte Bauweise aus, bei der Motor, Getriebe und Drehkranz in einer Einheit integriert sind, was sie ideal f\u00fcr Anwendungen macht.\" \/>\n<meta name=\"robots\" content=\"index, follow, max-snippet:-1, max-image-preview:large, max-video-preview:-1\" \/>\n<link rel=\"canonical\" href=\"https:\/\/slewingbearings.com\/product\/imo-sp-i-series-slewing-drive\/\" \/>\n<meta property=\"og:locale\" content=\"de_DE\" \/>\n<meta property=\"og:type\" content=\"article\" \/>\n<meta property=\"og:description\" content=\"Die IMO SP-I-Serie zeichnet sich durch eine kompakte Bauweise aus, bei der Motor, Getriebe und Drehkranz in einer Einheit integriert sind, was sie ideal f\u00fcr Anwendungen macht.\" \/>\n<meta property=\"og:url\" content=\"https:\/\/slewingbearings.com\/product\/imo-sp-i-series-slewing-drive\/\" \/>\n<meta property=\"og:site_name\" content=\"ZZ Group\" \/>\n<meta property=\"og:image\" content=\"https:\/\/slewingbearings.com\/wp-content\/uploads\/2025\/01\/IMO-SP-I-Series-Slewing-drive.webp\" \/>\n\t<meta property=\"og:image:width\" content=\"800\" \/>\n\t<meta property=\"og:image:height\" content=\"800\" \/>\n\t<meta property=\"og:image:type\" content=\"image\/webp\" \/>\n<meta name=\"twitter:card\" content=\"summary_large_image\" \/>\n<meta name=\"twitter:label1\" content=\"Gesch\u00e4tzte Lesezeit\" \/>\n\t<meta name=\"twitter:data1\" content=\"1\u00a0Minute\" \/>\n<script type=\"application\/ld+json\" class=\"yoast-schema-graph\">{\"@context\":\"https:\/\/schema.org\",\"@graph\":[{\"@type\":\"WebPage\",\"@id\":\"https:\/\/slewingbearings.com\/product\/imo-sp-i-series-slewing-drive\/\",\"url\":\"https:\/\/slewingbearings.com\/product\/imo-sp-i-series-slewing-drive\/\",\"name\":\"\",\"isPartOf\":{\"@id\":\"https:\/\/slewingbearings.com\/#website\"},\"datePublished\":\"2025-01-09T03:11:30+00:00\",\"dateModified\":\"2025-01-09T03:11:30+00:00\",\"description\":\"Die IMO SP-I-Serie zeichnet sich durch eine kompakte Bauweise aus, bei der Motor, Getriebe und Drehkranz in einer Einheit integriert sind, was sie ideal f\u00fcr Anwendungen macht.\",\"breadcrumb\":{\"@id\":\"https:\/\/slewingbearings.com\/product\/imo-sp-i-series-slewing-drive\/#breadcrumb\"},\"inLanguage\":\"de\",\"potentialAction\":[{\"@type\":\"ReadAction\",\"target\":[\"https:\/\/slewingbearings.com\/product\/imo-sp-i-series-slewing-drive\/\"]}]},{\"@type\":\"BreadcrumbList\",\"@id\":\"https:\/\/slewingbearings.com\/product\/imo-sp-i-series-slewing-drive\/#breadcrumb\",\"itemListElement\":[{\"@type\":\"ListItem\",\"position\":1,\"name\":\"Home\",\"item\":\"https:\/\/slewingbearings.com\/de\/grosswaelzlager-grosswaelzlagerantrieb\/\"},{\"@type\":\"ListItem\",\"position\":2,\"name\":\"Shop\",\"item\":\"https:\/\/slewingbearings.com\/shop\/\"},{\"@type\":\"ListItem\",\"position\":3,\"name\":\"IMO SP-I Serie Drehantrieb\"}]},{\"@type\":\"WebSite\",\"@id\":\"https:\/\/slewingbearings.com\/#website\",\"url\":\"https:\/\/slewingbearings.com\/\",\"name\":\"ZZ Group\",\"description\":\"Leading Slewing Bearings in China\",\"potentialAction\":[{\"@type\":\"SearchAction\",\"target\":{\"@type\":\"EntryPoint\",\"urlTemplate\":\"https:\/\/slewingbearings.com\/?s={search_term_string}\"},\"query-input\":\"required name=search_term_string\"}],\"inLanguage\":\"de\"}]}<\/script>\n<!-- \/ Yoast SEO plugin. -->","yoast_head_json":{"title":"ZZ Group","description":"Die IMO SP-I-Serie zeichnet sich durch eine kompakte Bauweise aus, bei der Motor, Getriebe und Drehkranz in einer Einheit integriert sind, was sie ideal f\u00fcr Anwendungen macht.","robots":{"index":"index","follow":"follow","max-snippet":"max-snippet:-1","max-image-preview":"max-image-preview:large","max-video-preview":"max-video-preview:-1"},"canonical":"https:\/\/slewingbearings.com\/product\/imo-sp-i-series-slewing-drive\/","og_locale":"de_DE","og_type":"article","og_description":"Die IMO SP-I-Serie zeichnet sich durch eine kompakte Bauweise aus, bei der Motor, Getriebe und Drehkranz in einer Einheit integriert sind, was sie ideal f\u00fcr Anwendungen macht.","og_url":"https:\/\/slewingbearings.com\/product\/imo-sp-i-series-slewing-drive\/","og_site_name":"ZZ Group","og_image":[{"width":800,"height":800,"url":"https:\/\/slewingbearings.com\/wp-content\/uploads\/2025\/01\/IMO-SP-I-Series-Slewing-drive.webp","type":"image\/webp"}],"twitter_card":"summary_large_image","twitter_misc":{"Gesch\u00e4tzte Lesezeit":"1\u00a0Minute"},"schema":{"@context":"https:\/\/schema.org","@graph":[{"@type":"WebPage","@id":"https:\/\/slewingbearings.com\/product\/imo-sp-i-series-slewing-drive\/","url":"https:\/\/slewingbearings.com\/product\/imo-sp-i-series-slewing-drive\/","name":"","isPartOf":{"@id":"https:\/\/slewingbearings.com\/#website"},"datePublished":"2025-01-09T03:11:30+00:00","dateModified":"2025-01-09T03:11:30+00:00","description":"Die IMO SP-I-Serie zeichnet sich durch eine kompakte Bauweise aus, bei der Motor, Getriebe und Drehkranz in einer Einheit integriert sind, was sie ideal f\u00fcr Anwendungen macht.","breadcrumb":{"@id":"https:\/\/slewingbearings.com\/product\/imo-sp-i-series-slewing-drive\/#breadcrumb"},"inLanguage":"de","potentialAction":[{"@type":"ReadAction","target":["https:\/\/slewingbearings.com\/product\/imo-sp-i-series-slewing-drive\/"]}]},{"@type":"BreadcrumbList","@id":"https:\/\/slewingbearings.com\/product\/imo-sp-i-series-slewing-drive\/#breadcrumb","itemListElement":[{"@type":"ListItem","position":1,"name":"Home","item":"https:\/\/slewingbearings.com\/de\/grosswaelzlager-grosswaelzlagerantrieb\/"},{"@type":"ListItem","position":2,"name":"Shop","item":"https:\/\/slewingbearings.com\/shop\/"},{"@type":"ListItem","position":3,"name":"IMO SP-I Serie Drehantrieb"}]},{"@type":"WebSite","@id":"https:\/\/slewingbearings.com\/#website","url":"https:\/\/slewingbearings.com\/","name":"ZZ Group","description":"Leading Slewing Bearings in China","potentialAction":[{"@type":"SearchAction","target":{"@type":"EntryPoint","urlTemplate":"https:\/\/slewingbearings.com\/?s={search_term_string}"},"query-input":"required name=search_term_string"}],"inLanguage":"de"}]}},"_links":{"self":[{"href":"https:\/\/slewingbearings.com\/de\/wp-json\/wp\/v2\/product\/11588","targetHints":{"allow":["GET"]}}],"collection":[{"href":"https:\/\/slewingbearings.com\/de\/wp-json\/wp\/v2\/product"}],"about":[{"href":"https:\/\/slewingbearings.com\/de\/wp-json\/wp\/v2\/types\/product"}],"replies":[{"embeddable":true,"href":"https:\/\/slewingbearings.com\/de\/wp-json\/wp\/v2\/comments?post=11588"}],"wp:featuredmedia":[{"embeddable":true,"href":"https:\/\/slewingbearings.com\/de\/wp-json\/wp\/v2\/media\/10642"}],"wp:attachment":[{"href":"https:\/\/slewingbearings.com\/de\/wp-json\/wp\/v2\/media?parent=11588"}],"wp:term":[{"taxonomy":"product_cat","embeddable":true,"href":"https:\/\/slewingbearings.com\/de\/wp-json\/wp\/v2\/product_cat?post=11588"},{"taxonomy":"product_tag","embeddable":true,"href":"https:\/\/slewingbearings.com\/de\/wp-json\/wp\/v2\/product_tag?post=11588"}],"curies":[{"name":"wp","href":"https:\/\/api.w.org\/{rel}","templated":true}]}}