{"id":11547,"date":"2025-01-21T07:35:04","date_gmt":"2025-01-21T07:35:04","guid":{"rendered":"https:\/\/slewingbearings.com\/product\/kaydon-acht-punkt-kontakt-kugeldrehkranzlager\/"},"modified":"2025-01-21T07:35:04","modified_gmt":"2025-01-21T07:35:04","slug":"kaydon-acht-punkt-kontakt-kugeldrehkranzlager","status":"publish","type":"product","link":"https:\/\/slewingbearings.com\/de\/product\/kaydon-acht-punkt-kontakt-kugeldrehkranzlager\/","title":{"rendered":"KAYDON Acht-Punkt-Kontakt-Kugeldrehkranzlager"},"content":{"rendered":"<p>Das Kaydon <a href=\"https:\/\/slewingbearings.com\/de\/grosswaelzlager\/\">Acht-Punkt-Kontakt-Kugeldrehkranzlager<\/a> ist f\u00fcr die Aufnahme von Radial- und Axiallasten ausgelegt und bietet eine hohe Tragf\u00e4higkeit und Stabilit\u00e4t. Sein einzigartiges Acht-Punkt-Kontaktsystem verteilt die Kr\u00e4fte gleichm\u00e4\u00dfig und verbessert die Haltbarkeit, Pr\u00e4zision und reibungslose Drehbewegung. Diese Lager sind ideal f\u00fcr Anwendungen, die hohe Leistung und Zuverl\u00e4ssigkeit erfordern, wie z. B. schwere Maschinen, Kr\u00e4ne, Solarnachf\u00fchrsysteme, Windturbinen und Luft- und Raumfahrtausr\u00fcstung. Das Design sorgt f\u00fcr minimale Reibung und eine lange Lebensdauer, wodurch sie sich gut f\u00fcr anspruchsvolle Umgebungen eignen. Die Drehverbindungen von Kaydon bieten anpassbare Optionen in Bezug auf Gr\u00f6\u00dfe, Zahnradkonfiguration und Beschichtungen, die den spezifischen Betriebsanforderungen und -bedingungen gerecht werden.    <\/p>\n\n<table id=\"tablepress-105\" class=\"tablepress tablepress-id-105\">\n<thead>\n<tr class=\"row-1\">\n\t<th class=\"column-1\">Part Number<\/th><th class=\"column-2\">Gear<\/th><th class=\"column-3\">Bearing Type<\/th><th class=\"column-4\">Do<\/th><th class=\"column-5\">di<\/th><th class=\"column-6\">H<\/th><th class=\"column-7\">Ho<\/th><th class=\"column-8\">Hi<\/th><th class=\"column-9\">Di<\/th><th class=\"column-10\">do<\/th><th class=\"column-11\">Dr<\/th><th class=\"column-12\">C0a<\/th><th class=\"column-13\">Moment Load Rating<\/th>\n<\/tr>\n<\/thead>\n<tbody class=\"row-striping row-hover\">\n<tr class=\"row-2\">\n\t<td class=\"column-1\">16258001<\/td><td class=\"column-2\">External Gear<\/td><td class=\"column-3\">Standard<\/td><td class=\"column-4\">17.086\"<\/td><td class=\"column-5\">10.25\"<\/td><td class=\"column-6\">3.313\"<\/td><td class=\"column-7\">3\"<\/td><td class=\"column-8\">3\"<\/td><td class=\"column-9\">-<\/td><td class=\"column-10\">-<\/td><td class=\"column-11\">17.086\"<\/td><td class=\"column-12\">-<\/td><td class=\"column-13\">65200 ft-lbs<\/td>\n<\/tr>\n<tr class=\"row-3\">\n\t<td class=\"column-1\">16282001<\/td><td class=\"column-2\">Without Gear<\/td><td class=\"column-3\">Standard<\/td><td class=\"column-4\">20.375\"<\/td><td class=\"column-5\">12.25\"<\/td><td class=\"column-6\">4.5\"<\/td><td class=\"column-7\">4.185\"<\/td><td class=\"column-8\">4.185\"<\/td><td class=\"column-9\">-<\/td><td class=\"column-10\">-<\/td><td class=\"column-11\">-<\/td><td class=\"column-12\">-<\/td><td class=\"column-13\">102500 ft-lbs<\/td>\n<\/tr>\n<tr class=\"row-4\">\n\t<td class=\"column-1\">16283001<\/td><td class=\"column-2\">Without Gear<\/td><td class=\"column-3\">Standard<\/td><td class=\"column-4\">29.75\"<\/td><td class=\"column-5\">18.62\"<\/td><td class=\"column-6\">7\"<\/td><td class=\"column-7\">6.551\"<\/td><td class=\"column-8\">6.551\"<\/td><td class=\"column-9\">-<\/td><td class=\"column-10\">-<\/td><td class=\"column-11\">-<\/td><td class=\"column-12\">-<\/td><td class=\"column-13\">363100 ft-lbs<\/td>\n<\/tr>\n<tr class=\"row-5\">\n\t<td class=\"column-1\">16284001<\/td><td class=\"column-2\">Without Gear<\/td><td class=\"column-3\">Standard<\/td><td class=\"column-4\">41.417\"<\/td><td class=\"column-5\">30.236\"<\/td><td class=\"column-6\">7.48\"<\/td><td class=\"column-7\">6.89\"<\/td><td class=\"column-8\">6.89\"<\/td><td class=\"column-9\">-<\/td><td class=\"column-10\">-<\/td><td class=\"column-11\">-<\/td><td class=\"column-12\">-<\/td><td class=\"column-13\">734800 ft-lbs<\/td>\n<\/tr>\n<tr class=\"row-6\">\n\t<td class=\"column-1\">16264001<\/td><td class=\"column-2\">External Gear<\/td><td class=\"column-3\">Standard<\/td><td class=\"column-4\">50.016\"<\/td><td class=\"column-5\">38.504\"<\/td><td class=\"column-6\">5.512\"<\/td><td class=\"column-7\">4.567\"<\/td><td class=\"column-8\">4.567\"<\/td><td class=\"column-9\">-<\/td><td class=\"column-10\">-<\/td><td class=\"column-11\">48.425\"<\/td><td class=\"column-12\">-<\/td><td class=\"column-13\">970400 ft-lbs<\/td>\n<\/tr>\n<tr class=\"row-7\">\n\t<td class=\"column-1\">16265001<\/td><td class=\"column-2\">External Gear<\/td><td class=\"column-3\">Standard<\/td><td class=\"column-4\">56.24\"<\/td><td class=\"column-5\">41.37\"<\/td><td class=\"column-6\">7.125\"<\/td><td class=\"column-7\">6.688\"<\/td><td class=\"column-8\">6.688\"<\/td><td class=\"column-9\">-<\/td><td class=\"column-10\">-<\/td><td class=\"column-11\">54.675\"<\/td><td class=\"column-12\">-<\/td><td class=\"column-13\">2132100 ft-lbs<\/td>\n<\/tr>\n<tr class=\"row-8\">\n\t<td class=\"column-1\">16015001<\/td><td class=\"column-2\">Without Gear<\/td><td class=\"column-3\">Standard<\/td><td class=\"column-4\">56.25\"<\/td><td class=\"column-5\">43.75\"<\/td><td class=\"column-6\">6.75\"<\/td><td class=\"column-7\">6.38\"<\/td><td class=\"column-8\">6.38\"<\/td><td class=\"column-9\">-<\/td><td class=\"column-10\">-<\/td><td class=\"column-11\">-<\/td><td class=\"column-12\">-<\/td><td class=\"column-13\">2083600 ft-lbs<\/td>\n<\/tr>\n<tr class=\"row-9\">\n\t<td class=\"column-1\">16274001<\/td><td class=\"column-2\">Internal Gear<\/td><td class=\"column-3\">Standard<\/td><td class=\"column-4\">56.693\"<\/td><td class=\"column-5\">43.661\"<\/td><td class=\"column-6\">5.472\"<\/td><td class=\"column-7\">5.118\"<\/td><td class=\"column-8\">5.118\"<\/td><td class=\"column-9\">-<\/td><td class=\"column-10\">-<\/td><td class=\"column-11\">-<\/td><td class=\"column-12\">-<\/td><td class=\"column-13\">1225400 ft-lbs<\/td>\n<\/tr>\n<tr class=\"row-10\">\n\t<td class=\"column-1\">16275001<\/td><td class=\"column-2\">Internal Gear<\/td><td class=\"column-3\">Standard<\/td><td class=\"column-4\">66\"<\/td><td class=\"column-5\">47.6\"<\/td><td class=\"column-6\">8\"<\/td><td class=\"column-7\">7.625\"<\/td><td class=\"column-8\">7.625\"<\/td><td class=\"column-9\">-<\/td><td class=\"column-10\">-<\/td><td class=\"column-11\">-<\/td><td class=\"column-12\">-<\/td><td class=\"column-13\">3921100 ft-lbs<\/td>\n<\/tr>\n<tr class=\"row-11\">\n\t<td class=\"column-1\">16266001<\/td><td class=\"column-2\">External Gear<\/td><td class=\"column-3\">Standard<\/td><td class=\"column-4\">68.8\"<\/td><td class=\"column-5\">51.25\"<\/td><td class=\"column-6\">7.375\"<\/td><td class=\"column-7\">7\"<\/td><td class=\"column-8\">7\"<\/td><td class=\"column-9\">-<\/td><td class=\"column-10\">-<\/td><td class=\"column-11\">68.8\"<\/td><td class=\"column-12\">-<\/td><td class=\"column-13\">3470900 ft-lbs<\/td>\n<\/tr>\n<tr class=\"row-12\">\n\t<td class=\"column-1\">16276001<\/td><td class=\"column-2\">Internal Gear<\/td><td class=\"column-3\">Standard<\/td><td class=\"column-4\">70.5\"<\/td><td class=\"column-5\">50.2\"<\/td><td class=\"column-6\">8.625\"<\/td><td class=\"column-7\">8.312\"<\/td><td class=\"column-8\">8.312\"<\/td><td class=\"column-9\">-<\/td><td class=\"column-10\">-<\/td><td class=\"column-11\">-<\/td><td class=\"column-12\">-<\/td><td class=\"column-13\">4863400 ft-lbs<\/td>\n<\/tr>\n<tr class=\"row-13\">\n\t<td class=\"column-1\">16267001<\/td><td class=\"column-2\">External Gear<\/td><td class=\"column-3\">Standard<\/td><td class=\"column-4\">75.394\"<\/td><td class=\"column-5\">58.5\"<\/td><td class=\"column-6\">6.11\"<\/td><td class=\"column-7\">5.75\"<\/td><td class=\"column-8\">5.75\"<\/td><td class=\"column-9\">-<\/td><td class=\"column-10\">-<\/td><td class=\"column-11\">73.307\"<\/td><td class=\"column-12\">-<\/td><td class=\"column-13\">3335700 ft-lbs<\/td>\n<\/tr>\n<tr class=\"row-14\">\n\t<td class=\"column-1\">16285001<\/td><td class=\"column-2\">Without Gear<\/td><td class=\"column-3\">Standard<\/td><td class=\"column-4\">75.75\"<\/td><td class=\"column-5\">59.75\"<\/td><td class=\"column-6\">8.75\"<\/td><td class=\"column-7\">8.375\"<\/td><td class=\"column-8\">8.375\"<\/td><td class=\"column-9\">-<\/td><td class=\"column-10\">-<\/td><td class=\"column-11\">-<\/td><td class=\"column-12\">-<\/td><td class=\"column-13\">2934900 ft-lbs<\/td>\n<\/tr>\n<tr class=\"row-15\">\n\t<td class=\"column-1\">16277001<\/td><td class=\"column-2\">Internal Gear<\/td><td class=\"column-3\">Standard<\/td><td class=\"column-4\">81.89\"<\/td><td class=\"column-5\">65.248\"<\/td><td class=\"column-6\">5.591\"<\/td><td class=\"column-7\">5.197\"<\/td><td class=\"column-8\">5.197\"<\/td><td class=\"column-9\">-<\/td><td class=\"column-10\">-<\/td><td class=\"column-11\">-<\/td><td class=\"column-12\">-<\/td><td class=\"column-13\">2534900 ft-lbs<\/td>\n<\/tr>\n<tr class=\"row-16\">\n\t<td class=\"column-1\">16268001<\/td><td class=\"column-2\">External Gear<\/td><td class=\"column-3\">Standard<\/td><td class=\"column-4\">89.181\"<\/td><td class=\"column-5\">71.4\"<\/td><td class=\"column-6\">7.09\"<\/td><td class=\"column-7\">6.73\"<\/td><td class=\"column-8\">6.73\"<\/td><td class=\"column-9\">-<\/td><td class=\"column-10\">-<\/td><td class=\"column-11\">96.566\"<\/td><td class=\"column-12\">-<\/td><td class=\"column-13\">4793200 ft-lbs<\/td>\n<\/tr>\n<tr class=\"row-17\">\n\t<td class=\"column-1\">16278001<\/td><td class=\"column-2\">Internal Gear<\/td><td class=\"column-3\">Standard<\/td><td class=\"column-4\">94.173\"<\/td><td class=\"column-5\">77.008\"<\/td><td class=\"column-6\">7.126\"<\/td><td class=\"column-7\">6.732\"<\/td><td class=\"column-8\">6.732\"<\/td><td class=\"column-9\">-<\/td><td class=\"column-10\">-<\/td><td class=\"column-11\">-<\/td><td class=\"column-12\">-<\/td><td class=\"column-13\">3896200 ft-lbs<\/td>\n<\/tr>\n<tr class=\"row-18\">\n\t<td class=\"column-1\">16269001<\/td><td class=\"column-2\">External Gear<\/td><td class=\"column-3\">Standard<\/td><td class=\"column-4\">94.742\"<\/td><td class=\"column-5\">72.25\"<\/td><td class=\"column-6\">9.125\"<\/td><td class=\"column-7\">8.75\"<\/td><td class=\"column-8\">8.75\"<\/td><td class=\"column-9\">-<\/td><td class=\"column-10\">-<\/td><td class=\"column-11\">92.5\"<\/td><td class=\"column-12\">-<\/td><td class=\"column-13\">8669000 ft-lbs<\/td>\n<\/tr>\n<tr class=\"row-19\">\n\t<td class=\"column-1\">16270001<\/td><td class=\"column-2\">External Gear<\/td><td class=\"column-3\">Standard<\/td><td class=\"column-4\">102.992\"<\/td><td class=\"column-5\">84.134\"<\/td><td class=\"column-6\">7.205\"<\/td><td class=\"column-7\">6.654\"<\/td><td class=\"column-8\">6.654\"<\/td><td class=\"column-9\">-<\/td><td class=\"column-10\">-<\/td><td class=\"column-11\">99.331\"<\/td><td class=\"column-12\">-<\/td><td class=\"column-13\">3658500 ft-lbs<\/td>\n<\/tr>\n<tr class=\"row-20\">\n\t<td class=\"column-1\">16279001<\/td><td class=\"column-2\">Internal Gear<\/td><td class=\"column-3\">Standard<\/td><td class=\"column-4\">109.375\"<\/td><td class=\"column-5\">87.17\"<\/td><td class=\"column-6\">9.312\"<\/td><td class=\"column-7\">8\"<\/td><td class=\"column-8\">8\"<\/td><td class=\"column-9\">-<\/td><td class=\"column-10\">-<\/td><td class=\"column-11\">-<\/td><td class=\"column-12\">-<\/td><td class=\"column-13\">9075400 ft-lbs<\/td>\n<\/tr>\n<tr class=\"row-21\">\n\t<td class=\"column-1\">16280001<\/td><td class=\"column-2\">Internal Gear<\/td><td class=\"column-3\">Standard<\/td><td class=\"column-4\">121\"<\/td><td class=\"column-5\">98.4\"<\/td><td class=\"column-6\">8.75\"<\/td><td class=\"column-7\">8.438\"<\/td><td class=\"column-8\">8.438\"<\/td><td class=\"column-9\">-<\/td><td class=\"column-10\">-<\/td><td class=\"column-11\">-<\/td><td class=\"column-12\">-<\/td><td class=\"column-13\">8751800 ft-lbs<\/td>\n<\/tr>\n<tr class=\"row-22\">\n\t<td class=\"column-1\">16271001<\/td><td class=\"column-2\">External Gear<\/td><td class=\"column-3\">Standard<\/td><td class=\"column-4\">124.8\"<\/td><td class=\"column-5\">98.375\"<\/td><td class=\"column-6\">11.25\"<\/td><td class=\"column-7\">10.75\"<\/td><td class=\"column-8\">10.75\"<\/td><td class=\"column-9\">-<\/td><td class=\"column-10\">-<\/td><td class=\"column-11\">124.8\"<\/td><td class=\"column-12\">-<\/td><td class=\"column-13\">14639200 ft-lbs<\/td>\n<\/tr>\n<tr class=\"row-23\">\n\t<td class=\"column-1\">16286001<\/td><td class=\"column-2\">Without Gear<\/td><td class=\"column-3\">Standard<\/td><td class=\"column-4\">131\"<\/td><td class=\"column-5\">114\"<\/td><td class=\"column-6\">8\"<\/td><td class=\"column-7\">7.5\"<\/td><td class=\"column-8\">7.5\"<\/td><td class=\"column-9\">-<\/td><td class=\"column-10\">-<\/td><td class=\"column-11\">-<\/td><td class=\"column-12\">-<\/td><td class=\"column-13\">5666800 ft-lbs<\/td>\n<\/tr>\n<tr class=\"row-24\">\n\t<td class=\"column-1\">16281001<\/td><td class=\"column-2\">Internal Gear<\/td><td class=\"column-3\">Standard<\/td><td class=\"column-4\">141\"<\/td><td class=\"column-5\">114.941\"<\/td><td class=\"column-6\">11.18\"<\/td><td class=\"column-7\">10.43\"<\/td><td class=\"column-8\">10.43\"<\/td><td class=\"column-9\">-<\/td><td class=\"column-10\">-<\/td><td class=\"column-11\">-<\/td><td class=\"column-12\">-<\/td><td class=\"column-13\">12625000 ft-lbs<\/td>\n<\/tr>\n<tr class=\"row-25\">\n\t<td class=\"column-1\">16272001<\/td><td class=\"column-2\">External Gear<\/td><td class=\"column-3\">Standard<\/td><td class=\"column-4\">143.8\"<\/td><td class=\"column-5\">114\"<\/td><td class=\"column-6\">11.062\"<\/td><td class=\"column-7\">10.437\"<\/td><td class=\"column-8\">10.437\"<\/td><td class=\"column-9\">-<\/td><td class=\"column-10\">-<\/td><td class=\"column-11\">143.8\"<\/td><td class=\"column-12\">-<\/td><td class=\"column-13\">18293300 ft-lbs<\/td>\n<\/tr>\n<tr class=\"row-26\">\n\t<td class=\"column-1\">13004001<\/td><td class=\"column-2\">Without Gear<\/td><td class=\"column-3\">Standard<\/td><td class=\"column-4\">170\"<\/td><td class=\"column-5\">150\"<\/td><td class=\"column-6\">9.875\"<\/td><td class=\"column-7\">9.25\"<\/td><td class=\"column-8\">9.25\"<\/td><td class=\"column-9\">-<\/td><td class=\"column-10\">-<\/td><td class=\"column-11\">-<\/td><td class=\"column-12\">-<\/td><td class=\"column-13\">8098000 ft-lbs<\/td>\n<\/tr>\n<tr class=\"row-27\">\n\t<td class=\"column-1\">16273001<\/td><td class=\"column-2\">External Gear<\/td><td class=\"column-3\">Standard<\/td><td class=\"column-4\">180\"<\/td><td class=\"column-5\">150\"<\/td><td class=\"column-6\">10.625\"<\/td><td class=\"column-7\">10\"<\/td><td class=\"column-8\">10\"<\/td><td class=\"column-9\">-<\/td><td class=\"column-10\">-<\/td><td class=\"column-11\">175.25\"<\/td><td class=\"column-12\">-<\/td><td class=\"column-13\">18000000 ft-lbs<\/td>\n<\/tr>\n<\/tbody>\n<\/table>\n<!-- #tablepress-105 from cache -->\n<p>&nbsp;<\/p>\n","protected":false},"excerpt":{"rendered":"<p>Das Kaydon Acht-Punkt-Kontakt-Kugeldrehkranzlager ist so konzipiert, dass es sowohl radiale als auch axiale Lasten mit hoher Tragf\u00e4higkeit und Pr\u00e4zision aufnehmen kann. Sein Acht-Punkt-Kontaktsystem bietet verbesserte Stabilit\u00e4t, Haltbarkeit und reibungslose Rotation. Wird h\u00e4ufig in schweren Maschinen, Solar-Trackern, Windturbinen und in der Luft- und Raumfahrt eingesetzt.  <\/p>\n","protected":false},"featured_media":10714,"comment_status":"open","ping_status":"closed","template":"","meta":{"content-type":""},"product_cat":[368,354],"product_tag":[492],"class_list":{"0":"post-11547","1":"product","2":"type-product","3":"status-publish","4":"has-post-thumbnail","6":"product_cat-kaydon-slewing-bearing-de","7":"product_cat-oemodm-de","8":"product_tag-eight-point-contact-ball-slewing-ring-bearing-de","10":"first","11":"instock","12":"shipping-taxable","13":"product-type-simple"},"yoast_head":"<!-- This site is optimized with the Yoast SEO plugin v21.7 - https:\/\/yoast.com\/wordpress\/plugins\/seo\/ -->\n<title>ZZ Group<\/title>\n<meta name=\"description\" content=\"Acht-Punkt-Kontakt-Kugeldrehkranzlager Zweireihige Kugellager, einschlie\u00dflich: mit Innenverzahnung, mit Au\u00dfenverzahnung und mit Au\u00dfenverzahnung.\" \/>\n<meta name=\"robots\" content=\"index, follow, max-snippet:-1, max-image-preview:large, max-video-preview:-1\" \/>\n<link rel=\"canonical\" href=\"https:\/\/slewingbearings.com\/product\/kaydon-eight-point-contact-ball-slewing-ring-bearing\/\" \/>\n<meta property=\"og:locale\" content=\"de_DE\" \/>\n<meta property=\"og:type\" content=\"article\" \/>\n<meta property=\"og:description\" content=\"Acht-Punkt-Kontakt-Kugeldrehkranzlager Zweireihige Kugellager, einschlie\u00dflich: mit Innenverzahnung, mit Au\u00dfenverzahnung und mit Au\u00dfenverzahnung.\" \/>\n<meta property=\"og:url\" content=\"https:\/\/slewingbearings.com\/product\/kaydon-eight-point-contact-ball-slewing-ring-bearing\/\" \/>\n<meta property=\"og:site_name\" content=\"ZZ Group\" \/>\n<meta property=\"og:image\" content=\"https:\/\/slewingbearings.com\/wp-content\/uploads\/2025\/01\/KAYDON-Eight-Point-Contact-Ball-Slewing-Ring-Bearing.webp\" \/>\n\t<meta property=\"og:image:width\" content=\"541\" \/>\n\t<meta property=\"og:image:height\" content=\"461\" \/>\n\t<meta property=\"og:image:type\" content=\"image\/webp\" \/>\n<meta name=\"twitter:card\" content=\"summary_large_image\" \/>\n<meta name=\"twitter:label1\" content=\"Gesch\u00e4tzte Lesezeit\" \/>\n\t<meta name=\"twitter:data1\" content=\"1\u00a0Minute\" \/>\n<script type=\"application\/ld+json\" class=\"yoast-schema-graph\">{\"@context\":\"https:\/\/schema.org\",\"@graph\":[{\"@type\":\"WebPage\",\"@id\":\"https:\/\/slewingbearings.com\/product\/kaydon-eight-point-contact-ball-slewing-ring-bearing\/\",\"url\":\"https:\/\/slewingbearings.com\/product\/kaydon-eight-point-contact-ball-slewing-ring-bearing\/\",\"name\":\"\",\"isPartOf\":{\"@id\":\"https:\/\/slewingbearings.com\/#website\"},\"datePublished\":\"2025-01-21T07:35:04+00:00\",\"dateModified\":\"2025-01-21T07:35:04+00:00\",\"description\":\"Acht-Punkt-Kontakt-Kugeldrehkranzlager Zweireihige Kugellager, einschlie\u00dflich: mit Innenverzahnung, mit Au\u00dfenverzahnung und mit Au\u00dfenverzahnung.\",\"breadcrumb\":{\"@id\":\"https:\/\/slewingbearings.com\/product\/kaydon-eight-point-contact-ball-slewing-ring-bearing\/#breadcrumb\"},\"inLanguage\":\"de\",\"potentialAction\":[{\"@type\":\"ReadAction\",\"target\":[\"https:\/\/slewingbearings.com\/product\/kaydon-eight-point-contact-ball-slewing-ring-bearing\/\"]}]},{\"@type\":\"BreadcrumbList\",\"@id\":\"https:\/\/slewingbearings.com\/product\/kaydon-eight-point-contact-ball-slewing-ring-bearing\/#breadcrumb\",\"itemListElement\":[{\"@type\":\"ListItem\",\"position\":1,\"name\":\"Home\",\"item\":\"https:\/\/slewingbearings.com\/de\/grosswaelzlager-grosswaelzlagerantrieb\/\"},{\"@type\":\"ListItem\",\"position\":2,\"name\":\"Shop\",\"item\":\"https:\/\/slewingbearings.com\/shop\/\"},{\"@type\":\"ListItem\",\"position\":3,\"name\":\"KAYDON Acht-Punkt-Kontakt-Kugeldrehkranzlager\"}]},{\"@type\":\"WebSite\",\"@id\":\"https:\/\/slewingbearings.com\/#website\",\"url\":\"https:\/\/slewingbearings.com\/\",\"name\":\"ZZ Group\",\"description\":\"Leading Slewing Bearings in China\",\"potentialAction\":[{\"@type\":\"SearchAction\",\"target\":{\"@type\":\"EntryPoint\",\"urlTemplate\":\"https:\/\/slewingbearings.com\/?s={search_term_string}\"},\"query-input\":\"required name=search_term_string\"}],\"inLanguage\":\"de\"}]}<\/script>\n<!-- \/ Yoast SEO plugin. -->","yoast_head_json":{"title":"ZZ Group","description":"Acht-Punkt-Kontakt-Kugeldrehkranzlager Zweireihige Kugellager, einschlie\u00dflich: mit Innenverzahnung, mit Au\u00dfenverzahnung und mit Au\u00dfenverzahnung.","robots":{"index":"index","follow":"follow","max-snippet":"max-snippet:-1","max-image-preview":"max-image-preview:large","max-video-preview":"max-video-preview:-1"},"canonical":"https:\/\/slewingbearings.com\/product\/kaydon-eight-point-contact-ball-slewing-ring-bearing\/","og_locale":"de_DE","og_type":"article","og_description":"Acht-Punkt-Kontakt-Kugeldrehkranzlager Zweireihige Kugellager, einschlie\u00dflich: mit Innenverzahnung, mit Au\u00dfenverzahnung und mit Au\u00dfenverzahnung.","og_url":"https:\/\/slewingbearings.com\/product\/kaydon-eight-point-contact-ball-slewing-ring-bearing\/","og_site_name":"ZZ Group","og_image":[{"width":541,"height":461,"url":"https:\/\/slewingbearings.com\/wp-content\/uploads\/2025\/01\/KAYDON-Eight-Point-Contact-Ball-Slewing-Ring-Bearing.webp","type":"image\/webp"}],"twitter_card":"summary_large_image","twitter_misc":{"Gesch\u00e4tzte Lesezeit":"1\u00a0Minute"},"schema":{"@context":"https:\/\/schema.org","@graph":[{"@type":"WebPage","@id":"https:\/\/slewingbearings.com\/product\/kaydon-eight-point-contact-ball-slewing-ring-bearing\/","url":"https:\/\/slewingbearings.com\/product\/kaydon-eight-point-contact-ball-slewing-ring-bearing\/","name":"","isPartOf":{"@id":"https:\/\/slewingbearings.com\/#website"},"datePublished":"2025-01-21T07:35:04+00:00","dateModified":"2025-01-21T07:35:04+00:00","description":"Acht-Punkt-Kontakt-Kugeldrehkranzlager Zweireihige Kugellager, einschlie\u00dflich: mit Innenverzahnung, mit Au\u00dfenverzahnung und mit Au\u00dfenverzahnung.","breadcrumb":{"@id":"https:\/\/slewingbearings.com\/product\/kaydon-eight-point-contact-ball-slewing-ring-bearing\/#breadcrumb"},"inLanguage":"de","potentialAction":[{"@type":"ReadAction","target":["https:\/\/slewingbearings.com\/product\/kaydon-eight-point-contact-ball-slewing-ring-bearing\/"]}]},{"@type":"BreadcrumbList","@id":"https:\/\/slewingbearings.com\/product\/kaydon-eight-point-contact-ball-slewing-ring-bearing\/#breadcrumb","itemListElement":[{"@type":"ListItem","position":1,"name":"Home","item":"https:\/\/slewingbearings.com\/de\/grosswaelzlager-grosswaelzlagerantrieb\/"},{"@type":"ListItem","position":2,"name":"Shop","item":"https:\/\/slewingbearings.com\/shop\/"},{"@type":"ListItem","position":3,"name":"KAYDON Acht-Punkt-Kontakt-Kugeldrehkranzlager"}]},{"@type":"WebSite","@id":"https:\/\/slewingbearings.com\/#website","url":"https:\/\/slewingbearings.com\/","name":"ZZ Group","description":"Leading Slewing Bearings in China","potentialAction":[{"@type":"SearchAction","target":{"@type":"EntryPoint","urlTemplate":"https:\/\/slewingbearings.com\/?s={search_term_string}"},"query-input":"required name=search_term_string"}],"inLanguage":"de"}]}},"_links":{"self":[{"href":"https:\/\/slewingbearings.com\/de\/wp-json\/wp\/v2\/product\/11547","targetHints":{"allow":["GET"]}}],"collection":[{"href":"https:\/\/slewingbearings.com\/de\/wp-json\/wp\/v2\/product"}],"about":[{"href":"https:\/\/slewingbearings.com\/de\/wp-json\/wp\/v2\/types\/product"}],"replies":[{"embeddable":true,"href":"https:\/\/slewingbearings.com\/de\/wp-json\/wp\/v2\/comments?post=11547"}],"wp:featuredmedia":[{"embeddable":true,"href":"https:\/\/slewingbearings.com\/de\/wp-json\/wp\/v2\/media\/10714"}],"wp:attachment":[{"href":"https:\/\/slewingbearings.com\/de\/wp-json\/wp\/v2\/media?parent=11547"}],"wp:term":[{"taxonomy":"product_cat","embeddable":true,"href":"https:\/\/slewingbearings.com\/de\/wp-json\/wp\/v2\/product_cat?post=11547"},{"taxonomy":"product_tag","embeddable":true,"href":"https:\/\/slewingbearings.com\/de\/wp-json\/wp\/v2\/product_tag?post=11547"}],"curies":[{"name":"wp","href":"https:\/\/api.w.org\/{rel}","templated":true}]}}